{"id":93540,"date":"2026-03-04T20:14:28","date_gmt":"2026-03-04T23:14:28","guid":{"rendered":"https:\/\/www.ecommerceupdate.com.br\/produto\/aspectos-juridicos-do-e-commerce-2o-edicao\/"},"modified":"2026-04-14T18:49:12","modified_gmt":"2026-04-14T21:49:12","slug":"aspectos-juridicos-do-e-commerce-2o-edicao","status":"publish","type":"product","link":"https:\/\/www.ecommerceupdate.com.br\/pt\/produto\/aspectos-juridicos-do-e-commerce-2o-edicao\/","title":{"rendered":"Aspectos Jur\u00eddicos do E-commerce 2\u00ba edi\u00e7\u00e3o"},"content":{"rendered":"<div class=\"woocommerce-product-details\">\n<div id=\"aplus_feature_div\" class=\"celwidget\" data-feature-name=\"aplus\" data-csa-c-type=\"widget\" data-csa-c-content-id=\"aplus\" data-csa-c-slot-id=\"aplus_feature_div\" data-csa-c-asin=\"\" data-csa-c-is-in-initial-active-row=\"false\">\n<div id=\"aplus\" class=\"a-section a-spacing-large bucket\">\n<h3 class=\"\">Da editora<\/h3>\n<div lang=\"pt_BR\">\n<div class=\"aplus-v2 desktop celwidget\">\n<div class=\"celwidget aplus-module 3p-module-b aplus-standard\">\n<div class=\"aplus-module-wrapper aplus-3p-fixed-width\"> <img decoding=\"async\" alt=\"RT\" src=\"https:\/\/m.media-amazon.com\/images\/S\/aplus-media-library-service-media\/2e3910f4-c76a-4531-856f-1bd196e0f4c6.__CR58,0,1164,720_PT0_SX970_V1___.png\" \/> <\/div>\n<\/p>\n<\/div>\n<div class=\"celwidget aplus-module 3p-module-b aplus-standard\">\n<div class=\"aplus-module-wrapper aplus-3p-fixed-width\"> <img decoding=\"async\" alt=\"RT\" src=\"https:\/\/m.media-amazon.com\/images\/S\/aplus-media-library-service-media\/c5fc3e9f-3ba2-4354-8300-989bf32708ab.__CR58,0,1164,720_PT0_SX970_V1___.png\" \/> <\/div>\n<\/p>\n<\/div>\n<div class=\"celwidget aplus-module 3p-module-b aplus-standard\">\n<div class=\"aplus-module-wrapper aplus-3p-fixed-width\"> <img decoding=\"async\" alt=\"RT\" src=\"https:\/\/m.media-amazon.com\/images\/S\/aplus-media-library-service-media\/d20d4d5e-3ef5-48b1-a0c6-eaf6df0a2862.__CR58,0,1164,720_PT0_SX970_V1___.png\" \/> <\/div>\n<\/p>\n<\/div>\n<div class=\"celwidget aplus-module 3p-module-b aplus-standard\">\n<div class=\"aplus-module-wrapper aplus-3p-fixed-width\"> <img decoding=\"async\" alt=\"RT\" src=\"https:\/\/m.media-amazon.com\/images\/S\/aplus-media-library-service-media\/9af8c258-5aaa-4019-b318-ec15b48995d1.__CR58,0,1164,720_PT0_SX970_V1___.png\" \/> <\/div>\n<\/p>\n<\/div>\n<\/div>\n<\/div>\n<\/div>\n<\/div>\n<h3>Detalhes do produto<\/h3>\n<ul>\n<li>Editora : Revista dos Tribunais<\/li>\n<li>Data da publica\u00e7\u00e3o : 1 julho 2022<\/li>\n<li>Edi\u00e7\u00e3o : Edi\u00e7\u00e3o padr\u00e3o<\/li>\n<li>N\u00famero de p\u00e1ginas : 388 p\u00e1ginas<\/li>\n<li>ISBN-10 : 6556147443<\/li>\n<li>ISBN-13 : 978-6556147444<\/li>\n<li>Peso do produto : 480 g<\/li>\n<li>Dimens\u00f5es : 2 x 16 x 23 cm<\/li>\n<li>Ranking dos mais vendidos: N\u00ba 428.120 em Livros (Conhe\u00e7a o Top 100 na categoria Livros) N\u00ba 18.314 em Direito Profissional e T\u00e9cnico<\/li>\n<li>N\u00ba 18.314 em Direito Profissional e T\u00e9cnico<\/li>\n<li>Avalia\u00e7\u00f5es dos clientes: 5,0 5,0 de 5 estrelas (1)<\/li>\n<\/ul><\/div>","protected":false},"excerpt":{"rendered":"<p>A obra conta com a contribui\u00e7\u00e3o de 23 especialistas que abordam diferentes aspectos jur\u00eddicos do com\u00e9rcio eletr\u00f4nico por meio de artigos. Os temas foram estruturados de forma sistem\u00e1tica, partindo da evolu\u00e7\u00e3o hist\u00f3rica do com\u00e9rcio eletr\u00f4nico, passando pelo planejamento societ\u00e1rio e tribut\u00e1rio, desenvolvimento do site, nome de dom\u00ednio, marca, software, uso de imagem e exp\u00f5e de maneira aprofundada e atual o tratamento de dados pessoais, termos e condi\u00e7\u00f5es de uso do site, contrata\u00e7\u00e3o de meios de pagamento, aspectos concorrenciais e trabalhistas, contrata\u00e7\u00e3o de digital influencers, promo\u00e7\u00f5es comerciais, fraudes eletr\u00f4nicas, entre outros. O livro aborda tamb\u00e9m quest\u00f5es preventivas do com\u00e9rcio eletr\u00f4nico que envolvem o relacionamento com fornecedores e clientes \u2013 tanto no e-commerce pr\u00f3prio como nas plataformas compartilhadas \u2013 os marketplaces &#8211; e formas de resolu\u00e7\u00e3o de conflitos e preven\u00e7\u00e3o por meio do compliance. Na 2a edi\u00e7\u00e3o foram acrescentadas atualiza\u00e7\u00f5es legislativas sobre os diversos temas abordados, al\u00e9m da inclus\u00e3o de novos temas, como o uso da Intelig\u00eancia Artificial (e a sua rela\u00e7\u00e3o com a Prote\u00e7\u00e3o de Dados Pessoais), o uso de criptoativos e a tecnologia blockchain, entre outros. aborda temas atuais como a Prote\u00e7\u00e3o de Dados e o uso da Intelig\u00eancia Artificial, o novo sistema de pagamento PIX, a aplica\u00e7\u00e3o do Visual Law nos Termos e Condi\u00e7\u00f5es de Uso e Pol\u00edticas de Privacidade, contrata\u00e7\u00e3o de Digital Influencers, novas modalidades de fraudes eletr\u00f4nicas e avan\u00e7os legislativos relacionados ao tema. Todos os cap\u00edtulos contam com infogr\u00e1ficos e v\u00eddeos explicativos disponibilizados por meio do QR Code.<\/p>","protected":false},"featured_media":93540,"comment_status":"open","ping_status":"closed","template":"","meta":{"_aipt_faq_data":""},"product_cat":[1609,1595],"product_tag":[],"class_list":{"0":"post-93540","1":"product","2":"type-product","3":"status-publish","4":"has-post-thumbnail","6":"product_brand-por-ndia-andreotti-tchumantel-hackerott-autor","7":"product_cat-direito","8":"product_cat-livros","10":"first","11":"instock","12":"sale","13":"shipping-taxable","14":"purchasable","15":"product-type-simple"},"aioseo_notices":[],"_links":{"self":[{"href":"https:\/\/www.ecommerceupdate.com.br\/pt\/wp-json\/wp\/v2\/product\/93540","targetHints":{"allow":["GET"]}}],"collection":[{"href":"https:\/\/www.ecommerceupdate.com.br\/pt\/wp-json\/wp\/v2\/product"}],"about":[{"href":"https:\/\/www.ecommerceupdate.com.br\/pt\/wp-json\/wp\/v2\/types\/product"}],"replies":[{"embeddable":true,"href":"https:\/\/www.ecommerceupdate.com.br\/pt\/wp-json\/wp\/v2\/comments?post=93540"}],"wp:featuredmedia":[{"embeddable":true,"href":"https:\/\/www.ecommerceupdate.com.br\/pt\/wp-json\/wp\/v2\/product\/93540"}],"wp:attachment":[{"href":"https:\/\/www.ecommerceupdate.com.br\/pt\/wp-json\/wp\/v2\/media?parent=93540"}],"wp:term":[{"taxonomy":"product_cat","embeddable":true,"href":"https:\/\/www.ecommerceupdate.com.br\/pt\/wp-json\/wp\/v2\/product_cat?post=93540"},{"taxonomy":"product_tag","embeddable":true,"href":"https:\/\/www.ecommerceupdate.com.br\/pt\/wp-json\/wp\/v2\/product_tag?post=93540"}],"curies":[{"name":"wp","href":"https:\/\/api.w.org\/{rel}","templated":true}]}}