{"id":93565,"date":"2026-03-04T20:20:07","date_gmt":"2026-03-04T23:20:07","guid":{"rendered":"https:\/\/www.ecommerceupdate.com.br\/produto\/supevisao-de-e-commerce-desafios-e-solucoes-na-logistica-moderna\/"},"modified":"2026-03-13T15:36:54","modified_gmt":"2026-03-13T18:36:54","slug":"supevisao-de-e-commerce-desafios-e-solucoes-na-logistica-moderna","status":"publish","type":"product","link":"https:\/\/www.ecommerceupdate.com.br\/pt\/produto\/supevisao-de-e-commerce-desafios-e-solucoes-na-logistica-moderna\/","title":{"rendered":"Supevis\u00e3o de E-commerce: Desafios e Solu\u00e7\u00f5es na Log\u00edstica Moderna"},"content":{"rendered":"<div class=\"woocommerce-product-details\">\n<h3>Detalhes do produto<\/h3>\n<ul>\n<li>ASIN : B0CVMRG5DM<\/li>\n<li>Acessibilidade : Saiba mais<\/li>\n<li>Data da publica\u00e7\u00e3o : 13 fevereiro 2024<\/li>\n<li>Edi\u00e7\u00e3o : 1\u00aa<\/li>\n<li>Idioma : Portugu\u00eas<\/li>\n<li>Tamanho do arquivo : 4.8 MB<\/li>\n<li>Leitor de tela : Compat\u00edvel<\/li>\n<li>Configura\u00e7\u00e3o de fonte : Habilitado<\/li>\n<li>Dicas de vocabul\u00e1rio : N\u00e3o habilitado<\/li>\n<li>N\u00famero de p\u00e1ginas : 54 p\u00e1ginas<\/li>\n<li>Page Flip : Habilitado<\/li>\n<li>Ranking dos mais vendidos: N\u00ba 320.668 em Loja Kindle (Conhe\u00e7a o Top 100 na categoria Loja Kindle) N\u00ba 478 em Habilidades de Escrit\u00f3rio N\u00ba 1.005 em Motivacional N\u00ba 2.711 em Gest\u00e3o de Lideran\u00e7a<\/li>\n<li>N\u00ba 478 em Habilidades de Escrit\u00f3rio<\/li>\n<li>N\u00ba 1.005 em Motivacional<\/li>\n<li>N\u00ba 2.711 em Gest\u00e3o de Lideran\u00e7a<\/li>\n<li>Avalia\u00e7\u00f5es dos clientes: 3,9 3,9 de 5 estrelas (2)<\/li>\n<\/ul><\/div>","protected":false},"excerpt":{"rendered":"<p>&#8220;Navegue pelas Complexidades da Log\u00edstica no E-commerce com &#8216;Supervis\u00e3o de E-commerce: Desafios e Solu\u00e7\u00f5es na Log\u00edstica Moderna&#8217;.&#8221;Se voc\u00ea \u00e9 um supervisor de e-commerce, l\u00edder de log\u00edstica, ou algu\u00e9m imerso no universo din\u00e2mico do com\u00e9rcio online, este livro \u00e9 o seu guia essencial para enfrentar os desafios da log\u00edstica moderna. Explore estrat\u00e9gias pr\u00e1ticas, estudos de caso inspiradores e solu\u00e7\u00f5es inovadoras para otimizar suas opera\u00e7\u00f5es log\u00edsticas, desde a gest\u00e3o de estoque at\u00e9 a entrega final.Principais Destaques:<span class=\"a-text-bold\">Desmistificando Desafios Log\u00edsticos:<\/span><span> Descubra as nuances da log\u00edstica no e-commerce e como superar obst\u00e1culos comuns.<\/span>Desmistificando Desafios Log\u00edsticos: Descubra as nuances da log\u00edstica no e-commerce e como superar obst\u00e1culos comuns.<span class=\"a-text-bold\">Estrat\u00e9gias Adapt\u00e1veis para Pequenas e Grandes Empresas:<\/span><span> Encontre abordagens escal\u00e1veis para atender \u00e0s necessidades espec\u00edficas de diferentes empreendimentos.<\/span>Estrat\u00e9gias Adapt\u00e1veis para Pequenas e Grandes Empresas: Encontre abordagens escal\u00e1veis para atender \u00e0s necessidades espec\u00edficas de diferentes empreendimentos.<span class=\"a-text-bold\">Lideran\u00e7a Eficaz na Era Digital:<\/span><span> Desenvolva habilidades essenciais para liderar equipes de log\u00edstica em um ambiente digital e competitivo.<\/span>Lideran\u00e7a Eficaz na Era Digital: Desenvolva habilidades essenciais para liderar equipes de log\u00edstica em um ambiente digital e competitivo.<span class=\"a-text-bold\">Estudos de Caso Impactantes:<\/span><span> Explore experi\u00eancias bem-sucedidas de empresas, aprenda com suas estrat\u00e9gias e aplique insights valiosos em sua pr\u00f3pria jornada.<\/span>Estudos de Caso Impactantes: Explore experi\u00eancias bem-sucedidas de empresas, aprenda com suas estrat\u00e9gias e aplique insights valiosos em sua pr\u00f3pria jornada.Este livro oferece um mergulho na log\u00edstica do e-commerce, proporcionando ferramentas pr\u00e1ticas para supervisionar opera\u00e7\u00f5es eficientes, enfrentar desafios com confian\u00e7a e navegar com sucesso nas \u00e1guas turbulentas do com\u00e9rcio online. Esteja preparado para otimizar sua supervis\u00e3o de e-commerce e alcan\u00e7ar novos patamares de excel\u00eancia log\u00edstica. Adquira seu exemplar agora e aprimore suas habilidades na gest\u00e3o log\u00edstica moderna.<\/p>","protected":false},"featured_media":93565,"comment_status":"open","ping_status":"closed","template":"","meta":[],"product_cat":[1611,1621,1595],"product_tag":[],"class_list":{"0":"post-93565","1":"product","2":"type-product","3":"status-publish","4":"has-post-thumbnail","6":"product_brand-por-edevaldo-silva-autor-edevaldo-silva-autor-formato-ebook-kindle","7":"product_cat-administracao-negocios-e-economia","8":"product_cat-gestao-e-lideranca","9":"product_cat-livros","11":"first","12":"instock","13":"shipping-taxable","14":"purchasable","15":"product-type-simple"},"aioseo_notices":[],"_links":{"self":[{"href":"https:\/\/www.ecommerceupdate.com.br\/pt\/wp-json\/wp\/v2\/product\/93565","targetHints":{"allow":["GET"]}}],"collection":[{"href":"https:\/\/www.ecommerceupdate.com.br\/pt\/wp-json\/wp\/v2\/product"}],"about":[{"href":"https:\/\/www.ecommerceupdate.com.br\/pt\/wp-json\/wp\/v2\/types\/product"}],"replies":[{"embeddable":true,"href":"https:\/\/www.ecommerceupdate.com.br\/pt\/wp-json\/wp\/v2\/comments?post=93565"}],"wp:featuredmedia":[{"embeddable":true,"href":"https:\/\/www.ecommerceupdate.com.br\/pt\/wp-json\/wp\/v2\/product\/93565"}],"wp:attachment":[{"href":"https:\/\/www.ecommerceupdate.com.br\/pt\/wp-json\/wp\/v2\/media?parent=93565"}],"wp:term":[{"taxonomy":"product_cat","embeddable":true,"href":"https:\/\/www.ecommerceupdate.com.br\/pt\/wp-json\/wp\/v2\/product_cat?post=93565"},{"taxonomy":"product_tag","embeddable":true,"href":"https:\/\/www.ecommerceupdate.com.br\/pt\/wp-json\/wp\/v2\/product_tag?post=93565"}],"curies":[{"name":"wp","href":"https:\/\/api.w.org\/{rel}","templated":true}]}}