{"id":93569,"date":"2026-03-04T20:20:50","date_gmt":"2026-03-04T23:20:50","guid":{"rendered":"https:\/\/www.ecommerceupdate.com.br\/produto\/tiktok-para-e-commerce-como-transformar-conteudo-em-resultados-reais\/"},"modified":"2026-04-14T18:55:01","modified_gmt":"2026-04-14T21:55:01","slug":"tiktok-para-e-commerce-como-transformar-conteudo-em-resultados-reais","status":"publish","type":"product","link":"https:\/\/www.ecommerceupdate.com.br\/produto\/tiktok-para-e-commerce-como-transformar-conteudo-em-resultados-reais\/","title":{"rendered":"TikTok para E-Commerce: Como Transformar Conte\u00fado em Resultados Reais"},"content":{"rendered":"<div class=\"woocommerce-product-details\">\n<h3>Detalhes do produto<\/h3>\n<ul>\n<li>ASIN : B0FR9TTP7S<\/li>\n<li>Acessibilidade : Saiba mais<\/li>\n<li>Data da publica\u00e7\u00e3o : 15 setembro 2025<\/li>\n<li>Idioma : Portugu\u00eas<\/li>\n<li>Tamanho do arquivo : 199 KB<\/li>\n<li>Configura\u00e7\u00e3o de fonte : Habilitado<\/li>\n<li>Dicas de vocabul\u00e1rio : N\u00e3o habilitado<\/li>\n<li>N\u00famero de p\u00e1ginas : 64 p\u00e1ginas<\/li>\n<li>Page Flip : Habilitado<\/li>\n<li>Ranking dos mais vendidos: N\u00ba 170.401 em Loja Kindle (Conhe\u00e7a o Top 100 na categoria Loja Kindle) N\u00ba 6.259 em Neg\u00f3cios e economia<\/li>\n<li>N\u00ba 6.259 em Neg\u00f3cios e economia<\/li>\n<li>Avalia\u00e7\u00f5es dos clientes: 4,1 4,1 de 5 estrelas (5)<\/li>\n<\/ul><\/div>\n","protected":false},"excerpt":{"rendered":"<p>Um guia pr\u00e1tico para lojistas, criadores e marcas que querem escalar com a plataforma que mais converte em 2025.<\/p>\n","protected":false},"featured_media":93569,"comment_status":"open","ping_status":"closed","template":"","meta":{"_aipt_faq_data":""},"product_cat":[1611,1608,1607],"product_tag":[],"class_list":{"0":"post-93569","1":"product","2":"type-product","3":"status-publish","4":"has-post-thumbnail","6":"product_brand-por-diego-santana-autor-formato-ebook-kindle","7":"product_cat-administracao-negocios-e-economia","8":"product_cat-ebooks-kindle","9":"product_cat-loja-kindle","11":"first","12":"instock","13":"shipping-taxable","14":"purchasable","15":"product-type-simple"},"aioseo_notices":[],"_links":{"self":[{"href":"https:\/\/www.ecommerceupdate.com.br\/wp-json\/wp\/v2\/product\/93569","targetHints":{"allow":["GET"]}}],"collection":[{"href":"https:\/\/www.ecommerceupdate.com.br\/wp-json\/wp\/v2\/product"}],"about":[{"href":"https:\/\/www.ecommerceupdate.com.br\/wp-json\/wp\/v2\/types\/product"}],"replies":[{"embeddable":true,"href":"https:\/\/www.ecommerceupdate.com.br\/wp-json\/wp\/v2\/comments?post=93569"}],"wp:featuredmedia":[{"embeddable":true,"href":"https:\/\/www.ecommerceupdate.com.br\/wp-json\/wp\/v2\/product\/93569"}],"wp:attachment":[{"href":"https:\/\/www.ecommerceupdate.com.br\/wp-json\/wp\/v2\/media?parent=93569"}],"wp:term":[{"taxonomy":"product_cat","embeddable":true,"href":"https:\/\/www.ecommerceupdate.com.br\/wp-json\/wp\/v2\/product_cat?post=93569"},{"taxonomy":"product_tag","embeddable":true,"href":"https:\/\/www.ecommerceupdate.com.br\/wp-json\/wp\/v2\/product_tag?post=93569"}],"curies":[{"name":"wp","href":"https:\/\/api.w.org\/{rel}","templated":true}]}}