{"id":93578,"date":"2026-03-04T20:39:04","date_gmt":"2026-03-04T23:39:04","guid":{"rendered":"https:\/\/www.ecommerceupdate.com.br\/produto\/direito-tributario-digital-a-mentalidade-milionaria-fiscal-do-marketing-digital\/"},"modified":"2026-03-13T15:38:20","modified_gmt":"2026-03-13T18:38:20","slug":"direito-tributario-digital-a-mentalidade-milionaria-fiscal-do-marketing-digital","status":"publish","type":"product","link":"https:\/\/www.ecommerceupdate.com.br\/pt\/produto\/direito-tributario-digital-a-mentalidade-milionaria-fiscal-do-marketing-digital\/","title":{"rendered":"Direito Tribut\u00e1rio Digital: A mentalidade milion\u00e1ria fiscal do marketing digital"},"content":{"rendered":"<div class=\"woocommerce-product-details\">\n<h3>Detalhes do produto<\/h3>\n<ul>\n<li>Editora : LVM Editora<\/li>\n<li>Data da publica\u00e7\u00e3o : 15 outubro 2025<\/li>\n<li>Edi\u00e7\u00e3o : 1\u00aa<\/li>\n<li>Idioma : Portugu\u00eas<\/li>\n<li>N\u00famero de p\u00e1ginas : 256 p\u00e1ginas<\/li>\n<li>ISBN-10 : 6550522986<\/li>\n<li>ISBN-13 : 978-6550522988<\/li>\n<li>Peso do produto : 380 g<\/li>\n<li>Dimens\u00f5es : 16 x 1.5 x 23 cm<\/li>\n<li>Ranking dos mais vendidos: N\u00ba 159.307 em Livros (Conhe\u00e7a o Top 100 na categoria Livros) N\u00ba 206 em Tributarias Profissional e T\u00e9cnico N\u00ba 1.918 em Computa\u00e7\u00e3o, Inform\u00e1tica e M\u00eddias Digitais (Livros) N\u00ba 11.326 em Educa\u00e7\u00e3o, Refer\u00eancia e Did\u00e1ticos (Livros)<\/li>\n<li>N\u00ba 206 em Tributarias Profissional e T\u00e9cnico<\/li>\n<li>N\u00ba 1.918 em Computa\u00e7\u00e3o, Inform\u00e1tica e M\u00eddias Digitais (Livros)<\/li>\n<li>N\u00ba 11.326 em Educa\u00e7\u00e3o, Refer\u00eancia e Did\u00e1ticos (Livros)<\/li>\n<li>Avalia\u00e7\u00f5es dos clientes: 5,0 5,0 de 5 estrelas (32)<\/li>\n<\/ul><\/div>","protected":false},"excerpt":{"rendered":"<p>A economia mudou. O Direito Tribut\u00e1rio, n\u00e3o.Plataformas digitais geram bilh\u00f5es no Brasil sem sede, sem v\u00ednculo jur\u00eddico e sem pagar tributos compat\u00edveis com sua opera\u00e7\u00e3o. Enquanto isso, o contribuinte tradicional \u2015 vis\u00edvel, local e formalizado \u2015 continua arcando com a maior parte da carga tribut\u00e1ria.Este livro n\u00e3o prop\u00f5e ajustes. Prop\u00f5e ruptura.Com argumentos s\u00f3lidos, linguagem direta e vis\u00e3o estrat\u00e9gica, esta obra apresenta um novo marco interpretativo para a tributa\u00e7\u00e3o na era digital. Discute os limites do modelo cl\u00e1ssico, desmonta os mitos da dogm\u00e1tica tradicional, prop\u00f5e solu\u00e7\u00f5es normativas concretas e defende um novo Direito Tribut\u00e1rio: funcional, inteligente, digital e conectado com a gera\u00e7\u00e3o real de valor.N\u00e3o se trata de um convite \u00e0 reflex\u00e3o. Trata-se de uma convoca\u00e7\u00e3o \u00e0 reconstru\u00e7\u00e3o.&#8221;O s\u00e9culo XXI n\u00e3o pede uma atualiza\u00e7\u00e3o do Direito Tribut\u00e1rio. Pede outro Direito, um Direito Digital, um verdadeiro Direito Tribut\u00e1rio Digital.&#8221; (Dr. Faustino J\u00fanior)<\/p>","protected":false},"featured_media":93578,"comment_status":"open","ping_status":"closed","template":"","meta":[],"product_cat":[1609,1645,1595],"product_tag":[],"class_list":{"0":"post-93578","1":"product","2":"type-product","3":"status-publish","4":"has-post-thumbnail","6":"product_brand-por-faustino-jnior-autor","7":"product_cat-direito","8":"product_cat-direito-tributario","9":"product_cat-livros","11":"first","12":"instock","13":"sale","14":"shipping-taxable","15":"purchasable","16":"product-type-simple"},"aioseo_notices":[],"_links":{"self":[{"href":"https:\/\/www.ecommerceupdate.com.br\/pt\/wp-json\/wp\/v2\/product\/93578","targetHints":{"allow":["GET"]}}],"collection":[{"href":"https:\/\/www.ecommerceupdate.com.br\/pt\/wp-json\/wp\/v2\/product"}],"about":[{"href":"https:\/\/www.ecommerceupdate.com.br\/pt\/wp-json\/wp\/v2\/types\/product"}],"replies":[{"embeddable":true,"href":"https:\/\/www.ecommerceupdate.com.br\/pt\/wp-json\/wp\/v2\/comments?post=93578"}],"wp:featuredmedia":[{"embeddable":true,"href":"https:\/\/www.ecommerceupdate.com.br\/pt\/wp-json\/wp\/v2\/product\/93578"}],"wp:attachment":[{"href":"https:\/\/www.ecommerceupdate.com.br\/pt\/wp-json\/wp\/v2\/media?parent=93578"}],"wp:term":[{"taxonomy":"product_cat","embeddable":true,"href":"https:\/\/www.ecommerceupdate.com.br\/pt\/wp-json\/wp\/v2\/product_cat?post=93578"},{"taxonomy":"product_tag","embeddable":true,"href":"https:\/\/www.ecommerceupdate.com.br\/pt\/wp-json\/wp\/v2\/product_tag?post=93578"}],"curies":[{"name":"wp","href":"https:\/\/api.w.org\/{rel}","templated":true}]}}