{"id":93660,"date":"2026-03-05T14:04:21","date_gmt":"2026-03-05T17:04:21","guid":{"rendered":"https:\/\/www.ecommerceupdate.com.br\/produto\/primeiros-passos-para-vender-e-faturar-muito-no-mercado-livre-saiba-como-comecar-a-vender-no-mercado-livro-serie-1\/"},"modified":"2026-03-13T15:42:04","modified_gmt":"2026-03-13T18:42:04","slug":"primeiros-passos-para-vender-e-faturar-muito-no-mercado-livre-saiba-como-comecar-a-vender-no-mercado-livro-serie-1","status":"publish","type":"product","link":"https:\/\/www.ecommerceupdate.com.br\/pt\/produto\/primeiros-passos-para-vender-e-faturar-muito-no-mercado-livre-saiba-como-comecar-a-vender-no-mercado-livro-serie-1\/","title":{"rendered":"Primeiros passos para vender e faturar muito no Mercado Livre: Saiba como come\u00e7ar a vender no Mercado Livro (S\u00e9rie 1)"},"content":{"rendered":"<div class=\"woocommerce-product-details\">\n<h3>Detalhes do produto<\/h3>\n<ul>\n<li>ASIN : B07YLWSCK3<\/li>\n<li>Acessibilidade : Saiba mais<\/li>\n<li>Data da publica\u00e7\u00e3o : 30 setembro 2019<\/li>\n<li>Edi\u00e7\u00e3o : 1\u00aa<\/li>\n<li>Idioma : Portugu\u00eas<\/li>\n<li>Tamanho do arquivo : 1.4 MB<\/li>\n<li>Leitor de tela : Compat\u00edvel<\/li>\n<li>Configura\u00e7\u00e3o de fonte : Habilitado<\/li>\n<li>Dicas de vocabul\u00e1rio : N\u00e3o habilitado<\/li>\n<li>N\u00famero de p\u00e1ginas : 23 p\u00e1ginas<\/li>\n<li>Page Flip : Habilitado<\/li>\n<li>N\u00edvel escolar : 6 &#8211; 12<\/li>\n<li>Idade de leitura : 16 &#8211; 18 anos<\/li>\n<li>Ranking dos mais vendidos: N\u00ba 48.301 em Loja Kindle (Conhe\u00e7a o Top 100 na categoria Loja Kindle) N\u00ba 29 em Com\u00e9rcio on-line N\u00ba 1.605 em Neg\u00f3cios e economia<\/li>\n<li>N\u00ba 29 em Com\u00e9rcio on-line<\/li>\n<li>N\u00ba 1.605 em Neg\u00f3cios e economia<\/li>\n<li>Avalia\u00e7\u00f5es dos clientes: 3,9 3,9 de 5 estrelas (12)<\/li>\n<\/ul><\/div>","protected":false},"excerpt":{"rendered":"<p>Os Marketplaces surgiram da necessidade de se ter uma esp\u00e9cie de shopping center virtual, onde as pessoas pudessem vender seus produtos pelo custo de uma comiss\u00e3o. <\/p>\n<p>Apesar de j\u00e1 terem surgido milhares, o Mercado Livre \u00e9, hoje, um dos maiores da Am\u00e9rica Latina. Isso porque tem a grande vantagem de ser 100% gratuito e somente cobrar a comiss\u00e3o do vendedor ap\u00f3s a venda.<\/p>","protected":false},"featured_media":0,"comment_status":"open","ping_status":"closed","template":"","meta":[],"product_cat":[1611,1613,1595],"product_tag":[],"class_list":{"0":"post-93660","1":"product","2":"type-product","3":"status-publish","5":"product_brand-por-alexandre-nogueira-autor-formato-ebook-kindle","6":"product_cat-administracao-negocios-e-economia","7":"product_cat-industrias-e-profissoes","8":"product_cat-livros","10":"first","11":"instock","12":"shipping-taxable","13":"purchasable","14":"product-type-simple"},"aioseo_notices":[],"_links":{"self":[{"href":"https:\/\/www.ecommerceupdate.com.br\/pt\/wp-json\/wp\/v2\/product\/93660","targetHints":{"allow":["GET"]}}],"collection":[{"href":"https:\/\/www.ecommerceupdate.com.br\/pt\/wp-json\/wp\/v2\/product"}],"about":[{"href":"https:\/\/www.ecommerceupdate.com.br\/pt\/wp-json\/wp\/v2\/types\/product"}],"replies":[{"embeddable":true,"href":"https:\/\/www.ecommerceupdate.com.br\/pt\/wp-json\/wp\/v2\/comments?post=93660"}],"wp:attachment":[{"href":"https:\/\/www.ecommerceupdate.com.br\/pt\/wp-json\/wp\/v2\/media?parent=93660"}],"wp:term":[{"taxonomy":"product_cat","embeddable":true,"href":"https:\/\/www.ecommerceupdate.com.br\/pt\/wp-json\/wp\/v2\/product_cat?post=93660"},{"taxonomy":"product_tag","embeddable":true,"href":"https:\/\/www.ecommerceupdate.com.br\/pt\/wp-json\/wp\/v2\/product_tag?post=93660"}],"curies":[{"name":"wp","href":"https:\/\/api.w.org\/{rel}","templated":true}]}}