{"id":93669,"date":"2026-03-05T14:06:27","date_gmt":"2026-03-05T17:06:27","guid":{"rendered":"https:\/\/www.ecommerceupdate.com.br\/produto\/de-zero-a-1-milhao-no-mercado-livre\/"},"modified":"2026-03-13T15:43:17","modified_gmt":"2026-03-13T18:43:17","slug":"de-zero-a-1-milhao-no-mercado-livre","status":"publish","type":"product","link":"https:\/\/www.ecommerceupdate.com.br\/pt\/produto\/de-zero-a-1-milhao-no-mercado-livre\/","title":{"rendered":"De Zero a 1 Milh\u00e3o no Mercado Livre"},"content":{"rendered":"<div class=\"woocommerce-product-details\">\n<h3>Detalhes do produto<\/h3>\n<ul>\n<li>ASIN : B0FP5QCW2Z<\/li>\n<li>Acessibilidade : Saiba mais<\/li>\n<li>Data da publica\u00e7\u00e3o : 28 agosto 2025<\/li>\n<li>Edi\u00e7\u00e3o : 1\u00aa<\/li>\n<li>Idioma : Portugu\u00eas<\/li>\n<li>Tamanho do arquivo : 2.6 MB<\/li>\n<li>Configura\u00e7\u00e3o de fonte : N\u00e3o habilitado<\/li>\n<li>Dicas de vocabul\u00e1rio : N\u00e3o habilitado<\/li>\n<li>Formato : Print Replica<\/li>\n<li>Page Flip : N\u00e3o habilitado<\/li>\n<li>Idade de leitura : 16 &#8211; 18 anos<\/li>\n<li>Ranking dos mais vendidos: N\u00ba 342.074 em Loja Kindle (Conhe\u00e7a o Top 100 na categoria Loja Kindle) N\u00ba 189 em Abrindo um Neg\u00f3cio N\u00ba 307 em Pequenas Empresas N\u00ba 1.339 em Empreendimento<\/li>\n<li>N\u00ba 189 em Abrindo um Neg\u00f3cio<\/li>\n<li>N\u00ba 307 em Pequenas Empresas<\/li>\n<li>N\u00ba 1.339 em Empreendimento<\/li>\n<\/ul><\/div>","protected":false},"excerpt":{"rendered":"<p>\ud83d\udce6 De Zero a 1 Milh\u00e3o no Mercado Livre<br \/>Transforme suas ideias em vendas milion\u00e1rias!<\/p>\n<p>Este guia revela o passo a passo para escolher produtos campe\u00f5es, criar an\u00fancios irresist\u00edveis e escalar suas vendas at\u00e9 ultrapassar R$ 1 milh\u00e3o no Mercado Livre.<\/p>\n<p>Descubra os nichos promissores de 2025, evite os erros que quebram 80% dos vendedores e tenha acesso a checklists, planilhas exclusivas e estrat\u00e9gias pr\u00e1ticas para aplicar hoje mesmo.<\/p>\n<p>\ud83d\ude80 O Mercado Livre \u00e9 a porta de entrada para o sucesso no e-commerce. Com este livro, voc\u00ea ter\u00e1 o mapa para se tornar um vendedor milion\u00e1rio.<\/p>","protected":false},"featured_media":93669,"comment_status":"open","ping_status":"closed","template":"","meta":[],"product_cat":[1611,1629,1595],"product_tag":[],"class_list":{"0":"post-93669","1":"product","2":"type-product","3":"status-publish","4":"has-post-thumbnail","6":"product_brand-por-fernando-campos-autor-formato-ebook-kindle","7":"product_cat-administracao-negocios-e-economia","8":"product_cat-desenvolvimento-de-negocios-e-empreendedorismo","9":"product_cat-livros","11":"first","12":"instock","13":"shipping-taxable","14":"purchasable","15":"product-type-simple"},"aioseo_notices":[],"_links":{"self":[{"href":"https:\/\/www.ecommerceupdate.com.br\/pt\/wp-json\/wp\/v2\/product\/93669","targetHints":{"allow":["GET"]}}],"collection":[{"href":"https:\/\/www.ecommerceupdate.com.br\/pt\/wp-json\/wp\/v2\/product"}],"about":[{"href":"https:\/\/www.ecommerceupdate.com.br\/pt\/wp-json\/wp\/v2\/types\/product"}],"replies":[{"embeddable":true,"href":"https:\/\/www.ecommerceupdate.com.br\/pt\/wp-json\/wp\/v2\/comments?post=93669"}],"wp:featuredmedia":[{"embeddable":true,"href":"https:\/\/www.ecommerceupdate.com.br\/pt\/wp-json\/wp\/v2\/product\/93669"}],"wp:attachment":[{"href":"https:\/\/www.ecommerceupdate.com.br\/pt\/wp-json\/wp\/v2\/media?parent=93669"}],"wp:term":[{"taxonomy":"product_cat","embeddable":true,"href":"https:\/\/www.ecommerceupdate.com.br\/pt\/wp-json\/wp\/v2\/product_cat?post=93669"},{"taxonomy":"product_tag","embeddable":true,"href":"https:\/\/www.ecommerceupdate.com.br\/pt\/wp-json\/wp\/v2\/product_tag?post=93669"}],"curies":[{"name":"wp","href":"https:\/\/api.w.org\/{rel}","templated":true}]}}