{"id":93674,"date":"2026-03-05T14:07:10","date_gmt":"2026-03-05T17:07:10","guid":{"rendered":"https:\/\/www.ecommerceupdate.com.br\/produto\/como-vender-no-mercado-livre\/"},"modified":"2026-03-13T15:44:06","modified_gmt":"2026-03-13T18:44:06","slug":"como-vender-no-mercado-livre","status":"publish","type":"product","link":"https:\/\/www.ecommerceupdate.com.br\/pt\/produto\/como-vender-no-mercado-livre\/","title":{"rendered":"COMO VENDER NO MERCADO LIVRE ?"},"content":{"rendered":"<div class=\"woocommerce-product-details\">\n<h3>Detalhes do produto<\/h3>\n<ul>\n<li>ASIN : B0CW1MKNV2<\/li>\n<li>Acessibilidade : Saiba mais<\/li>\n<li>Data da publica\u00e7\u00e3o : 25 abril 2024<\/li>\n<li>Idioma : Portugu\u00eas<\/li>\n<li>Tamanho do arquivo : 12.8 MB<\/li>\n<li>Leitor de tela : Compat\u00edvel<\/li>\n<li>Configura\u00e7\u00e3o de fonte : Habilitado<\/li>\n<li>Dicas de vocabul\u00e1rio : N\u00e3o habilitado<\/li>\n<li>N\u00famero de p\u00e1ginas : 231 p\u00e1ginas<\/li>\n<li>Page Flip : Habilitado<\/li>\n<li>Ranking dos mais vendidos: N\u00ba 348.564 em Loja Kindle (Conhe\u00e7a o Top 100 na categoria Loja Kindle) N\u00ba 343.210 em eBooks Kindle<\/li>\n<li>N\u00ba 343.210 em eBooks Kindle<\/li>\n<\/ul><\/div>","protected":false},"excerpt":{"rendered":"<p>Um ebook completo com todas as dicas de como iniciar suas primeiras vendas no Mercado Livre, o maior marketplace da Am\u00e9rica Latina.Nosso livro cont\u00e9m:Mercado Livre \u2013 Hist\u00f3ria, conceitos e plano de neg\u00f3cios do Mercado LivreComo iniciar as minhas vendas no Mercado LivreMarketing Digital no Mercado LivreComo administrar a minha conta no Mercado LivreComo anunciar no Mercado LivreDesenvolvimento de reputa\u00e7\u00e3o no Mercado LivrePrograma de Melhores Vendedores Mercado Livre \u2013 MercadoL\u00edderesCLIPS &#8211; Plataforma de V\u00eddeos Curtos do Mercado LivreCanais de comunica\u00e7\u00e3o com o Mercado LivreMercado Livre ClassificadosMercado Pago &#8211; Gest\u00e3o financeiraMercado Cr\u00e9ditoMercado Ads &#8211; Publicidade no Mercado Livre (Product Ads)Mercado Shops \u2013 Loja Virtual com a tecnologia do Mercado LivreMercado Envios \u2013 Gest\u00e3o log\u00edstica no Mercado LivreMercado Livre Developers &#8211; Desenvolva solu\u00e7\u00f5es para milhares de vendedoresMercado Livre AppStore &#8211; Aplicativos que escalam seu neg\u00f3cio no Mercado LivreMercado Livre &#8211; Emissor de Notas Fiscais Eletr\u00f4nicas do Mercado Livre<\/p>","protected":false},"featured_media":93674,"comment_status":"open","ping_status":"closed","template":"","meta":[],"product_cat":[1608,1607],"product_tag":[],"class_list":{"0":"post-93674","1":"product","2":"type-product","3":"status-publish","4":"has-post-thumbnail","6":"product_brand-por-andr-santos-autor-formato-ebook-kindle","7":"product_cat-ebooks-kindle","8":"product_cat-loja-kindle","10":"first","11":"instock","12":"shipping-taxable","13":"purchasable","14":"product-type-simple"},"aioseo_notices":[],"_links":{"self":[{"href":"https:\/\/www.ecommerceupdate.com.br\/pt\/wp-json\/wp\/v2\/product\/93674","targetHints":{"allow":["GET"]}}],"collection":[{"href":"https:\/\/www.ecommerceupdate.com.br\/pt\/wp-json\/wp\/v2\/product"}],"about":[{"href":"https:\/\/www.ecommerceupdate.com.br\/pt\/wp-json\/wp\/v2\/types\/product"}],"replies":[{"embeddable":true,"href":"https:\/\/www.ecommerceupdate.com.br\/pt\/wp-json\/wp\/v2\/comments?post=93674"}],"wp:featuredmedia":[{"embeddable":true,"href":"https:\/\/www.ecommerceupdate.com.br\/pt\/wp-json\/wp\/v2\/product\/93674"}],"wp:attachment":[{"href":"https:\/\/www.ecommerceupdate.com.br\/pt\/wp-json\/wp\/v2\/media?parent=93674"}],"wp:term":[{"taxonomy":"product_cat","embeddable":true,"href":"https:\/\/www.ecommerceupdate.com.br\/pt\/wp-json\/wp\/v2\/product_cat?post=93674"},{"taxonomy":"product_tag","embeddable":true,"href":"https:\/\/www.ecommerceupdate.com.br\/pt\/wp-json\/wp\/v2\/product_tag?post=93674"}],"curies":[{"name":"wp","href":"https:\/\/api.w.org\/{rel}","templated":true}]}}