{"id":93852,"date":"2026-03-05T21:52:23","date_gmt":"2026-03-06T00:52:23","guid":{"rendered":"https:\/\/www.ecommerceupdate.com.br\/produto\/inteligencia-artificial-no-varejo\/"},"modified":"2026-03-13T15:45:51","modified_gmt":"2026-03-13T18:45:51","slug":"inteligencia-artificial-no-varejo","status":"publish","type":"product","link":"https:\/\/www.ecommerceupdate.com.br\/pt\/produto\/inteligencia-artificial-no-varejo\/","title":{"rendered":"Intelig\u00eancia Artificial no Varejo"},"content":{"rendered":"<div class=\"woocommerce-product-details\">\n<div id=\"aplus_feature_div\" class=\"celwidget\" data-feature-name=\"aplus\" data-csa-c-type=\"widget\" data-csa-c-content-id=\"aplus\" data-csa-c-slot-id=\"aplus_feature_div\" data-csa-c-asin=\"\" data-csa-c-is-in-initial-active-row=\"false\">\n<div id=\"aplus\" class=\"a-section a-spacing-large bucket\">\n<h3 class=\"\">Da editora<\/h3>\n<div lang=\"pt_BR\">\n<div class=\"aplus-v2 desktop celwidget\">\n<div class=\"celwidget aplus-module module-11 aplus-standard\">\n<div class=\"aplus-module-wrapper apm-spacing apm-floatnone apm-fixed-width\">\n<div class=\"apm-sidemodule aplus-module-content\">\n<div class=\"apm-hero-image\"> <img decoding=\"async\" alt=\"XGDRG\" src=\"https:\/\/m.media-amazon.com\/images\/S\/aplus-media-library-service-media\/081a47f9-e2f0-488b-b95a-092c08b657f5.__CR0,6,3074,951_PT0_SX970_V1___.png\" \/> <\/div>\n<\/p>\n<\/div>\n<\/div>\n<\/div>\n<div class=\"celwidget aplus-module module-2 aplus-standard\">\n<div class=\"aplus-module-wrapper apm-floatnone apm-fixed-width\">\n<div class=\"apm-sidemodule apm-spacing\">\n<div class=\"apm-sidemodule-imageleft\"> <img decoding=\"async\" alt=\"TRHT\" src=\"https:\/\/m.media-amazon.com\/images\/S\/aplus-media-library-service-media\/428832d2-17ea-448b-a1a4-de491100e331.__CR0,0,390,390_PT0_SX300_V1___.png\" \/> <\/div>\n<div class=\"apm-sidemodule-textright\">\n<h3 class=\"a-spacing-mini\"> Intelig\u00eancia artificial no varejo <\/h3>\n<p> Em \u201cIntelig\u00eancia artificial no varejo\u201d, Eduardo Terra proporciona uma an\u00e1lise profunda das transforma\u00e7\u00f5es que a Intelig\u00eancia Artificial (IA) est\u00e1 instigando no cen\u00e1rio do varejo contempor\u00e2neo. Desde log\u00edstica at\u00e9 atendimento ao cliente, o autor explora como a IA est\u00e1 remodelando opera\u00e7\u00f5es, personalizando experi\u00eancias e impulsionando a efici\u00eancia em todas as facetas do setor. <\/p>\n<p> Com foco nas tecnologias de IA, o livro apresenta um panorama completo das aplica\u00e7\u00f5es pr\u00e1ticas dessas ferramentas, demonstrando como elas est\u00e3o sendo empregadas para otimizar processos-chave e aumentar a seguran\u00e7a. <\/p>\n<\/p>\n<\/div>\n<\/div>\n<\/div>\n<\/div>\n<div class=\"celwidget aplus-module module-9 aplus-standard\">\n<div class=\"aplus-module-wrapper apm-fixed-width apm-spacing\">\n<div class=\"apm-flex\">\n<div class=\"apm-flex-item-third-width\">\n<p class=\"apm-text-center\"> <img decoding=\"async\" alt=\"FHRTH\" src=\"https:\/\/m.media-amazon.com\/images\/S\/aplus-media-library-service-media\/19dbf0d7-60fa-4851-b265-fb58967b2e53.__CR0,0,1076,1076_PT0_SX300_V1___.png\" \/> <\/p>\n<p> mundo inteiro convive com um problema \u2013 e n\u00e3o \u00e9 de hoje. De um lado, existe uma demanda cada vez maior por profissionais qualificados. De outro, o sistema educacional prepara os alunos com base em atividades que tinham demanda no passado. Provavelmente, voc\u00ea presenciou essa situa\u00e7\u00e3o durante a escola e a faculdade, como um profissional j\u00fanior e, mais tarde, como gestor de empresas: o mercado demanda qualifica\u00e7\u00f5es que a academia n\u00e3o consegue oferecer simplesmente porque ela n\u00e3o foi preparada para isso. <\/p>\n<\/p>\n<\/div>\n<div class=\"apm-flex-item-third-width\">\n<p class=\"apm-text-center\"> <img decoding=\"async\" alt=\"SEGR\" src=\"https:\/\/m.media-amazon.com\/images\/S\/aplus-media-library-service-media\/d153700d-2edb-40ce-9a94-dad524a830de.__CR0,0,1076,1076_PT0_SX300_V1___.png\" \/> <\/p>\n<p> Artificial ocupa espa\u00e7o nas mentes e sonhos da Humanidade desde a Gr\u00e9cia Antiga, embora as tecnologias necess\u00e1rias para sua viabilidade venham evoluindo somente nos \u00faltimos 60 anos. Ainda assim, a evolu\u00e7\u00e3o n\u00e3o tem sido linear: as expectativas iniciais foram frustradas, depois reposicionadas, novos campos de atua\u00e7\u00e3o foram desenvolvidos e, aos poucos, um imenso mosaico foi sendo formado para viabilizar as aplica\u00e7\u00f5es de IA <\/p>\n<\/p>\n<\/div>\n<div class=\"apm-flex-item-third-width\">\n<p class=\"apm-text-center\"> <img decoding=\"async\" alt=\"sgdf\" src=\"https:\/\/m.media-amazon.com\/images\/S\/aplus-media-library-service-media\/b92d2433-fee6-4463-a63d-b0f2fa47968a.__CR0,0,1076,1076_PT0_SX300_V1___.png\" \/> <\/p>\n<p> O varejo dos anos 2020 \u00e9 muito diferente das d\u00e9cadas anteriores \u2013 a digitaliza\u00e7\u00e3o do setor, que j\u00e1 vinha avan\u00e7ando em diversos segmentos, foi definitivamente impulsionada pela pandemia, que for\u00e7ou in\u00fameras empresas a adotar ferramentas e processos que eram impens\u00e1veis apenas meses antes. Hoje, podemos dizer, sem medo de errar, que os consumidores n\u00e3o precisam ir \u00e0s lojas \u2013 eles s\u00f3 ir\u00e3o se o ponto de venda oferecer o que eles precisam. E o que eles precisam n\u00e3o \u00e9 de mais produtos. Al\u00e9m disso, temos um consumidor muito mais pr\u00f3ximo e conhecedor dos canais digitais do varejo. A discuss\u00e3o de como deve ser a loja f\u00edsica no p\u00f3s-pandemia \u00e9 extensa, mas podemos apontar alguns aspectos essenciais dessa jornada. <\/p>\n<\/p>\n<\/div>\n<\/div>\n<\/div>\n<\/div>\n<div class=\"celwidget aplus-module module-2 aplus-standard\">\n<div class=\"aplus-module-wrapper apm-floatnone apm-fixed-width\">\n<div class=\"apm-sidemodule apm-spacing\">\n<div class=\"apm-sidemodule-imageleft\"> <img decoding=\"async\" alt=\"EFR\" src=\"https:\/\/m.media-amazon.com\/images\/S\/aplus-media-library-service-media\/8e4e5ce8-bd26-4e6f-9839-e7c177fbd7a3.__CR0,7,551,551_PT0_SX300_V1___.png\" \/> <\/div>\n<div class=\"apm-sidemodule-textright\">\n<h3 class=\"a-spacing-mini\"> Eduardo Terra <\/h3>\n<p> \u00c9 presidente da Sociedade Brasileira de Varejo e Consumo (SBVC) e membro do Conselho de Administra\u00e7\u00e3o de diversas empresas de varejo e servi\u00e7os. \u00c9 S\u00f3cio da BTR-Varese e da HiPartners Venture Capital. Atua como professor de cursos de P\u00f3s-Gradua\u00e7\u00e3o e MBA, realiza palestras em eventos nacionais e internacionais de varejo e \u00e9 autor de diversos livros e artigos sobre varejo e mercado de consumo. <\/p>\n<\/p>\n<\/div>\n<\/div>\n<\/div>\n<\/div>\n<\/div>\n<\/div>\n<\/div>\n<\/div>\n<h3>Detalhes do produto<\/h3>\n<ul>\n<li>Editora : Literare Books International<\/li>\n<li>Data da publica\u00e7\u00e3o : 16 abril 2024<\/li>\n<li>Edi\u00e7\u00e3o : 1\u00aa<\/li>\n<li>Idioma : Portugu\u00eas<\/li>\n<li>N\u00famero de p\u00e1ginas : 168 p\u00e1ginas<\/li>\n<li>ISBN-10 : 6559227960<\/li>\n<li>ISBN-13 : 978-6559227969<\/li>\n<li>Peso do produto : 220 g<\/li>\n<li>Idade de leitura : 12 anos e acima<\/li>\n<li>Dimens\u00f5es : 14 x 0.5 x 21 cm<\/li>\n<li>Ranking dos mais vendidos: N\u00ba 160.542 em Livros (Conhe\u00e7a o Top 100 na categoria Livros) N\u00ba 1.434 em Gest\u00e3o de Lideran\u00e7a<\/li>\n<li>N\u00ba 1.434 em Gest\u00e3o de Lideran\u00e7a<\/li>\n<li>Avalia\u00e7\u00f5es dos clientes: 4,0 4,0 de 5 estrelas (21)<\/li>\n<\/ul><\/div>","protected":false},"excerpt":{"rendered":"<p>Em \u201cIntelig\u00eancia artificial no varejo\u201d, Eduardo Terra proporciona uma an\u00e1lise profunda das transforma\u00e7\u00f5es que a Intelig\u00eancia Artificial (IA) est\u00e1 instigando no cen\u00e1rio do varejo contempor\u00e2neo.Desde log\u00edstica at\u00e9 atendimento ao cliente, o autor explora como a IA est\u00e1 remodelando opera\u00e7\u00f5es, personalizando experi\u00eancias e impulsionando a efici\u00eancia em todas as facetas do setor.Com foco nas tecnologias de IA, o livro apresenta um panorama completo das aplica\u00e7\u00f5es pr\u00e1ticas dessas ferramentas, demonstrando como elas est\u00e3o sendo empregadas para otimizar processos-chave e aumentar a seguran\u00e7a.Ao longo da obra, o autor n\u00e3o apenas discute as possibilidades oferecidas pela IA, mas tamb\u00e9m destaca as quest\u00f5es \u00e9ticas e responsabilidades associadas \u00e0 sua ado\u00e7\u00e3o. O livro oferece insights valiosos sobre como os varejistas podem aproveitar ao m\u00e1ximo o potencial da IA enquanto navegam por esse novo territ\u00f3rio, fornecendo um guia essencial para profissionais e l\u00edderes que buscam compreender e capitalizar as oportunidades oferecidas por essa tecnologia emergente. \u201cIntelig\u00eancia Artificial no Varejo\u201d \u00e9 um recurso indispens\u00e1vel para aqueles que desejam iniciar sua jornada de descoberta nesse campo promissor e em constante evolu\u00e7\u00e3o.<\/p>","protected":false},"featured_media":93852,"comment_status":"open","ping_status":"closed","template":"","meta":[],"product_cat":[1611,1621,1595],"product_tag":[],"class_list":{"0":"post-93852","1":"product","2":"type-product","3":"status-publish","4":"has-post-thumbnail","6":"product_brand-por-eduardo-terra-autor","7":"product_cat-administracao-negocios-e-economia","8":"product_cat-gestao-e-lideranca","9":"product_cat-livros","11":"first","12":"instock","13":"sale","14":"shipping-taxable","15":"purchasable","16":"product-type-simple"},"aioseo_notices":[],"_links":{"self":[{"href":"https:\/\/www.ecommerceupdate.com.br\/pt\/wp-json\/wp\/v2\/product\/93852","targetHints":{"allow":["GET"]}}],"collection":[{"href":"https:\/\/www.ecommerceupdate.com.br\/pt\/wp-json\/wp\/v2\/product"}],"about":[{"href":"https:\/\/www.ecommerceupdate.com.br\/pt\/wp-json\/wp\/v2\/types\/product"}],"replies":[{"embeddable":true,"href":"https:\/\/www.ecommerceupdate.com.br\/pt\/wp-json\/wp\/v2\/comments?post=93852"}],"wp:featuredmedia":[{"embeddable":true,"href":"https:\/\/www.ecommerceupdate.com.br\/pt\/wp-json\/wp\/v2\/product\/93852"}],"wp:attachment":[{"href":"https:\/\/www.ecommerceupdate.com.br\/pt\/wp-json\/wp\/v2\/media?parent=93852"}],"wp:term":[{"taxonomy":"product_cat","embeddable":true,"href":"https:\/\/www.ecommerceupdate.com.br\/pt\/wp-json\/wp\/v2\/product_cat?post=93852"},{"taxonomy":"product_tag","embeddable":true,"href":"https:\/\/www.ecommerceupdate.com.br\/pt\/wp-json\/wp\/v2\/product_tag?post=93852"}],"curies":[{"name":"wp","href":"https:\/\/api.w.org\/{rel}","templated":true}]}}