{"id":93863,"date":"2026-03-05T21:59:15","date_gmt":"2026-03-06T00:59:15","guid":{"rendered":"https:\/\/www.ecommerceupdate.com.br\/produto\/e-commerce-estrategico-modelos-plataformas-e-tendencias-do-varejo-serie-universitaria\/"},"modified":"2026-05-13T10:36:34","modified_gmt":"2026-05-13T13:36:34","slug":"e-commerce-estrategico-modelos-plataformas-e-tendencias-do-varejo-serie-universitaria","status":"publish","type":"product","link":"https:\/\/www.ecommerceupdate.com.br\/pt\/produto\/e-commerce-estrategico-modelos-plataformas-e-tendencias-do-varejo-serie-universitaria\/","title":{"rendered":"E-commerce estrat\u00e9gico: modelos, plataformas e tend\u00eancias do varejo (S\u00e9rie Universit\u00e1ria)"},"content":{"rendered":"<div class=\"woocommerce-product-details\"><\/div>","protected":false},"excerpt":{"rendered":"<p>A S\u00e9rie Universit\u00e1ria foi desenvolvida pelo Senac S\u00e3o Paulo com o intuito de preparar profissionais para o mercado de trabalho. Os t\u00edtulos abrangem diversas \u00e1reas, abordando desde conhecimentos te\u00f3ricos e pr\u00e1ticos adequados \u00e0s exig\u00eancias profissionais at\u00e9 a forma\u00e7\u00e3o \u00e9tica e s\u00f3lida. E-commerce estrat\u00e9gico: modelos, plataformas e tend\u00eancias do varejo oferece um panorama abrangente do com\u00e9rcio eletr\u00f4nico na atualidade, desde sua estrutura e funcionamento at\u00e9 os modelos de neg\u00f3cios mais inovadores. Com uma abordagem clara e pr\u00e1tica, o livro explora a cadeia de valor do e-commerce, as plataformas digitais, os marketplaces e o impacto do omnichannel na experi\u00eancia do consumidor, al\u00e9m de apresentar aspectos operacionais e legais e explorar o poder da automa\u00e7\u00e3o e da intelig\u00eancia artificial no varejo 4.0. O objetivo da obra \u00e9 proporcionar ao leitor uma vis\u00e3o geral sobre como o e-commerce revolucionou a forma como consumimos e fazemos neg\u00f3cios, funcionando como um guia para preparar profissionais que desejam compreender e aplicar as melhores pr\u00e1ticas do com\u00e9rcio eletr\u00f4nico.<\/p>","protected":false},"featured_media":93863,"comment_status":"open","ping_status":"closed","template":"","meta":[],"product_cat":[1611,1613,1595],"product_tag":[],"class_list":{"0":"post-93863","1":"product","2":"type-product","3":"status-publish","4":"has-post-thumbnail","5":"product_brand-por-gustavo-cndido-autor-formato-ebook-kindle","6":"product_cat-administracao-negocios-e-economia","7":"product_cat-industrias-e-profissoes","8":"product_cat-livros","10":"first","11":"instock","12":"shipping-taxable","13":"purchasable","14":"product-type-simple"},"aioseo_notices":[],"_links":{"self":[{"href":"https:\/\/www.ecommerceupdate.com.br\/pt\/wp-json\/wp\/v2\/product\/93863","targetHints":{"allow":["GET"]}}],"collection":[{"href":"https:\/\/www.ecommerceupdate.com.br\/pt\/wp-json\/wp\/v2\/product"}],"about":[{"href":"https:\/\/www.ecommerceupdate.com.br\/pt\/wp-json\/wp\/v2\/types\/product"}],"replies":[{"embeddable":true,"href":"https:\/\/www.ecommerceupdate.com.br\/pt\/wp-json\/wp\/v2\/comments?post=93863"}],"wp:featuredmedia":[{"embeddable":true,"href":"https:\/\/www.ecommerceupdate.com.br\/pt\/wp-json\/wp\/v2\/product\/93863"}],"wp:attachment":[{"href":"https:\/\/www.ecommerceupdate.com.br\/pt\/wp-json\/wp\/v2\/media?parent=93863"}],"wp:term":[{"taxonomy":"product_cat","embeddable":true,"href":"https:\/\/www.ecommerceupdate.com.br\/pt\/wp-json\/wp\/v2\/product_cat?post=93863"},{"taxonomy":"product_tag","embeddable":true,"href":"https:\/\/www.ecommerceupdate.com.br\/pt\/wp-json\/wp\/v2\/product_tag?post=93863"}],"curies":[{"name":"wp","href":"https:\/\/api.w.org\/{rel}","templated":true}]}}