{"id":94371,"date":"2026-03-12T13:46:47","date_gmt":"2026-03-12T16:46:47","guid":{"rendered":"https:\/\/www.ecommerceupdate.com.br\/produto\/manual-do-ecommerce-para-lojas-fisicas\/"},"modified":"2026-03-12T13:46:48","modified_gmt":"2026-03-12T16:46:48","slug":"manual-do-ecommerce-para-lojas-fisicas","status":"publish","type":"product","link":"https:\/\/www.ecommerceupdate.com.br\/pt\/produto\/manual-do-ecommerce-para-lojas-fisicas\/","title":{"rendered":"Manual do Ecommerce Para Lojas F\u00edsicas"},"content":{"rendered":"<div class=\"woocommerce-product-details\">\n<h3>Detalhes do produto<\/h3>\n<ul>\n<li>ASIN : B0DNBQV438<\/li>\n<li>Acessibilidade : Saiba mais<\/li>\n<li>Data da publica\u00e7\u00e3o : 31 janeiro 2025<\/li>\n<li>Edi\u00e7\u00e3o : 1\u00aa<\/li>\n<li>Idioma : Portugu\u00eas<\/li>\n<li>Tamanho do arquivo : 2.8 MB<\/li>\n<li>Leitor de tela : Compat\u00edvel<\/li>\n<li>Configura\u00e7\u00e3o de fonte : Habilitado<\/li>\n<li>Dicas de vocabul\u00e1rio : N\u00e3o habilitado<\/li>\n<li>N\u00famero de p\u00e1ginas : 154 p\u00e1ginas<\/li>\n<li>Page Flip : Habilitado<\/li>\n<li>Ranking dos mais vendidos: N\u00ba 390.394 em Loja Kindle (Conhe\u00e7a o Top 100 na categoria Loja Kindle) N\u00ba 5.111 em Computa\u00e7\u00e3o, internet e m\u00eddia digital N\u00ba 14.583 em Neg\u00f3cios e economia<\/li>\n<li>N\u00ba 5.111 em Computa\u00e7\u00e3o, internet e m\u00eddia digital<\/li>\n<li>N\u00ba 14.583 em Neg\u00f3cios e economia<\/li>\n<\/ul><\/div>","protected":false},"excerpt":{"rendered":"<p>Manual do Ecommerce para Lojas F\u00edsicas<br \/>Autor: Emerson Duarte<\/p>\n<p>&#8220;\u00c9 com imenso orgulho e alegria que apresento o Manual do E-commerce para Lojas F\u00edsicas, uma obra escrita pelo brilhante Emerson Duarte, um profissional que tive a honra de acompanhar em sua jornada como aluno na Forma\u00e7\u00e3o de Consultores de Ecommerce e, posteriormente, como consultor parceiro em projetos desafiadores. Essa rela\u00e7\u00e3o de confian\u00e7a m\u00fatua se construiu pela excel\u00eancia do Emerson em cada detalhe de seu trabalho, e agora, ele compartilha aqui um pouco desse conhecimento, acumulado em anos de dedica\u00e7\u00e3o ao com\u00e9rcio eletr\u00f4nico.&#8221;<br \/>Babi Tonhela Consultora de Ecommerce<\/p>\n<p>Descubra como transformar sua loja f\u00edsica em uma opera\u00e7\u00e3o online de sucesso com o Manual do Ecommerce para Lojas F\u00edsicas. Este livro \u00e9 uma consultoria em formato de leitura, repleto de estrat\u00e9gias pr\u00e1ticas e orienta\u00e7\u00f5es detalhadas para ajudar lojistas a expandirem seus neg\u00f3cios para o mundo digital, sem deixar de lado o que torna suas lojas \u00fanicas.<\/p>\n<p>Com base em anos de experi\u00eancia como consultor de ecommerce, Emerson Duarte compartilha insights preciosos sobre como estruturar opera\u00e7\u00f5es, identificar oportunidades de mercado e maximizar vendas. O manual aborda temas essenciais como:<span>Escolha e integra\u00e7\u00e3o de plataformas de ecommerce e ERPs.<\/span>Escolha e integra\u00e7\u00e3o de plataformas de ecommerce e ERPs.<span>Estrat\u00e9gias de marketing digital e cria\u00e7\u00e3o de comunidades online.<\/span>Estrat\u00e9gias de marketing digital e cria\u00e7\u00e3o de comunidades online.<span>Otimiza\u00e7\u00e3o do mix de produtos e precifica\u00e7\u00e3o.<\/span>Otimiza\u00e7\u00e3o do mix de produtos e precifica\u00e7\u00e3o.<span>Opera\u00e7\u00f5es log\u00edsticas e atendimento ao cliente.<\/span>Opera\u00e7\u00f5es log\u00edsticas e atendimento ao cliente.<span>Adapta\u00e7\u00e3o ao novo comportamento de compras do consumidor e novas tecnologias.<\/span>Adapta\u00e7\u00e3o ao novo comportamento de compras do consumidor e novas tecnologias.Ideal para empreendedores que buscam se destacar no com\u00e9rcio eletr\u00f4nico, este guia oferece ferramentas indispens\u00e1veis para alcan\u00e7ar resultados positivos no mercado digital. O conte\u00fado tamb\u00e9m inclui estudos de caso, checklists e dicas valiosas que transformam a leitura em uma experi\u00eancia pr\u00e1tica e envolvente.<\/p>\n<p>Seja voc\u00ea um iniciante no ecommerce ou um empres\u00e1rio experiente em busca de crescimento, este livro \u00e9 o ponto de partida para alcan\u00e7ar o pr\u00f3ximo n\u00edvel em suas vendas online.<\/p>\n<p>Prepare-se para fazer a virada de chave no seu neg\u00f3cio e conquistar novos horizontes no varejo digital.<\/p>\n<p>Adquira agora e comece a transforma\u00e7\u00e3o do seu neg\u00f3cio!<\/p>","protected":false},"featured_media":94371,"comment_status":"open","ping_status":"closed","template":"","meta":[],"product_cat":[1611,1608,1607],"product_tag":[],"class_list":{"0":"post-94371","1":"product","2":"type-product","3":"status-publish","4":"has-post-thumbnail","6":"product_brand-por-emerson-duarte-autor-formato-ebook-kindle","7":"product_cat-administracao-negocios-e-economia","8":"product_cat-ebooks-kindle","9":"product_cat-loja-kindle","11":"first","12":"instock","13":"shipping-taxable","14":"purchasable","15":"product-type-simple"},"aioseo_notices":[],"_links":{"self":[{"href":"https:\/\/www.ecommerceupdate.com.br\/pt\/wp-json\/wp\/v2\/product\/94371","targetHints":{"allow":["GET"]}}],"collection":[{"href":"https:\/\/www.ecommerceupdate.com.br\/pt\/wp-json\/wp\/v2\/product"}],"about":[{"href":"https:\/\/www.ecommerceupdate.com.br\/pt\/wp-json\/wp\/v2\/types\/product"}],"replies":[{"embeddable":true,"href":"https:\/\/www.ecommerceupdate.com.br\/pt\/wp-json\/wp\/v2\/comments?post=94371"}],"wp:featuredmedia":[{"embeddable":true,"href":"https:\/\/www.ecommerceupdate.com.br\/pt\/wp-json\/wp\/v2\/product\/94371"}],"wp:attachment":[{"href":"https:\/\/www.ecommerceupdate.com.br\/pt\/wp-json\/wp\/v2\/media?parent=94371"}],"wp:term":[{"taxonomy":"product_cat","embeddable":true,"href":"https:\/\/www.ecommerceupdate.com.br\/pt\/wp-json\/wp\/v2\/product_cat?post=94371"},{"taxonomy":"product_tag","embeddable":true,"href":"https:\/\/www.ecommerceupdate.com.br\/pt\/wp-json\/wp\/v2\/product_tag?post=94371"}],"curies":[{"name":"wp","href":"https:\/\/api.w.org\/{rel}","templated":true}]}}