{"id":94416,"date":"2026-03-13T09:14:46","date_gmt":"2026-03-13T12:14:46","guid":{"rendered":"https:\/\/www.ecommerceupdate.com.br\/produto\/carregador-compativel-kindl-e-11a-geracao-usb-c-ultra-rapido-bivolt-leve-compacto-eficiente-ideal-para-leitura-sem-pausas\/"},"modified":"2026-03-13T16:02:22","modified_gmt":"2026-03-13T19:02:22","slug":"carregador-compativel-kindl-e-11a-geracao-usb-c-ultra-rapido-bivolt-leve-compacto-eficiente-ideal-para-leitura-sem-pausas","status":"publish","type":"product","link":"https:\/\/www.ecommerceupdate.com.br\/pt\/produto\/carregador-compativel-kindl-e-11a-geracao-usb-c-ultra-rapido-bivolt-leve-compacto-eficiente-ideal-para-leitura-sem-pausas\/","title":{"rendered":"Carregador Compat\u00edvel Kindl-e 11\u00aa Gera\u00e7\u00e3o USB-C Ultra R\u00e1pido &#8211; Bivolt Leve Compacto Eficiente Ideal Para Leitura Sem Pausas"},"content":{"rendered":"<div class=\"woocommerce-product-details\">\n<h3>Descri\u00e7\u00e3o do produto<\/h3>\n<p>Compat\u00edvel com os modelos Kindl-e de 11\u00aa gera\u00e7\u00e3o em diante, incluindo Kindl-e Paperwhite (11\u00aa gera\u00e7\u00e3o), Kindl-e 2022 (11\u00aa gera\u00e7\u00e3o) e Kindl-e Scribe. Ideal para dispositivos com entrada USB-C, garantindo carregamento moderno, r\u00e1pido e eficiente.<\/p>\n<p>Este carregador ultra r\u00e1pido entrega energia com seguran\u00e7a e estabilidade, conta com tecnologia bivolt autom\u00e1tica e design compacto. Perfeito para leitores exigentes que desejam manter seu Kindl-e sempre pronto para longas sess\u00f5es de leitura, em casa ou em viagens.<\/p>\n<p>Basta conectar o cabo USB-C compat\u00edvel ao Kindl-e e a fonte na tomada. O sistema inteligente ajusta a pot\u00eancia automaticamente, protegendo seu dispositivo enquanto oferece m\u00e1xima performance de carregamento.<\/p>\n<p>Adquira agora seu carregador compat&iacute;vel com Kindl-e USB-C e tenha mais liberdade para ler onde e quando quiser, sem interrup&ccedil;&otilde;es! &lt;\/p&gt;<\/p>\n<table id=\"productDetails_techSpec_section_1\" class=\"a-keyvalue prodDetTable\">\n<tr>\n<th class=\"a-color-secondary a-size-base prodDetSectionEntry\"> Marca <\/th>\n<td class=\"a-size-base prodDetAttrValue\"> &lrm;La Casa Smart <\/td>\n<\/tr>\n<tr>\n<th class=\"a-color-secondary a-size-base prodDetSectionEntry\"> Fabricante <\/th>\n<td class=\"a-size-base prodDetAttrValue\"> &lrm;LCS <\/td>\n<\/tr>\n<tr>\n<th class=\"a-color-secondary a-size-base prodDetSectionEntry\"> Certifica\u00e7\u00e3o <\/th>\n<td class=\"a-size-base prodDetAttrValue\"> &lrm;N\u00e3o Aplicavel <\/td>\n<\/tr>\n<tr>\n<th class=\"a-color-secondary a-size-base prodDetSectionEntry\"> Aparelhos compat\u00edveis <\/th>\n<td class=\"a-size-base prodDetAttrValue\"> &lrm;Leitores de e-book <\/td>\n<\/tr>\n<tr>\n<th class=\"a-color-secondary a-size-base prodDetSectionEntry\"> Caracter\u00edsticas especiais <\/th>\n<td class=\"a-size-base prodDetAttrValue\"> &lrm;Carregamento r\u00e1pido, Design leve <\/td>\n<\/tr>\n<tr>\n<th class=\"a-color-secondary a-size-base prodDetSectionEntry\"> Pe\u00e7as para montagem <\/th>\n<td class=\"a-size-base prodDetAttrValue\"> &lrm;Cabo <\/td>\n<\/tr>\n<tr>\n<th class=\"a-color-secondary a-size-base prodDetSectionEntry\"> N\u00famero de unidades <\/th>\n<td class=\"a-size-base prodDetAttrValue\"> &lrm;1 <\/td>\n<\/tr>\n<tr>\n<th class=\"a-color-secondary a-size-base prodDetSectionEntry\"> Etiqueta Nacional de Efici\u00eancia Energ\u00e9tica (ENCE) <\/th>\n<td class=\"a-size-base prodDetAttrValue\"> &lrm;A+ <\/td>\n<\/tr>\n<tr>\n<th class=\"a-color-secondary a-size-base prodDetSectionEntry\"> Tipo de fonte de energia <\/th>\n<td class=\"a-size-base prodDetAttrValue\"> &lrm;AC\/DC <\/td>\n<\/tr>\n<tr>\n<th class=\"a-color-secondary a-size-base prodDetSectionEntry\"> Funciona com baterias <\/th>\n<td class=\"a-size-base prodDetAttrValue\"> &lrm;N\u00e3o <\/td>\n<\/tr>\n<tr>\n<th class=\"a-color-secondary a-size-base prodDetSectionEntry\"> Total de entradas USB <\/th>\n<td class=\"a-size-base prodDetAttrValue\"> &lrm;1 <\/td>\n<\/tr>\n<tr>\n<th class=\"a-color-secondary a-size-base prodDetSectionEntry\"> Tecnologia de conex\u00e3o <\/th>\n<td class=\"a-size-base prodDetAttrValue\"> &lrm;USB <\/td>\n<\/tr>\n<tr>\n<th class=\"a-color-secondary a-size-base prodDetSectionEntry\"> Cor <\/th>\n<td class=\"a-size-base prodDetAttrValue\"> &lrm;Preto ou Branco <\/td>\n<\/tr>\n<tr>\n<th class=\"a-color-secondary a-size-base prodDetSectionEntry\"> Cor correspondente <\/th>\n<td class=\"a-size-base prodDetAttrValue\"> &lrm;Preto ou Branco <\/td>\n<\/tr>\n<tr>\n<th class=\"a-color-secondary a-size-base prodDetSectionEntry\"> Conex\u00f5es <\/th>\n<td class=\"a-size-base prodDetAttrValue\"> &lrm;USB <\/td>\n<\/tr>\n<tr>\n<th class=\"a-color-secondary a-size-base prodDetSectionEntry\"> Dist\u00e2ncia focal m\u00e1xima <\/th>\n<td class=\"a-size-base prodDetAttrValue\"> &lrm;USB tipo C <\/td>\n<\/tr>\n<tr>\n<th class=\"a-color-secondary a-size-base prodDetSectionEntry\"> Garantia do fabricante <\/th>\n<td class=\"a-size-base prodDetAttrValue\"> &lrm;30 dias <\/td>\n<\/tr>\n<tr>\n<th class=\"a-color-secondary a-size-base prodDetSectionEntry\"> Peso do produto <\/th>\n<td class=\"a-size-base prodDetAttrValue\"> &lrm;120 g <\/td>\n<\/tr>\n<tr>\n<th class=\"a-color-secondary a-size-base prodDetSectionEntry\"> Dimens\u00f5es da embalagem <\/th>\n<td class=\"a-size-base prodDetAttrValue\"> &lrm;10,8 x 9,3 x 7,1 cm; 120 g <\/td>\n<\/tr>\n<\/table><\/div>","protected":false},"excerpt":{"rendered":"<ul>\n<li> Cont\u00e9m: 1 Carregador Para Kindl-e 11\u00aa Tipo C  <\/li>\n<li> Tens\u00e3o: Bivolt 110V\/220V  <\/li>\n<li> Tamanho: Cabo De 1 Metro Compat\u00edvel Com Kindl-e 11\u00aa Gera\u00e7\u00e3o  <\/li>\n<li> Cor: Branco ou preto. Conforme disponibilidade.  <\/li>\n<li> Compatibilidade: Kindl-e 11\u00aa gera\u00e7\u00e3o incluindo Paperwhite entrada tipo C  <\/li>\n<li> Aten\u00e7\u00e3o: N\u00e3o compat\u00edvel Kindl-e antigo com entrada Micro USB  <\/li>\n<li> Produto similar ao carregador Amazon Kindl-e  <\/li>\n<\/ul>","protected":false},"featured_media":94416,"comment_status":"open","ping_status":"closed","template":"","meta":[],"product_cat":[1901,1900],"product_tag":[],"class_list":{"0":"post-94416","1":"product","2":"type-product","3":"status-publish","4":"has-post-thumbnail","6":"product_brand-visite-a-loja-la-casa-smart","7":"product_cat-e-readers-e-acessorios","8":"product_cat-eletronicos-e-tecnologia","10":"first","11":"instock","12":"sale","13":"shipping-taxable","14":"purchasable","15":"product-type-simple"},"aioseo_notices":[],"_links":{"self":[{"href":"https:\/\/www.ecommerceupdate.com.br\/pt\/wp-json\/wp\/v2\/product\/94416","targetHints":{"allow":["GET"]}}],"collection":[{"href":"https:\/\/www.ecommerceupdate.com.br\/pt\/wp-json\/wp\/v2\/product"}],"about":[{"href":"https:\/\/www.ecommerceupdate.com.br\/pt\/wp-json\/wp\/v2\/types\/product"}],"replies":[{"embeddable":true,"href":"https:\/\/www.ecommerceupdate.com.br\/pt\/wp-json\/wp\/v2\/comments?post=94416"}],"wp:featuredmedia":[{"embeddable":true,"href":"https:\/\/www.ecommerceupdate.com.br\/pt\/wp-json\/wp\/v2\/product\/94416"}],"wp:attachment":[{"href":"https:\/\/www.ecommerceupdate.com.br\/pt\/wp-json\/wp\/v2\/media?parent=94416"}],"wp:term":[{"taxonomy":"product_cat","embeddable":true,"href":"https:\/\/www.ecommerceupdate.com.br\/pt\/wp-json\/wp\/v2\/product_cat?post=94416"},{"taxonomy":"product_tag","embeddable":true,"href":"https:\/\/www.ecommerceupdate.com.br\/pt\/wp-json\/wp\/v2\/product_tag?post=94416"}],"curies":[{"name":"wp","href":"https:\/\/api.w.org\/{rel}","templated":true}]}}