{"id":91138,"date":"2026-02-04T15:51:59","date_gmt":"2026-02-04T18:51:59","guid":{"rendered":"https:\/\/www.ecommerceupdate.org\/carrinho\/"},"modified":"2026-02-06T10:08:55","modified_gmt":"2026-02-06T13:08:55","slug":"carrinho","status":"publish","type":"page","link":"https:\/\/www.ecommerceupdate.com.br\/pt_pt\/carrinho\/","title":{"rendered":"Carrinho"},"content":{"rendered":"<div data-block-name=\"woocommerce\/cart\" class=\"wp-block-woocommerce-cart alignwide is-loading\">\n<div data-block-name=\"woocommerce\/filled-cart-block\" class=\"wp-block-woocommerce-filled-cart-block\">\n<div data-block-name=\"woocommerce\/cart-items-block\" class=\"wp-block-woocommerce-cart-items-block\">\n<div data-block-name=\"woocommerce\/cart-line-items-block\" class=\"wp-block-woocommerce-cart-line-items-block\"><\/div>\n\n\n<\/div>\n\n\n\n\n<div data-block-name=\"woocommerce\/cart-totals-block\" class=\"wp-block-woocommerce-cart-totals-block\">\n<div data-block-name=\"woocommerce\/cart-order-summary-block\" class=\"wp-block-woocommerce-cart-order-summary-block\">\n<div data-block-name=\"woocommerce\/cart-order-summary-heading-block\" class=\"wp-block-woocommerce-cart-order-summary-heading-block\"><\/div><div data-block-name=\"woocommerce\/cart-order-summary-coupon-form-block\" class=\"wp-block-woocommerce-cart-order-summary-coupon-form-block\"><\/div><div data-block-name=\"woocommerce\/cart-order-summary-totals-block\" class=\"wp-block-woocommerce-cart-order-summary-totals-block\">\n<div data-block-name=\"woocommerce\/cart-order-summary-subtotal-block\" class=\"wp-block-woocommerce-cart-order-summary-subtotal-block\"><\/div>\n<div data-block-name=\"woocommerce\/cart-order-summary-discount-block\" class=\"wp-block-woocommerce-cart-order-summary-discount-block\"><\/div>\n<div data-block-name=\"woocommerce\/cart-order-summary-fee-block\" class=\"wp-block-woocommerce-cart-order-summary-fee-block\"><\/div>\n<div data-block-name=\"woocommerce\/cart-order-summary-shipping-block\" class=\"wp-block-woocommerce-cart-order-summary-shipping-block\"><\/div>\n<div data-block-name=\"woocommerce\/cart-order-summary-taxes-block\" class=\"wp-block-woocommerce-cart-order-summary-taxes-block\"><\/div><\/div>\n<\/div>\n\n\n\n<div data-block-name=\"woocommerce\/cart-express-payment-block\" class=\"wp-block-woocommerce-cart-express-payment-block\"><\/div>\n\n\n\n<div data-block-name=\"woocommerce\/proceed-to-checkout-block\" class=\"wp-block-woocommerce-proceed-to-checkout-block\"><\/div>\n\n\n\n<div data-block-name=\"woocommerce\/cart-accepted-payment-methods-block\" class=\"wp-block-woocommerce-cart-accepted-payment-methods-block\"><\/div>\n<\/div>\n<\/div>\n\n\n\n<div data-block-name=\"woocommerce\/empty-cart-block\" class=\"wp-block-woocommerce-empty-cart-block\">\n<h2 class=\"wp-block-heading has-text-align-center with-empty-cart-icon wc-block-cart__empty-cart__title\">Seu carrinho est\u00e1 vazio no momento!<\/h2>\n\n\n\n<hr class=\"wp-block-separator has-alpha-channel-opacity is-style-dots\"\/>\n\n\n\n<h2 class=\"wp-block-heading has-text-align-center\">Novo na loja<\/h2>\n\n\n<div data-block-name=\"woocommerce\/product-new\" data-columns=\"4\" data-rows=\"1\" class=\"wc-block-grid wp-block-product-new wp-block-woocommerce-product-new wc-block-product-new has-4-columns\"><ul class=\"wc-block-grid__products\"><li class=\"wc-block-grid__product\">\n\t\t\t\t<a href=\"https:\/\/www.ecommerceupdate.com.br\/pt_pt\/produto\/wordpress-descomplicado-do-basico-ao-e-commerce\/\" class=\"wc-block-grid__product-link\">\n\t\t\t\t\t\n\t\t\t\t\t<div class=\"wc-block-grid__product-image\"><img fetchpriority=\"high\" decoding=\"async\" width=\"300\" height=\"300\" src=\"https:\/\/www.ecommerceupdate.com.br\/wp-content\/uploads\/woocommerce-placeholder-300x300.webp\" class=\"woocommerce-placeholder wp-post-image\" alt=\"\" srcset=\"https:\/\/www.ecommerceupdate.com.br\/wp-content\/uploads\/woocommerce-placeholder-300x300.webp 300w, https:\/\/www.ecommerceupdate.com.br\/wp-content\/uploads\/woocommerce-placeholder-100x100.webp 100w, https:\/\/www.ecommerceupdate.com.br\/wp-content\/uploads\/woocommerce-placeholder-600x600.webp 600w, https:\/\/www.ecommerceupdate.com.br\/wp-content\/uploads\/woocommerce-placeholder-1024x1024.webp 1024w, https:\/\/www.ecommerceupdate.com.br\/wp-content\/uploads\/woocommerce-placeholder-150x150.webp 150w, https:\/\/www.ecommerceupdate.com.br\/wp-content\/uploads\/woocommerce-placeholder-768x768.webp 768w, https:\/\/www.ecommerceupdate.com.br\/wp-content\/uploads\/woocommerce-placeholder-12x12.webp 12w, https:\/\/www.ecommerceupdate.com.br\/wp-content\/uploads\/woocommerce-placeholder-420x420.webp 420w, https:\/\/www.ecommerceupdate.com.br\/wp-content\/uploads\/woocommerce-placeholder-696x696.webp 696w, https:\/\/www.ecommerceupdate.com.br\/wp-content\/uploads\/woocommerce-placeholder-1068x1068.webp 1068w, https:\/\/www.ecommerceupdate.com.br\/wp-content\/uploads\/woocommerce-placeholder.webp 1200w\" sizes=\"(max-width: 300px) 100vw, 300px\" \/><\/div>\n\t\t\t\t\t<div class=\"wc-block-grid__product-title\">WordPress Descomplicado: Do b\u00e1sico ao E-Commerce<\/div>\n\t\t\t\t<\/a>\n\t\t\t\t<div class=\"wc-block-grid__product-price price\"><span class=\"woocommerce-Price-amount amount\"><span class=\"woocommerce-Price-currencySymbol\">R$<\/span>&nbsp;6,10<\/span><\/div>\n\t\t\t\t\n\t\t\t\t<div class=\"wp-block-button wc-block-grid__product-add-to-cart\"><a href=\"\/pt_pt\/wp-json\/wp\/v2\/pages\/91138?add-to-cart=94511\" aria-label=\"Adiciona ao carrinho: \u201cWordPress Descomplicado: Do b\u00e1sico ao E-Commerce\u201d\" data-quantity=\"1\" data-product_id=\"94511\" data-product_sku=\"B08C35YMMJ\" data-price=\"6.1\" rel=\"nofollow\" class=\"wp-block-button__link  add_to_cart_button ajax_add_to_cart\" data-no-translation=\"\" data-trp-gettext=\"\" data-no-translation-aria-label=\"\">Adicionar<\/a><\/div>\n\t\t\t<\/li><li class=\"wc-block-grid__product\">\n\t\t\t\t<a href=\"https:\/\/www.ecommerceupdate.com.br\/pt_pt\/produto\/direito-tributario-digital-o-lancamento-digital-da-reforma-pela-receita-federal-vol-3\/\" class=\"wc-block-grid__product-link\">\n\t\t\t\t\t<div class=\"wc-block-grid__product-onsale\">\n\t\t\t<span aria-hidden=\"true\" data-no-translation=\"\" data-trp-gettext=\"\">Promo\u00e7\u00e3o<\/span>\n\t\t\t<span class=\"screen-reader-text\" data-no-translation=\"\" data-trp-gettext=\"\">Produto em promo\u00e7\u00e3o<\/span>\n\t\t<\/div>\n\t\t\t\t\t<div class=\"wc-block-grid__product-image\"><img fetchpriority=\"high\" decoding=\"async\" width=\"300\" height=\"300\" src=\"https:\/\/www.ecommerceupdate.com.br\/wp-content\/uploads\/woocommerce-placeholder-300x300.webp\" class=\"woocommerce-placeholder wp-post-image\" alt=\"\" srcset=\"https:\/\/www.ecommerceupdate.com.br\/wp-content\/uploads\/woocommerce-placeholder-300x300.webp 300w, https:\/\/www.ecommerceupdate.com.br\/wp-content\/uploads\/woocommerce-placeholder-100x100.webp 100w, https:\/\/www.ecommerceupdate.com.br\/wp-content\/uploads\/woocommerce-placeholder-600x600.webp 600w, https:\/\/www.ecommerceupdate.com.br\/wp-content\/uploads\/woocommerce-placeholder-1024x1024.webp 1024w, https:\/\/www.ecommerceupdate.com.br\/wp-content\/uploads\/woocommerce-placeholder-150x150.webp 150w, https:\/\/www.ecommerceupdate.com.br\/wp-content\/uploads\/woocommerce-placeholder-768x768.webp 768w, https:\/\/www.ecommerceupdate.com.br\/wp-content\/uploads\/woocommerce-placeholder-12x12.webp 12w, https:\/\/www.ecommerceupdate.com.br\/wp-content\/uploads\/woocommerce-placeholder-420x420.webp 420w, https:\/\/www.ecommerceupdate.com.br\/wp-content\/uploads\/woocommerce-placeholder-696x696.webp 696w, https:\/\/www.ecommerceupdate.com.br\/wp-content\/uploads\/woocommerce-placeholder-1068x1068.webp 1068w, https:\/\/www.ecommerceupdate.com.br\/wp-content\/uploads\/woocommerce-placeholder.webp 1200w\" sizes=\"(max-width: 300px) 100vw, 300px\" \/><\/div>\n\t\t\t\t\t<div class=\"wc-block-grid__product-title\">Direito Tribut\u00e1rio Digital: O lan\u00e7amento digital da reforma pela Receita Federal, Vol. 3<\/div>\n\t\t\t\t<\/a>\n\t\t\t\t<div class=\"wc-block-grid__product-price price\"><del aria-hidden=\"true\"><span class=\"woocommerce-Price-amount amount\"><span class=\"woocommerce-Price-currencySymbol\">R$<\/span>&nbsp;89,90<\/span><\/del> <span class=\"screen-reader-text\" data-no-translation=\"\" data-trp-gettext=\"\">O pre\u00e7o original era: R$&nbsp;89,90.<\/span><ins aria-hidden=\"true\"><span class=\"woocommerce-Price-amount amount\"><span class=\"woocommerce-Price-currencySymbol\">R$<\/span>&nbsp;80,19<\/span><\/ins><span class=\"screen-reader-text\" data-no-translation=\"\" data-trp-gettext=\"\">O pre\u00e7o atual \u00e9: R$&nbsp;80,19.<\/span><\/div>\n\t\t\t\t\n\t\t\t\t<div class=\"wp-block-button wc-block-grid__product-add-to-cart\"><a href=\"\/pt_pt\/wp-json\/wp\/v2\/pages\/91138?add-to-cart=94510\" aria-label=\"Adiciona ao carrinho: \u201cDireito Tribut\u00e1rio Digital: O lan\u00e7amento digital da reforma pela Receita Federal, Vol. 3\u201d\" data-quantity=\"1\" data-product_id=\"94510\" data-product_sku=\"6550523583\" data-price=\"80.19\" rel=\"nofollow\" class=\"wp-block-button__link  add_to_cart_button ajax_add_to_cart\" data-no-translation=\"\" data-trp-gettext=\"\" data-no-translation-aria-label=\"\">Adicionar<\/a><\/div>\n\t\t\t<\/li><li class=\"wc-block-grid__product\">\n\t\t\t\t<a href=\"https:\/\/www.ecommerceupdate.com.br\/pt_pt\/produto\/como-nasce-uma-startup-o-passo-a-passo-para-criar-um-negocio-de-sucesso-e-altamente-lucrativo\/\" class=\"wc-block-grid__product-link\">\n\t\t\t\t\t<div class=\"wc-block-grid__product-onsale\">\n\t\t\t<span aria-hidden=\"true\" data-no-translation=\"\" data-trp-gettext=\"\">Promo\u00e7\u00e3o<\/span>\n\t\t\t<span class=\"screen-reader-text\" data-no-translation=\"\" data-trp-gettext=\"\">Produto em promo\u00e7\u00e3o<\/span>\n\t\t<\/div>\n\t\t\t\t\t<div class=\"wc-block-grid__product-image\"><img fetchpriority=\"high\" decoding=\"async\" width=\"300\" height=\"300\" src=\"https:\/\/www.ecommerceupdate.com.br\/wp-content\/uploads\/woocommerce-placeholder-300x300.webp\" class=\"woocommerce-placeholder wp-post-image\" alt=\"\" srcset=\"https:\/\/www.ecommerceupdate.com.br\/wp-content\/uploads\/woocommerce-placeholder-300x300.webp 300w, https:\/\/www.ecommerceupdate.com.br\/wp-content\/uploads\/woocommerce-placeholder-100x100.webp 100w, https:\/\/www.ecommerceupdate.com.br\/wp-content\/uploads\/woocommerce-placeholder-600x600.webp 600w, https:\/\/www.ecommerceupdate.com.br\/wp-content\/uploads\/woocommerce-placeholder-1024x1024.webp 1024w, https:\/\/www.ecommerceupdate.com.br\/wp-content\/uploads\/woocommerce-placeholder-150x150.webp 150w, https:\/\/www.ecommerceupdate.com.br\/wp-content\/uploads\/woocommerce-placeholder-768x768.webp 768w, https:\/\/www.ecommerceupdate.com.br\/wp-content\/uploads\/woocommerce-placeholder-12x12.webp 12w, https:\/\/www.ecommerceupdate.com.br\/wp-content\/uploads\/woocommerce-placeholder-420x420.webp 420w, https:\/\/www.ecommerceupdate.com.br\/wp-content\/uploads\/woocommerce-placeholder-696x696.webp 696w, https:\/\/www.ecommerceupdate.com.br\/wp-content\/uploads\/woocommerce-placeholder-1068x1068.webp 1068w, https:\/\/www.ecommerceupdate.com.br\/wp-content\/uploads\/woocommerce-placeholder.webp 1200w\" sizes=\"(max-width: 300px) 100vw, 300px\" \/><\/div>\n\t\t\t\t\t<div class=\"wc-block-grid__product-title\">Como nasce uma startup: O passo a passo para criar um neg\u00f3cio de sucesso e altamente lucrativo<\/div>\n\t\t\t\t<\/a>\n\t\t\t\t<div class=\"wc-block-grid__product-price price\"><del aria-hidden=\"true\"><span class=\"woocommerce-Price-amount amount\"><span class=\"woocommerce-Price-currencySymbol\">R$<\/span>&nbsp;64,90<\/span><\/del> <span class=\"screen-reader-text\" data-no-translation=\"\" data-trp-gettext=\"\">O pre\u00e7o original era: R$&nbsp;64,90.<\/span><ins aria-hidden=\"true\"><span class=\"woocommerce-Price-amount amount\"><span class=\"woocommerce-Price-currencySymbol\">R$<\/span>&nbsp;42,00<\/span><\/ins><span class=\"screen-reader-text\" data-no-translation=\"\" data-trp-gettext=\"\">O pre\u00e7o atual \u00e9: R$&nbsp;42,00.<\/span><\/div>\n\t\t\t\t\n\t\t\t\t<div class=\"wp-block-button wc-block-grid__product-add-to-cart\"><a href=\"\/pt_pt\/wp-json\/wp\/v2\/pages\/91138?add-to-cart=94509\" aria-label=\"Adiciona ao carrinho: \u201cComo nasce uma startup: O passo a passo para criar um neg\u00f3cio de sucesso e altamente lucrativo\u201d\" data-quantity=\"1\" data-product_id=\"94509\" data-product_sku=\"655393133X\" data-price=\"42\" rel=\"nofollow\" class=\"wp-block-button__link  add_to_cart_button ajax_add_to_cart\" data-no-translation=\"\" data-trp-gettext=\"\" data-no-translation-aria-label=\"\">Adicionar<\/a><\/div>\n\t\t\t<\/li><li class=\"wc-block-grid__product\">\n\t\t\t\t<a href=\"https:\/\/www.ecommerceupdate.com.br\/pt_pt\/produto\/customer-experience-b2b-como-multiplicar-o-resultado-do-seu-negocio-entregando-uma-experiencia-de-excelencia-aos-seus-clientes-b2b\/\" class=\"wc-block-grid__product-link\">\n\t\t\t\t\t<div class=\"wc-block-grid__product-onsale\">\n\t\t\t<span aria-hidden=\"true\" data-no-translation=\"\" data-trp-gettext=\"\">Promo\u00e7\u00e3o<\/span>\n\t\t\t<span class=\"screen-reader-text\" data-no-translation=\"\" data-trp-gettext=\"\">Produto em promo\u00e7\u00e3o<\/span>\n\t\t<\/div>\n\t\t\t\t\t<div class=\"wc-block-grid__product-image\"><img fetchpriority=\"high\" decoding=\"async\" width=\"300\" height=\"300\" src=\"https:\/\/www.ecommerceupdate.com.br\/wp-content\/uploads\/woocommerce-placeholder-300x300.webp\" class=\"woocommerce-placeholder wp-post-image\" alt=\"\" srcset=\"https:\/\/www.ecommerceupdate.com.br\/wp-content\/uploads\/woocommerce-placeholder-300x300.webp 300w, https:\/\/www.ecommerceupdate.com.br\/wp-content\/uploads\/woocommerce-placeholder-100x100.webp 100w, https:\/\/www.ecommerceupdate.com.br\/wp-content\/uploads\/woocommerce-placeholder-600x600.webp 600w, https:\/\/www.ecommerceupdate.com.br\/wp-content\/uploads\/woocommerce-placeholder-1024x1024.webp 1024w, https:\/\/www.ecommerceupdate.com.br\/wp-content\/uploads\/woocommerce-placeholder-150x150.webp 150w, https:\/\/www.ecommerceupdate.com.br\/wp-content\/uploads\/woocommerce-placeholder-768x768.webp 768w, https:\/\/www.ecommerceupdate.com.br\/wp-content\/uploads\/woocommerce-placeholder-12x12.webp 12w, https:\/\/www.ecommerceupdate.com.br\/wp-content\/uploads\/woocommerce-placeholder-420x420.webp 420w, https:\/\/www.ecommerceupdate.com.br\/wp-content\/uploads\/woocommerce-placeholder-696x696.webp 696w, https:\/\/www.ecommerceupdate.com.br\/wp-content\/uploads\/woocommerce-placeholder-1068x1068.webp 1068w, https:\/\/www.ecommerceupdate.com.br\/wp-content\/uploads\/woocommerce-placeholder.webp 1200w\" sizes=\"(max-width: 300px) 100vw, 300px\" \/><\/div>\n\t\t\t\t\t<div class=\"wc-block-grid__product-title\">Customer Experience B2B: como multiplicar o resultado do seu neg\u00f3cio entregando uma experi\u00eancia de excel\u00eancia aos seus clientes B2B<\/div>\n\t\t\t\t<\/a>\n\t\t\t\t<div class=\"wc-block-grid__product-price price\"><del aria-hidden=\"true\"><span class=\"woocommerce-Price-amount amount\"><span class=\"woocommerce-Price-currencySymbol\">R$<\/span>&nbsp;89,80<\/span><\/del> <span class=\"screen-reader-text\" data-no-translation=\"\" data-trp-gettext=\"\">O pre\u00e7o original era: R$&nbsp;89,80.<\/span><ins aria-hidden=\"true\"><span class=\"woocommerce-Price-amount amount\"><span class=\"woocommerce-Price-currencySymbol\">R$<\/span>&nbsp;60,83<\/span><\/ins><span class=\"screen-reader-text\" data-no-translation=\"\" data-trp-gettext=\"\">O pre\u00e7o atual \u00e9: R$&nbsp;60,83.<\/span><\/div>\n\t\t\t\t\n\t\t\t\t<div class=\"wp-block-button wc-block-grid__product-add-to-cart\"><a href=\"\/pt_pt\/wp-json\/wp\/v2\/pages\/91138?add-to-cart=94508\" aria-label=\"Adiciona ao carrinho: \u201cCustomer Experience B2B: como multiplicar o resultado do seu neg\u00f3cio entregando uma experi\u00eancia de excel\u00eancia aos seus clientes B2B\u201d\" data-quantity=\"1\" data-product_id=\"94508\" data-product_sku=\"6559283720\" data-price=\"60.83\" rel=\"nofollow\" class=\"wp-block-button__link  add_to_cart_button ajax_add_to_cart\" data-no-translation=\"\" data-trp-gettext=\"\" data-no-translation-aria-label=\"\">Adicionar<\/a><\/div>\n\t\t\t<\/li><\/ul><\/div><\/div>\n<\/div>","protected":false},"excerpt":{"rendered":"","protected":false},"author":1,"featured_media":0,"parent":0,"menu_order":0,"comment_status":"closed","ping_status":"closed","template":"","meta":{"footnotes":""},"class_list":["post-91138","page","type-page","status-publish"],"aioseo_notices":[],"_links":{"self":[{"href":"https:\/\/www.ecommerceupdate.com.br\/pt_pt\/wp-json\/wp\/v2\/pages\/91138","targetHints":{"allow":["GET"]}}],"collection":[{"href":"https:\/\/www.ecommerceupdate.com.br\/pt_pt\/wp-json\/wp\/v2\/pages"}],"about":[{"href":"https:\/\/www.ecommerceupdate.com.br\/pt_pt\/wp-json\/wp\/v2\/types\/page"}],"author":[{"embeddable":true,"href":"https:\/\/www.ecommerceupdate.com.br\/pt_pt\/wp-json\/wp\/v2\/users\/1"}],"replies":[{"embeddable":true,"href":"https:\/\/www.ecommerceupdate.com.br\/pt_pt\/wp-json\/wp\/v2\/comments?post=91138"}],"version-history":[{"count":0,"href":"https:\/\/www.ecommerceupdate.com.br\/pt_pt\/wp-json\/wp\/v2\/pages\/91138\/revisions"}],"wp:attachment":[{"href":"https:\/\/www.ecommerceupdate.com.br\/pt_pt\/wp-json\/wp\/v2\/media?parent=91138"}],"curies":[{"name":"wp","href":"https:\/\/api.w.org\/{rel}","templated":true}]}}