{"id":91647,"date":"2026-02-07T11:37:04","date_gmt":"2026-02-07T14:37:04","guid":{"rendered":"https:\/\/www.ecommerceupdate.org\/produto\/amazon-sem-limites-jeff-bezos-e-a-invencao-de-um-imperio-global\/"},"modified":"2026-03-08T20:06:02","modified_gmt":"2026-03-08T23:06:02","slug":"amazon-sem-limites-jeff-bezos-e-a-invencao-de-um-imperio-global","status":"publish","type":"product","link":"https:\/\/www.ecommerceupdate.com.br\/pt_pt\/produto\/amazon-sem-limites-jeff-bezos-e-a-invencao-de-um-imperio-global\/","title":{"rendered":"Amazon sem limites: Jeff Bezos e a inven\u00e7\u00e3o de um imp\u00e9rio global"},"content":{"rendered":"<div class=\"woocommerce-product-details\">\n<div id=\"aplus_feature_div\" class=\"celwidget\" data-feature-name=\"aplus\" data-csa-c-type=\"widget\" data-csa-c-content-id=\"aplus\" data-csa-c-slot-id=\"aplus_feature_div\" data-csa-c-asin=\"\" data-csa-c-is-in-initial-active-row=\"false\">\n<div id=\"aplus\" class=\"a-section a-spacing-large bucket\">\n<h3 class=\"\">Da editora<\/h3>\n<div lang=\"pt_BR\">\n<div class=\"aplus-v2 desktop celwidget\">\n<div class=\"celwidget aplus-module module-11 aplus-standard\">\n<div class=\"aplus-module-wrapper apm-spacing apm-floatnone apm-fixed-width\">\n<div class=\"apm-sidemodule aplus-module-content\">\n<div class=\"apm-hero-image\"> <img decoding=\"async\" alt=\"Amazon, Jeff Bezos, empresa, startup, tecnologia, inova\u00e7\u00e3o, varejo\" src=\"https:\/\/m.media-amazon.com\/images\/S\/aplus-media-library-service-media\/fc3540a6-4d2e-47e9-9630-07f3f30d16e5.__CR0,0,970,300_PT0_SX970_V1___.jpg\" \/> <\/div>\n<\/p>\n<\/div>\n<\/div>\n<\/div>\n<div class=\"celwidget aplus-module module-4 aplus-standard\">\n<div class=\"aplus-module-wrapper apm-fixed-width apm-spacing\">\n<h3 class=\"a-spacing-small\"> Como uma empresa se transforma em um imp\u00e9rio? <\/h3>\n<div class=\"apm-flex\">\n<div class=\"apm-flex-item-fourth-width\">\n<p class=\"apm-text-center\"> <img decoding=\"async\" alt=\"Amazon, Jeff Bezos, empresa, startup, tecnologia, inova\u00e7\u00e3o, varejo\" src=\"https:\/\/m.media-amazon.com\/images\/S\/aplus-media-library-service-media\/1b36a9e8-3c05-4f85-a03e-b1a0927dba93.__CR0,0,300,300_PT0_SX220_V1___.jpg\" \/> <\/p>\n<p class=\"a-size-small\"> Quando surgiu, em 1994, a Amazon tinha muitos desafios e sonhos. Hoje, quase trinta anos depois, \u00e9 considerada uma das maiores companhias do mundo, com valor de mercado estimado em 1 trilh\u00e3o de d\u00f3lares. <\/p>\n<\/p>\n<\/div>\n<div class=\"apm-flex-item-fourth-width\">\n<p class=\"apm-text-center\"> <img decoding=\"async\" alt=\"Amazon, Jeff Bezos, empresa, startup, tecnologia, inova\u00e7\u00e3o, varejo\" src=\"https:\/\/m.media-amazon.com\/images\/S\/aplus-media-library-service-media\/15eaaea6-1c71-4822-bf34-7e5ca503c84a.__CR0,0,300,300_PT0_SX220_V1___.jpg\" \/> <\/p>\n<p class=\"a-size-small\"> Comandada por Jeff Bezos, a empresa construiu uma trajet\u00f3ria com sucessos e pol\u00eamicas, que foi marcada por ideias revolucion\u00e1rias e por agressivas pr\u00e1ticas de mercado. <\/p>\n<\/p>\n<\/div>\n<div class=\"apm-flex-item-fourth-width\">\n<p class=\"apm-text-center\"> <img decoding=\"async\" alt=\"Amazon, Jeff Bezos, empresa, startup, tecnologia, inova\u00e7\u00e3o, varejo\" src=\"https:\/\/m.media-amazon.com\/images\/S\/aplus-media-library-service-media\/6e8dc31e-3fd1-4dde-9764-6a627a2516d9.__CR0,0,300,300_PT0_SX220_V1___.jpg\" \/> <\/p>\n<p class=\"a-size-small\"> Por apostar em inova\u00e7\u00e3o, a gigante varejista encontrou oportunidades e conquistou seu espa\u00e7o n\u00e3o s\u00f3 na venda on-line, mas tamb\u00e9m em novos mercados, como streaming, alimentos e tecnologia. <\/p>\n<\/p>\n<\/div>\n<div class=\"apm-flex-item-fourth-width\">\n<p class=\"apm-text-center\"> <img decoding=\"async\" alt=\"Amazon, Jeff Bezos, empresa, startup, tecnologia, inova\u00e7\u00e3o, varejo\" src=\"https:\/\/m.media-amazon.com\/images\/S\/aplus-media-library-service-media\/c0162607-fcd6-4b51-a285-3371b05ae68f.__CR0,0,300,300_PT0_SX220_V1___.jpg\" \/> <\/p>\n<p class=\"a-size-small\"> Os detalhes da ascens\u00e3o da Amazon, os bastidores dos maiores <span class=\"a-text-italic\">cases<\/span> da companhia e as pol\u00eamicas que transformaram Jeff Bezos em um dos CEOs mais conhecidos do mundo est\u00e3o em <span class=\"a-text-italic\">Amazon sem limites.<\/span> <\/p>\n<\/p>\n<\/div>\n<\/div>\n<\/div>\n<\/div>\n<div class=\"celwidget aplus-module module-4 aplus-standard\">\n<div class=\"aplus-module-wrapper apm-fixed-width apm-spacing\">\n<h3 class=\"a-spacing-small\"> Curiosidades sobre a Amazon <\/h3>\n<div class=\"apm-flex\">\n<div class=\"apm-flex-item-fourth-width\">\n<p class=\"apm-text-center\"> <img decoding=\"async\" alt=\"Amazon, Jeff Bezos, empresa, startup, tecnologia, inova\u00e7\u00e3o, varejo\" src=\"https:\/\/m.media-amazon.com\/images\/S\/aplus-media-library-service-media\/65bf856f-370c-4b68-8c27-87261dc9c7e9.__CR0,0,300,300_PT0_SX220_V1___.jpg\" \/> <\/p>\n<h4 class=\"a-spacing-mini\"> 1. As primeiras vers\u00f5es do Echo Dot (ou Alexa) tinham controle remoto. <\/h4>\n<p class=\"a-size-small\"> Temendo que o dispositivo n\u00e3o fosse capaz de ouvir os comandos em ambientes com m\u00fasica alta ou conversas paralelas, os executivos decidiram enviar um controle remoto nas caixas como alternativa para os clientes, por\u00e9m ele acabou se mostrando desnecess\u00e1rio e foi descontinuado. <\/p>\n<\/p>\n<\/div>\n<div class=\"apm-flex-item-fourth-width\">\n<p class=\"apm-text-center\"> <img decoding=\"async\" alt=\"Amazon, Jeff Bezos, empresa, startup, tecnologia, inova\u00e7\u00e3o, varejo\" src=\"https:\/\/m.media-amazon.com\/images\/S\/aplus-media-library-service-media\/c736e904-2e32-4557-8653-da45821b6ede.__CR0,0,300,300_PT0_SX220_V1___.jpg\" \/> <\/p>\n<h4 class=\"a-spacing-mini\"> 2. O Prime Day foi criado para aproveitar um tradicional momento de compras. <\/h4>\n<p class=\"a-size-small\"> O ver\u00e3o \u00e9 o momento de f\u00e9rias e de volta \u00e0s aulas. Por ser um per\u00edodo com grande volume de compras em mercados nos quais a Amazon n\u00e3o tinha grande participa\u00e7\u00e3o, eles criaram o Prime Day com o objetivo de aproveitar esse impulso para motivar tamb\u00e9m a venda de seus produtos. <\/p>\n<\/p>\n<\/div>\n<div class=\"apm-flex-item-fourth-width\">\n<p class=\"apm-text-center\"> <img decoding=\"async\" alt=\"Amazon, Jeff Bezos, empresa, startup, tecnologia, inova\u00e7\u00e3o, varejo\" src=\"https:\/\/m.media-amazon.com\/images\/S\/aplus-media-library-service-media\/af027908-8482-4934-bc34-d7f61db96eff.__CR0,0,300,300_PT0_SX220_V1___.jpg\" \/> <\/p>\n<h4 class=\"a-spacing-mini\"> 3. Jeff Bezos cogitou comprar a Netflix antes que se tornasse uma gigante global. <\/h4>\n<p class=\"a-size-small\"> Durante muitos anos, Bezos observou o avan\u00e7o da Netflix e considerou incorpor\u00e1-la ao imp\u00e9rio Amazon. Quando percebeu que a empresa de Reed Hastings j\u00e1 era grande demais e uma forte concorr\u00eancia \u00e0 plataforma de streaming da Amazon, passou a investir mais ativamente no cat\u00e1logo do Prime Video. <\/p>\n<\/p>\n<\/div>\n<div class=\"apm-flex-item-fourth-width\">\n<p class=\"apm-text-center\"> <img decoding=\"async\" alt=\"Amazon, Jeff Bezos, empresa, startup, tecnologia, inova\u00e7\u00e3o, varejo\" src=\"https:\/\/m.media-amazon.com\/images\/S\/aplus-media-library-service-media\/945e132f-780e-4a23-b9c2-dec7ffc4bbec.__CR0,0,300,300_PT0_SX220_V1___.jpg\" \/> <\/p>\n<h4 class=\"a-spacing-mini\"> 4. Tentativa de lan\u00e7ar um smartphone com tecnologia de ponta a baixo custo. <\/h4>\n<p class=\"a-size-small\"> O Fire Phone foi um dos maiores projetos (e fracassos) da Amazon, criado com o objetivo de concorrer com as principais marcas de smartphones. Apesar dos milh\u00f5es de d\u00f3lares investidos, o produto final era tecnologicamente inferior e a ideia foi abandonada, pois os ajustes necess\u00e1rios o tornariam mais caro que o previsto para o consumidor final. <\/p>\n<\/p>\n<\/div>\n<\/div>\n<\/div>\n<\/div>\n<div class=\"celwidget aplus-module module-11 aplus-standard\">\n<div class=\"aplus-module-wrapper apm-spacing apm-floatnone apm-fixed-width\">\n<div class=\"apm-sidemodule aplus-module-content\">\n<div class=\"apm-hero-image\"> <img decoding=\"async\" alt=\"Amazon, Jeff Bezos, empresa, startup, tecnologia, inova\u00e7\u00e3o, varejo\" src=\"https:\/\/m.media-amazon.com\/images\/S\/aplus-media-library-service-media\/9cb93a6d-ce45-4988-9bc5-d2aeeba97148.__CR0,0,970,300_PT0_SX970_V1___.jpg\" \/> <\/div>\n<\/p>\n<\/div>\n<\/div>\n<\/div>\n<\/div>\n<\/div>\n<\/div>\n<\/div>\n<h3>Detalhes do produto<\/h3>\n<ul>\n<li>ASIN : B09476G2DN<\/li>\n<li>Editora : Intr\u00ednseca<\/li>\n<li>Acessibilidade : Saiba mais<\/li>\n<li>Data da publica\u00e7\u00e3o : 2 junho 2021<\/li>\n<li>Idioma : Portugu\u00eas<\/li>\n<li>Tamanho do arquivo : 11.0 MB<\/li>\n<li>Leitor de tela : Compat\u00edvel<\/li>\n<li>Configura\u00e7\u00e3o de fonte : Habilitado<\/li>\n<li>Dicas de vocabul\u00e1rio : N\u00e3o habilitado<\/li>\n<li>N\u00famero de p\u00e1ginas : 621 p\u00e1ginas<\/li>\n<li>ISBN-13 : 978-6555602357<\/li>\n<li>Page Flip : Habilitado<\/li>\n<li>Idade de leitura : 16 anos e acima<\/li>\n<li>Ranking dos mais vendidos: N\u00ba 115.521 em Loja Kindle (Conhe\u00e7a o Top 100 na categoria Loja Kindle) N\u00ba 54 em Com\u00e9rcio Eletr\u00f4nico N\u00ba 162 em Mudan\u00e7a Organizacional N\u00ba 4.127 em Neg\u00f3cios e economia<\/li>\n<li>N\u00ba 54 em Com\u00e9rcio Eletr\u00f4nico<\/li>\n<li>N\u00ba 162 em Mudan\u00e7a Organizacional<\/li>\n<li>N\u00ba 4.127 em Neg\u00f3cios e economia<\/li>\n<li>Avalia\u00e7\u00f5es dos clientes: 4,7 4,7 de 5 estrelas (356)<\/li>\n<\/ul><\/div>","protected":false},"excerpt":{"rendered":"<p>O autor do best-seller A loja de tudo tra\u00e7a um panorama fiel do crescimento sem precedentes da Amazon e de seu bilion\u00e1rio fundador, Jeff Bezos.H\u00e1 quase uma d\u00e9cada, Brad Stone registrou a ascens\u00e3o da Amazon, o empreendimento pioneiro que transformou de forma silenciosa nosso modo de fazer compras pela internet. Desde ent\u00e3o, a empresa tem passado por um crescimento exponencial, inventando produtos \u2014 como a assistente pessoal baseada em intelig\u00eancia artificial Alexa e o servi\u00e7o de armazenamento em nuvem Amazon Web Services \u2014 e desestruturando diversos mercados.Em Amazon sem limites, Brad Stone apresenta o retrato v\u00edvido e fascinante de como uma novata no varejo se tornou uma das entidades mais poderosas e temidas na economia global. Com acesso sem precedente a executivos, funcion\u00e1rios, integrantes de \u00f3rg\u00e3os reguladores e cr\u00edticos, Stone mostra como mudan\u00e7as profundas na empresa durante a \u00faltima d\u00e9cada levaram a inova\u00e7\u00f5es dr\u00e1sticas, bem como os erros que alimentaram uma percep\u00e7\u00e3o negativa do p\u00fablico a respeito das agressivas pr\u00e1ticas de neg\u00f3cios da Amazon, do seu ambiente de trabalho e sua rela\u00e7\u00e3o com funcion\u00e1rios e colaboradores, do seu impacto no meio ambiente e na sociedade e do frenesi digno de reality show na busca por uma segunda sede.Stone tamb\u00e9m investiga a evolu\u00e7\u00e3o do pr\u00f3prio Bezos, um tecn\u00f3logo geek totalmente dedicado a seu empreendimento, que se transformaria em bilion\u00e1rio disciplinado, com ambi\u00e7\u00f5es globais, comandando um imp\u00e9rio com m\u00e3o de ferro, mesmo quando sua vida pessoal passou a ser escrutinada pelos tabloides. O livro analisa o afastamento gradual de Bezos do dia a dia da companhia para focar em seus muitos outros interesses, bem no momento em que seu imp\u00e9rio se expande: um movimento que culminou no an\u00fancio de sua importante transi\u00e7\u00e3o de CEO para presidente executivo.Definitivo, oportuno e revelador, Amazon sem limites \u00e9 o relato in\u00e9dito sobre um homem e uma empresa sem os quais n\u00e3o poder\u00edamos imaginar a vida moderna.<\/p>","protected":false},"featured_media":91647,"comment_status":"open","ping_status":"closed","template":"","meta":[],"product_cat":[1611,1621,1595],"product_tag":[],"class_list":{"0":"post-91647","1":"product","2":"type-product","3":"status-publish","4":"has-post-thumbnail","6":"product_brand-por-brad-stone-autor-isabella-pacheco-tradutor-livia-de-almeida-tradutor-regina-lyra-tradutor-1-mais-formato-ebook-kindle","7":"product_cat-administracao-negocios-e-economia","8":"product_cat-gestao-e-lideranca","9":"product_cat-livros","11":"first","12":"instock","13":"sale","14":"shipping-taxable","15":"purchasable","16":"product-type-simple"},"aioseo_notices":[],"_links":{"self":[{"href":"https:\/\/www.ecommerceupdate.com.br\/pt_pt\/wp-json\/wp\/v2\/product\/91647","targetHints":{"allow":["GET"]}}],"collection":[{"href":"https:\/\/www.ecommerceupdate.com.br\/pt_pt\/wp-json\/wp\/v2\/product"}],"about":[{"href":"https:\/\/www.ecommerceupdate.com.br\/pt_pt\/wp-json\/wp\/v2\/types\/product"}],"replies":[{"embeddable":true,"href":"https:\/\/www.ecommerceupdate.com.br\/pt_pt\/wp-json\/wp\/v2\/comments?post=91647"}],"wp:featuredmedia":[{"embeddable":true,"href":"https:\/\/www.ecommerceupdate.com.br\/pt_pt\/wp-json\/wp\/v2\/product\/91647"}],"wp:attachment":[{"href":"https:\/\/www.ecommerceupdate.com.br\/pt_pt\/wp-json\/wp\/v2\/media?parent=91647"}],"wp:term":[{"taxonomy":"product_cat","embeddable":true,"href":"https:\/\/www.ecommerceupdate.com.br\/pt_pt\/wp-json\/wp\/v2\/product_cat?post=91647"},{"taxonomy":"product_tag","embeddable":true,"href":"https:\/\/www.ecommerceupdate.com.br\/pt_pt\/wp-json\/wp\/v2\/product_tag?post=91647"}],"curies":[{"name":"wp","href":"https:\/\/api.w.org\/{rel}","templated":true}]}}