{"id":91658,"date":"2026-02-07T12:36:03","date_gmt":"2026-02-07T15:36:03","guid":{"rendered":"https:\/\/www.ecommerceupdate.org\/produto\/logistica-eficiente-um-guia-pratico-em-busca-da-excelencia-operacional\/"},"modified":"2026-03-13T15:23:29","modified_gmt":"2026-03-13T18:23:29","slug":"logistica-eficiente-um-guia-pratico-em-busca-da-excelencia-operacional","status":"publish","type":"product","link":"https:\/\/www.ecommerceupdate.com.br\/pt_pt\/produto\/logistica-eficiente-um-guia-pratico-em-busca-da-excelencia-operacional\/","title":{"rendered":"Log\u00edstica eficiente: Um guia pr\u00e1tico em busca da excel\u00eancia operacional"},"content":{"rendered":"<div class=\"woocommerce-product-details\">\n<div id=\"aplus_feature_div\" class=\"celwidget\" data-feature-name=\"aplus\" data-csa-c-type=\"widget\" data-csa-c-content-id=\"aplus\" data-csa-c-slot-id=\"aplus_feature_div\" data-csa-c-asin=\"\" data-csa-c-is-in-initial-active-row=\"false\">\n<div id=\"aplus\" class=\"a-section a-spacing-large bucket\">\n<h3 class=\"\">Da editora<\/h3>\n<div lang=\"pt_BR\">\n<div class=\"aplus-v2 desktop celwidget\">\n<div class=\"celwidget aplus-module 3p-module-b aplus-standard\">\n<div class=\"aplus-module-wrapper aplus-3p-fixed-width\"> <img decoding=\"async\" alt=\"a\" src=\"https:\/\/m.media-amazon.com\/images\/S\/aplus-media-library-service-media\/58ac7646-c98b-4965-a5b8-dc7971e43023.__CR0,0,3031,1875_PT0_SX970_V1___.jpg\" \/> <\/div>\n<\/p>\n<\/div>\n<div class=\"celwidget aplus-module module-7 aplus-standard\">\n<div class=\"aplus-module-wrapper apm-fixed-width\">\n<div class=\"apm-spacing apm-wrap\">\n<div class=\"apm-floatleft apm-wrap\">\n<div class=\"apm-leftimage\"> <img decoding=\"async\" alt=\"a\" src=\"https:\/\/m.media-amazon.com\/images\/S\/aplus-media-library-service-media\/88da6dfc-69f3-4d25-a8f5-9e04064e0057.__CR0,0,938,938_PT0_SX300_V1___.jpg\" \/> <\/div>\n<div class=\"apm-rightthirdcol\"> <\/div>\n<div class=\"apm-centerthirdcol\">\n<h4 class=\"a-spacing-mini\"> Destaques do livro <\/h4>\n<p class=\"a-spacing-base\"> &#8211; estrat\u00e9gias operacionais para aperfei\u00e7oar o seu neg\u00f3cio <\/p>\n<p class=\"a-spacing-base\"> &#8211; gr\u00e1ficos e infogr\u00e1ficos ilustrativos dos processos da log\u00edstica eficiente <\/p>\n<p class=\"a-spacing-base\"> &#8211; abordagem simples e objetiva <\/p>\n<\/p>\n<\/div>\n<\/div>\n<\/div>\n<\/div>\n<\/div>\n<div class=\"celwidget aplus-module launchpad-company-logo aplus-standard\">\n<div class=\"a-section a-text-center launchpad-module launchpad-module-company-logo\"> <img decoding=\"async\" alt=\"a\" src=\"https:\/\/m.media-amazon.com\/images\/S\/aplus-media-library-service-media\/4a09c3d1-658a-48f1-b650-cd0af035b93d.__CR1,0,1873,562_PT0_SX600_V1___.jpg\" \/> <\/div>\n<\/p>\n<\/div>\n<\/div>\n<\/div>\n<\/div>\n<\/div>\n<h3>Detalhes do produto<\/h3>\n<ul>\n<li>Editora : Figurati<\/li>\n<li>Data da publica\u00e7\u00e3o : 20 mar\u00e7o 2024<\/li>\n<li>Edi\u00e7\u00e3o : 1\u00aa<\/li>\n<li>Idioma : Portugu\u00eas<\/li>\n<li>N\u00famero de p\u00e1ginas : 120 p\u00e1ginas<\/li>\n<li>ISBN-10 : 6555616938<\/li>\n<li>ISBN-13 : 978-6555616934<\/li>\n<li>Peso do produto : 170 g<\/li>\n<li>Idade de leitura : 6 anos e acima<\/li>\n<li>Dimens\u00f5es : 16 x 1 x 23 cm<\/li>\n<li>Ranking dos mais vendidos: N\u00ba 39.568 em Livros (Conhe\u00e7a o Top 100 na categoria Livros) N\u00ba 20 em Microeconomia N\u00ba 21 em Compras e Com\u00e9rcio N\u00ba 127 em Neg\u00f3cios (Livros)<\/li>\n<li>N\u00ba 20 em Microeconomia<\/li>\n<li>N\u00ba 21 em Compras e Com\u00e9rcio<\/li>\n<li>N\u00ba 127 em Neg\u00f3cios (Livros)<\/li>\n<li>Avalia\u00e7\u00f5es dos clientes: 4,8 4,8 de 5 estrelas (27)<\/li>\n<\/ul><\/div>","protected":false},"excerpt":{"rendered":"<p>J\u00c1 SE PERGUNTOU SOBRE O CAMINHO QUE UM PRODUTO FAZ AT\u00c9 CHEGAR A VOC\u00ca? LOG\u00cdSTICA EFICIENTE: UM GUI A PR\u00c1TICO EM BUSCA DA EXCEL\u00caNCIA OPERACIONAL revela os segredos dessa incr\u00edvel trajet\u00f3ria. Com uma abordagem amig\u00e1vel e repleta de experi\u00eancia, Eduardo Linhares compartilha estrat\u00e9gias e insights que podem transformar a log\u00edstica do seu neg\u00f3cio. Do gerenciamento de estoque \u00e0 entrega final, este livro \u00e9 um verdadeiro tesouro, pronto para mudar sua perspectiva sobre a cadeia de suprimentos. Se voc\u00ea deseja aperfei\u00e7oar suas opera\u00e7\u00f5es, garantir entregas \u00e1geis e encantar seus clientes, e leitura \u00e9 mais que essencial. Venha embarcar nesta aventura e descubra como a log\u00edstica eficiente pode ser o segredo do sucesso do seu empreendimento.<\/p>","protected":false},"featured_media":91658,"comment_status":"open","ping_status":"closed","template":"","meta":[],"product_cat":[1611,1630,1595],"product_tag":[],"class_list":{"0":"post-91658","1":"product","2":"type-product","3":"status-publish","4":"has-post-thumbnail","6":"product_brand-por-eduardo-linhares-autor","7":"product_cat-administracao-negocios-e-economia","8":"product_cat-economia","9":"product_cat-livros","11":"first","12":"instock","13":"sale","14":"shipping-taxable","15":"purchasable","16":"product-type-simple"},"aioseo_notices":[],"_links":{"self":[{"href":"https:\/\/www.ecommerceupdate.com.br\/pt_pt\/wp-json\/wp\/v2\/product\/91658","targetHints":{"allow":["GET"]}}],"collection":[{"href":"https:\/\/www.ecommerceupdate.com.br\/pt_pt\/wp-json\/wp\/v2\/product"}],"about":[{"href":"https:\/\/www.ecommerceupdate.com.br\/pt_pt\/wp-json\/wp\/v2\/types\/product"}],"replies":[{"embeddable":true,"href":"https:\/\/www.ecommerceupdate.com.br\/pt_pt\/wp-json\/wp\/v2\/comments?post=91658"}],"wp:featuredmedia":[{"embeddable":true,"href":"https:\/\/www.ecommerceupdate.com.br\/pt_pt\/wp-json\/wp\/v2\/product\/91658"}],"wp:attachment":[{"href":"https:\/\/www.ecommerceupdate.com.br\/pt_pt\/wp-json\/wp\/v2\/media?parent=91658"}],"wp:term":[{"taxonomy":"product_cat","embeddable":true,"href":"https:\/\/www.ecommerceupdate.com.br\/pt_pt\/wp-json\/wp\/v2\/product_cat?post=91658"},{"taxonomy":"product_tag","embeddable":true,"href":"https:\/\/www.ecommerceupdate.com.br\/pt_pt\/wp-json\/wp\/v2\/product_tag?post=91658"}],"curies":[{"name":"wp","href":"https:\/\/api.w.org\/{rel}","templated":true}]}}