{"id":91661,"date":"2026-02-07T12:39:34","date_gmt":"2026-02-07T15:39:34","guid":{"rendered":"https:\/\/www.ecommerceupdate.org\/produto\/custos-de-operacoes-no-e-commerce\/"},"modified":"2026-03-13T15:23:44","modified_gmt":"2026-03-13T18:23:44","slug":"custos-de-operacoes-no-e-commerce","status":"publish","type":"product","link":"https:\/\/www.ecommerceupdate.com.br\/pt_pt\/produto\/custos-de-operacoes-no-e-commerce\/","title":{"rendered":"Custos de Opera\u00e7\u00f5es no E-commerce"},"content":{"rendered":"<div class=\"woocommerce-product-details\"><\/div>","protected":false},"excerpt":{"rendered":"<p>Esta obra apresenta informa\u00e7\u00f5es valiosas sobre fatores important\u00edssimos para um e-commerce de sucesso: administra\u00e7\u00e3o, gest\u00e3o, log\u00edstica, sistemas informatizados, marketing, formas de pagamento, impostos, entre v\u00e1rios outros t\u00f3picos importantes para a cria\u00e7\u00e3o de um neg\u00f3cio virtual bem-sucedido, competitivo e rent\u00e1vel.<\/p>","protected":false},"featured_media":0,"comment_status":"open","ping_status":"closed","template":"","meta":[],"product_cat":[1611,1613,1595],"product_tag":[],"class_list":{"0":"post-91661","1":"product","2":"type-product","3":"status-publish","5":"product_brand-por-silvana-torquato-fernandes-alves-autor-lcia-maria-tavares-autor","6":"product_cat-administracao-negocios-e-economia","7":"product_cat-industrias-e-profissoes","8":"product_cat-livros","10":"first","11":"instock","12":"sale","13":"shipping-taxable","14":"purchasable","15":"product-type-simple"},"aioseo_notices":[],"_links":{"self":[{"href":"https:\/\/www.ecommerceupdate.com.br\/pt_pt\/wp-json\/wp\/v2\/product\/91661","targetHints":{"allow":["GET"]}}],"collection":[{"href":"https:\/\/www.ecommerceupdate.com.br\/pt_pt\/wp-json\/wp\/v2\/product"}],"about":[{"href":"https:\/\/www.ecommerceupdate.com.br\/pt_pt\/wp-json\/wp\/v2\/types\/product"}],"replies":[{"embeddable":true,"href":"https:\/\/www.ecommerceupdate.com.br\/pt_pt\/wp-json\/wp\/v2\/comments?post=91661"}],"wp:attachment":[{"href":"https:\/\/www.ecommerceupdate.com.br\/pt_pt\/wp-json\/wp\/v2\/media?parent=91661"}],"wp:term":[{"taxonomy":"product_cat","embeddable":true,"href":"https:\/\/www.ecommerceupdate.com.br\/pt_pt\/wp-json\/wp\/v2\/product_cat?post=91661"},{"taxonomy":"product_tag","embeddable":true,"href":"https:\/\/www.ecommerceupdate.com.br\/pt_pt\/wp-json\/wp\/v2\/product_tag?post=91661"}],"curies":[{"name":"wp","href":"https:\/\/api.w.org\/{rel}","templated":true}]}}