{"id":91687,"date":"2026-02-07T21:28:38","date_gmt":"2026-02-08T00:28:38","guid":{"rendered":"https:\/\/www.ecommerceupdate.org\/produto\/plataformas-e-sistemas-de-gestao-para-e-commerce\/"},"modified":"2026-03-13T15:25:35","modified_gmt":"2026-03-13T18:25:35","slug":"plataformas-e-sistemas-de-gestao-para-e-commerce","status":"publish","type":"product","link":"https:\/\/www.ecommerceupdate.com.br\/pt_pt\/produto\/plataformas-e-sistemas-de-gestao-para-e-commerce\/","title":{"rendered":"Plataformas e Sistemas de Gest\u00e3o para E-commerce"},"content":{"rendered":"<div class=\"woocommerce-product-details\"><\/div>","protected":false},"excerpt":{"rendered":"<p>Prezado(a) aluno(a), Vivem-se tempos de intensa digitaliza\u00e7\u00e3o no mundo dos neg\u00f3cios, o que \u00e9 uma das caracter\u00edsticas do atual momento conhecido por Quarta Revolu\u00e7\u00e3o Industrial. Um dos grandes impulsionadores sen\u00e3o o maior de todo esse movimento de profunda transforma\u00e7\u00e3o digital das empresas e da pr\u00f3pria sociedade \u00e9 o com\u00e9rcio eletr\u00f4nico, esse que, em suma, \u00e9 o processo de compra e venda de produtos e servi\u00e7os por meio digital. O que ocorre \u00e9 que as pessoas despendem cada vez mais tempo na internet em atividades do cotidiano, como trabalho, estudo e entretenimento. N\u00e3o h\u00e1 como negar que todo tipo de atividade comercial e social, nos dias de hoje, est\u00e1 de algum modo associado ao ambiente online. Mais precisamente, \u00e9 poss\u00edvel afirmar que, sem o e-commerce, o mundo tal como conhecido hoje seria impratic\u00e1vel por isso, o com\u00e9rcio eletr\u00f4nico \u00e9 t\u00e3o importante na vida di\u00e1ria. Essa obra n\u00e3o poderia se eximir de investigar as raz\u00f5es pelas quais o e-commerce se converteu em um leg\u00edtimo renorteador do eixo civiliza t\u00f3rio. Mas, muito al\u00e9m disso, permite principalmente que o leitor adentre esse campo do conhecimento e nele se posicione conforme sua pr\u00f3pria estrat\u00e9gia individual (por exemplo, quanto \u00e0 ambi\u00e7\u00e3o de tornar-se um especialista t\u00e9cnico na \u00e1rea, ou gestor de neg\u00f3cios online, um pesquisador dos fen\u00f4menos inerentes a essa modalidade ou at\u00e9 mesmo um consumidor mais consciente das opera\u00e7\u00f5es realizadas em meio eletr\u00f4nico). Portanto, essa obra tem o prop\u00f3sito de oferecer acesso de n\u00edvel variado aos interessados em dominar o e-commerce: o livro serve tanto para o leigo conseguir se situar suficientemente entre as plataformas e sistemas informatizados, quanto para o indiv\u00edduo mais versado em com\u00e9rcio eletr\u00f4nico aprimorar suas compet\u00eancias. Assim, o leitor encontra, de modo balanceado, abordagens t\u00e9cnicas, gerenciais, hist\u00f3ricas e estrat\u00e9gicas, para que o fen\u00f4meno do e-commerce possa ser assimilado por diversas perspectivas de aprendizagem. Finalmente, desejamos que essa obra pro<\/p>","protected":false},"featured_media":91687,"comment_status":"open","ping_status":"closed","template":"","meta":[],"product_cat":[1653,1595],"product_tag":[],"class_list":{"0":"post-91687","1":"product","2":"type-product","3":"status-publish","4":"has-post-thumbnail","6":"product_brand-por-rodrigo-vincius-sartori-autor","7":"product_cat-educacao-referencia-e-didaticos","8":"product_cat-livros","10":"first","11":"instock","12":"shipping-taxable","13":"purchasable","14":"product-type-simple"},"aioseo_notices":[],"_links":{"self":[{"href":"https:\/\/www.ecommerceupdate.com.br\/pt_pt\/wp-json\/wp\/v2\/product\/91687","targetHints":{"allow":["GET"]}}],"collection":[{"href":"https:\/\/www.ecommerceupdate.com.br\/pt_pt\/wp-json\/wp\/v2\/product"}],"about":[{"href":"https:\/\/www.ecommerceupdate.com.br\/pt_pt\/wp-json\/wp\/v2\/types\/product"}],"replies":[{"embeddable":true,"href":"https:\/\/www.ecommerceupdate.com.br\/pt_pt\/wp-json\/wp\/v2\/comments?post=91687"}],"wp:featuredmedia":[{"embeddable":true,"href":"https:\/\/www.ecommerceupdate.com.br\/pt_pt\/wp-json\/wp\/v2\/product\/91687"}],"wp:attachment":[{"href":"https:\/\/www.ecommerceupdate.com.br\/pt_pt\/wp-json\/wp\/v2\/media?parent=91687"}],"wp:term":[{"taxonomy":"product_cat","embeddable":true,"href":"https:\/\/www.ecommerceupdate.com.br\/pt_pt\/wp-json\/wp\/v2\/product_cat?post=91687"},{"taxonomy":"product_tag","embeddable":true,"href":"https:\/\/www.ecommerceupdate.com.br\/pt_pt\/wp-json\/wp\/v2\/product_tag?post=91687"}],"curies":[{"name":"wp","href":"https:\/\/api.w.org\/{rel}","templated":true}]}}