{"id":93225,"date":"2026-03-01T09:31:52","date_gmt":"2026-03-01T12:31:52","guid":{"rendered":"https:\/\/www.ecommerceupdate.com.br\/produto\/dominando-a-ia\/"},"modified":"2026-03-13T15:27:17","modified_gmt":"2026-03-13T18:27:17","slug":"dominando-a-ia","status":"publish","type":"product","link":"https:\/\/www.ecommerceupdate.com.br\/pt_pt\/produto\/dominando-a-ia\/","title":{"rendered":"Dominando a IA"},"content":{"rendered":"<div class=\"woocommerce-product-details\"><\/div>","protected":false},"excerpt":{"rendered":"<p>\u201cCOMO A IA COLOCA A DEMOCRACIA EM RISCO E MUDA NOSSO MODO DE PENSAR.\u201d<\/p>\n<p>Jeremy Kahn, jornalista da revista Fortune, lan\u00e7a m\u00e3o de toda sua expertise e uma ampla rede de contatos entre as empresas e cientistas que est\u00e3o na vanguarda da Intelig\u00eancia Artificial para fazer previs\u00f5es impactantes sobre o efeito dessa tecnologia ao longo da pr\u00f3xima d\u00e9cada.<\/p>\n<p>O autor prev\u00ea que, dentro dos pr\u00f3ximos cinco anos, a IA afetar\u00e1 todos os setores econ\u00f4micos e empreendimentos, aumentando drasticamente a efici\u00eancia e a produtividade. No entanto, embora as proje\u00e7\u00f5es indiquem um futuro brilhante, a IA tamb\u00e9m traz consigo uma sombra de medo e incerteza.<\/p>\n<p>Com a vantagem de ter acesso privilegiado a l\u00edderes, cientistas, futuristas e outros protagonistas dessa nova realidade, Kahn argumenta que, se a IA n\u00e3o for cuidadosamente projetada e rigorosamente regulamentada, provocar\u00e1 a redu\u00e7\u00e3o de sal\u00e1rios e o aumento da desigualdade de renda, impondo mercados monopolizados em grande parte da economia.<br \/>Dominando a IA serve como um importante guia para qualquer pessoa \u00e1vida por compreender o avan\u00e7o explosivo da IA e o que nos aguarda adiante.<\/p>","protected":false},"featured_media":93225,"comment_status":"open","ping_status":"closed","template":"","meta":[],"product_cat":[1615,1608,1607],"product_tag":[],"class_list":{"0":"post-93225","1":"product","2":"type-product","3":"status-publish","4":"has-post-thumbnail","6":"product_brand-por-jeremy-kahn-autor-formato-ebook-kindle","7":"product_cat-ciencias","8":"product_cat-ebooks-kindle","9":"product_cat-loja-kindle","11":"first","12":"instock","13":"sale","14":"shipping-taxable","15":"purchasable","16":"product-type-simple"},"aioseo_notices":[],"_links":{"self":[{"href":"https:\/\/www.ecommerceupdate.com.br\/pt_pt\/wp-json\/wp\/v2\/product\/93225","targetHints":{"allow":["GET"]}}],"collection":[{"href":"https:\/\/www.ecommerceupdate.com.br\/pt_pt\/wp-json\/wp\/v2\/product"}],"about":[{"href":"https:\/\/www.ecommerceupdate.com.br\/pt_pt\/wp-json\/wp\/v2\/types\/product"}],"replies":[{"embeddable":true,"href":"https:\/\/www.ecommerceupdate.com.br\/pt_pt\/wp-json\/wp\/v2\/comments?post=93225"}],"wp:featuredmedia":[{"embeddable":true,"href":"https:\/\/www.ecommerceupdate.com.br\/pt_pt\/wp-json\/wp\/v2\/product\/93225"}],"wp:attachment":[{"href":"https:\/\/www.ecommerceupdate.com.br\/pt_pt\/wp-json\/wp\/v2\/media?parent=93225"}],"wp:term":[{"taxonomy":"product_cat","embeddable":true,"href":"https:\/\/www.ecommerceupdate.com.br\/pt_pt\/wp-json\/wp\/v2\/product_cat?post=93225"},{"taxonomy":"product_tag","embeddable":true,"href":"https:\/\/www.ecommerceupdate.com.br\/pt_pt\/wp-json\/wp\/v2\/product_tag?post=93225"}],"curies":[{"name":"wp","href":"https:\/\/api.w.org\/{rel}","templated":true}]}}