{"id":93393,"date":"2026-03-04T00:27:10","date_gmt":"2026-03-04T03:27:10","guid":{"rendered":"https:\/\/www.ecommerceupdate.com.br\/produto\/inovacao-e-eficiencia-explorando-a-logistica-reversa-no-e-commerce\/"},"modified":"2026-03-13T15:29:13","modified_gmt":"2026-03-13T18:29:13","slug":"inovacao-e-eficiencia-explorando-a-logistica-reversa-no-e-commerce","status":"publish","type":"product","link":"https:\/\/www.ecommerceupdate.com.br\/pt_pt\/produto\/inovacao-e-eficiencia-explorando-a-logistica-reversa-no-e-commerce\/","title":{"rendered":"Inova\u00e7\u00e3o e efici\u00eancia:: explorando a log\u00edstica reversa no e-commerce"},"content":{"rendered":"<div class=\"woocommerce-product-details\"><\/div>","protected":false},"excerpt":{"rendered":"<p>Esta obra apresenta os principais temas da \u00e1rea de log\u00edstica reversa, relacionando-os \u00e0 atividade de e-commerce.Aqui s\u00e3o tratados de temas como: tipos de log\u00edstica reversa, legisla\u00e7\u00e3o Ambiental aplicada \u00e0 logistica reversa, logist\u00edca reversa e e-commerce e muitos outros.<\/p>","protected":false},"featured_media":0,"comment_status":"open","ping_status":"closed","template":"","meta":[],"product_cat":[1611,1621,1595],"product_tag":[],"class_list":{"0":"post-93393","1":"product","2":"type-product","3":"status-publish","5":"product_brand-por-rodrigo-de-cssio-da-silva-autor","6":"product_cat-administracao-negocios-e-economia","7":"product_cat-gestao-e-lideranca","8":"product_cat-livros","10":"first","11":"instock","12":"sale","13":"shipping-taxable","14":"purchasable","15":"product-type-simple"},"aioseo_notices":[],"_links":{"self":[{"href":"https:\/\/www.ecommerceupdate.com.br\/pt_pt\/wp-json\/wp\/v2\/product\/93393","targetHints":{"allow":["GET"]}}],"collection":[{"href":"https:\/\/www.ecommerceupdate.com.br\/pt_pt\/wp-json\/wp\/v2\/product"}],"about":[{"href":"https:\/\/www.ecommerceupdate.com.br\/pt_pt\/wp-json\/wp\/v2\/types\/product"}],"replies":[{"embeddable":true,"href":"https:\/\/www.ecommerceupdate.com.br\/pt_pt\/wp-json\/wp\/v2\/comments?post=93393"}],"wp:attachment":[{"href":"https:\/\/www.ecommerceupdate.com.br\/pt_pt\/wp-json\/wp\/v2\/media?parent=93393"}],"wp:term":[{"taxonomy":"product_cat","embeddable":true,"href":"https:\/\/www.ecommerceupdate.com.br\/pt_pt\/wp-json\/wp\/v2\/product_cat?post=93393"},{"taxonomy":"product_tag","embeddable":true,"href":"https:\/\/www.ecommerceupdate.com.br\/pt_pt\/wp-json\/wp\/v2\/product_tag?post=93393"}],"curies":[{"name":"wp","href":"https:\/\/api.w.org\/{rel}","templated":true}]}}