{"id":93423,"date":"2026-03-04T08:53:32","date_gmt":"2026-03-04T11:53:32","guid":{"rendered":"https:\/\/www.ecommerceupdate.com.br\/produto\/startup-manual-do-empreendedor\/"},"modified":"2026-03-13T15:32:03","modified_gmt":"2026-03-13T18:32:03","slug":"startup-manual-do-empreendedor","status":"publish","type":"product","link":"https:\/\/www.ecommerceupdate.com.br\/pt_pt\/produto\/startup-manual-do-empreendedor\/","title":{"rendered":"Startup: Manual do Empreendedor"},"content":{"rendered":"<div class=\"woocommerce-product-details\">\n<h3>Detalhes do produto<\/h3>\n<ul>\n<li>Editora : Alta Books<\/li>\n<li>Data da publica\u00e7\u00e3o : 4 fevereiro 2014<\/li>\n<li>Edi\u00e7\u00e3o : 1\u00aa<\/li>\n<li>Idioma : Portugu\u00eas<\/li>\n<li>N\u00famero de p\u00e1ginas : 572 p\u00e1ginas<\/li>\n<li>ISBN-10 : 8576087820<\/li>\n<li>ISBN-13 : 978-8576087823<\/li>\n<li>Peso do produto : 600 g<\/li>\n<li>Dimens\u00f5es : 16 x 2 x 23 cm<\/li>\n<li>Ranking dos mais vendidos: N\u00ba 14.649 em Livros (Conhe\u00e7a o Top 100 na categoria Livros) N\u00ba 62 em Empreendimento N\u00ba 174 em Europeia Literatura e Fic\u00e7\u00e3o<\/li>\n<li>N\u00ba 62 em Empreendimento<\/li>\n<li>N\u00ba 174 em Europeia Literatura e Fic\u00e7\u00e3o<\/li>\n<li>Avalia\u00e7\u00f5es dos clientes: 4,7 4,7 de 5 estrelas (287)<\/li>\n<\/ul><\/div>","protected":false},"excerpt":{"rendered":"<p>Anualmente, bilh\u00f5es de d\u00f3lares s\u00e3o investidos em empresas do mundo inteiro que est\u00e3o em seu est\u00e1gio inicial de desenvolvimento. <br \/> A expectativa \u00e9 que este dinheiro retorne na forma de neg\u00f3cios inovadores, participa\u00e7\u00e3o de mercado, produtos que melhorem nosso dia a dia, postos de trabalho e, obviamente, muito lucro no caixa e maior valor para o acionista. A realidade, contudo, \u00e9 perversa!Os pr\u00f3prios investidores sabem que o processo n\u00e3o \u00e9 linear e que, segundo a National Venture Capital Association, de cada 100 empresas que recebem investimento, 40 simplesmente quebram; 40 geram retornos moderados; e apenas 20 se tornam casos de sucesso. <br \/> Seria esta uma daquelas regras imut\u00e1veis da natureza? <br \/> Este livro pode provar o contr\u00e1rio!Uma boa ideia sem execu\u00e7\u00e3o n\u00e3o leva ningu\u00e9m a lugar nenhum, assim como a rec\u00edproca \u00e9 verdadeira. <br \/> Ideias surgem todos os dias, mas n\u00e3o s\u00e3o elas que levam ao sucesso ou ao fracasso. <br \/> A primeira coisa a ser levada em considera\u00e7\u00e3o \u00e9 se ela endere\u00e7a uma necessidade real de um cliente, seja ele uma pessoa ou uma empresa, e se esse mesmo cliente est\u00e1 disposto a pagar pela solu\u00e7\u00e3o proposta.O trabalho dos autores, Steve Blank e Bob Dorf pontua exatamente essa m\u00e1xima: o choque de ideias e sua interface com o mercado as tornam vi\u00e1veis.<br \/> Empresas de alto potencial s\u00e3o entendidas de fora para dentro, ou seja, atrav\u00e9s do melhor processo de aprendizado com seus potenciais clientes, antes da constru\u00e7\u00e3o e escala. As empresas n\u00e3o falham porque tem um produto ruim. Elas falham porque n\u00e3o possuem clientes dispostos a pagar pelas solu\u00e7\u00f5es que oferecem e por falta de um modelo de neg\u00f3cios vi\u00e1vel.Startup: Manual do Empreendedor \u00e9 exatamente o que diz ser: um guia passo a passo, abrangente, que orienta as startups a seguirem na dire\u00e7\u00e3o correta. <br \/> Ele encaminha os empreendedores atrav\u00e9s do processo de Desenvolvimento do Cliente, que os faz deixar o escrit\u00f3rio e ir \u00e0s ruas, onde os clientes est\u00e3o para desenvolver produtos vencedores que os clientes ir\u00e3o comprar.<\/p>","protected":false},"featured_media":93423,"comment_status":"open","ping_status":"closed","template":"","meta":[],"product_cat":[1701,1700,1595],"product_tag":[],"class_list":{"0":"post-93423","1":"product","2":"type-product","3":"status-publish","4":"has-post-thumbnail","6":"product_brand-por-bob-dorf-autor-steve-blank-autor","7":"product_cat-drama","8":"product_cat-literatura-e-ficcao","9":"product_cat-livros","11":"first","12":"instock","13":"sale","14":"shipping-taxable","15":"purchasable","16":"product-type-simple"},"aioseo_notices":[],"_links":{"self":[{"href":"https:\/\/www.ecommerceupdate.com.br\/pt_pt\/wp-json\/wp\/v2\/product\/93423","targetHints":{"allow":["GET"]}}],"collection":[{"href":"https:\/\/www.ecommerceupdate.com.br\/pt_pt\/wp-json\/wp\/v2\/product"}],"about":[{"href":"https:\/\/www.ecommerceupdate.com.br\/pt_pt\/wp-json\/wp\/v2\/types\/product"}],"replies":[{"embeddable":true,"href":"https:\/\/www.ecommerceupdate.com.br\/pt_pt\/wp-json\/wp\/v2\/comments?post=93423"}],"wp:featuredmedia":[{"embeddable":true,"href":"https:\/\/www.ecommerceupdate.com.br\/pt_pt\/wp-json\/wp\/v2\/product\/93423"}],"wp:attachment":[{"href":"https:\/\/www.ecommerceupdate.com.br\/pt_pt\/wp-json\/wp\/v2\/media?parent=93423"}],"wp:term":[{"taxonomy":"product_cat","embeddable":true,"href":"https:\/\/www.ecommerceupdate.com.br\/pt_pt\/wp-json\/wp\/v2\/product_cat?post=93423"},{"taxonomy":"product_tag","embeddable":true,"href":"https:\/\/www.ecommerceupdate.com.br\/pt_pt\/wp-json\/wp\/v2\/product_tag?post=93423"}],"curies":[{"name":"wp","href":"https:\/\/api.w.org\/{rel}","templated":true}]}}