{"id":93554,"date":"2026-03-04T20:17:15","date_gmt":"2026-03-04T23:17:15","guid":{"rendered":"https:\/\/www.ecommerceupdate.com.br\/produto\/universo-do-e-commerce\/"},"modified":"2026-03-13T15:35:11","modified_gmt":"2026-03-13T18:35:11","slug":"universo-do-e-commerce","status":"publish","type":"product","link":"https:\/\/www.ecommerceupdate.com.br\/pt_pt\/produto\/universo-do-e-commerce\/","title":{"rendered":"Universo do E-commerce"},"content":{"rendered":"<div class=\"woocommerce-product-details\">\n<h3>Detalhes do produto<\/h3>\n<ul>\n<li>ASIN : B09QC5C789<\/li>\n<li>Acessibilidade : Saiba mais<\/li>\n<li>Data da publica\u00e7\u00e3o : 11 janeiro 2022<\/li>\n<li>Edi\u00e7\u00e3o : 1\u00aa<\/li>\n<li>Idioma : Portugu\u00eas<\/li>\n<li>Tamanho do arquivo : 1.9 MB<\/li>\n<li>Leitor de tela : Compat\u00edvel<\/li>\n<li>Configura\u00e7\u00e3o de fonte : Habilitado<\/li>\n<li>Dicas de vocabul\u00e1rio : N\u00e3o habilitado<\/li>\n<li>N\u00famero de p\u00e1ginas : 205 p\u00e1ginas<\/li>\n<li>Page Flip : Habilitado<\/li>\n<li>Idade de leitura : 16 &#8211; 18 anos<\/li>\n<li>Ranking dos mais vendidos: N\u00ba 152.211 em Loja Kindle (Conhe\u00e7a o Top 100 na categoria Loja Kindle) N\u00ba 138 em Pesquisa e Educa\u00e7\u00e3o N\u00ba 340 em Desenvolvimento Profissional Profissional e T\u00e9cnico N\u00ba 3.494 em Educa\u00e7\u00e3o (Loja Kindle)<\/li>\n<li>N\u00ba 138 em Pesquisa e Educa\u00e7\u00e3o<\/li>\n<li>N\u00ba 340 em Desenvolvimento Profissional Profissional e T\u00e9cnico<\/li>\n<li>N\u00ba 3.494 em Educa\u00e7\u00e3o (Loja Kindle)<\/li>\n<li>Avalia\u00e7\u00f5es dos clientes: 4,3 4,3 de 5 estrelas (20)<\/li>\n<\/ul><\/div>","protected":false},"excerpt":{"rendered":"<p>O Universo do E-commerce foi escrito para aqueles que se interessam por e-commerce ou que j\u00e1 operam com canais digitais e desejam conhecer novas t\u00e9cnicas e conceitos.Esse livro dever\u00e1 transmitir conhecimento de maneira que funcione como um guia a fim de oferecer vis\u00e3o macro de tudo o que envolve o e-commerce. Destrinchando temas relacionados a modelos de neg\u00f3cios e opera\u00e7\u00f5es, pontos de marketing, atendimento e log\u00edstica, e tamb\u00e9m t\u00f3picos relacionados a tecnologia, sistemas e integra\u00e7\u00f5es, acessibilidade e seguran\u00e7a da informa\u00e7\u00e3o.Para leitores mais experientes, este livro poder\u00e1 servir como canal de consulta, onde cada cap\u00edtulo poder\u00e1 tratar de assuntos espec\u00edficos e pertinentes \u00e0 sua opera\u00e7\u00e3o. Aos leitores que est\u00e3o iniciando a jornada neste universo, aproveite cada cap\u00edtulo, pois esse conte\u00fado pode influenciar positivamente o seu crescimento profissional, al\u00e9m de auxiliar o in\u00edcio da sua jornada no mundo do e-commerce.Seja bem vindo ao Universo do E-commerce.<\/p>","protected":false},"featured_media":93554,"comment_status":"open","ping_status":"closed","template":"","meta":[],"product_cat":[1653,1730,1595],"product_tag":[],"class_list":{"0":"post-93554","1":"product","2":"type-product","3":"status-publish","4":"has-post-thumbnail","6":"product_brand-por-fellipe-guimares-autor-formato-ebook-kindle","7":"product_cat-educacao-referencia-e-didaticos","8":"product_cat-escolas-e-ensino","9":"product_cat-livros","11":"first","12":"instock","13":"shipping-taxable","14":"purchasable","15":"product-type-simple"},"aioseo_notices":[],"_links":{"self":[{"href":"https:\/\/www.ecommerceupdate.com.br\/pt_pt\/wp-json\/wp\/v2\/product\/93554","targetHints":{"allow":["GET"]}}],"collection":[{"href":"https:\/\/www.ecommerceupdate.com.br\/pt_pt\/wp-json\/wp\/v2\/product"}],"about":[{"href":"https:\/\/www.ecommerceupdate.com.br\/pt_pt\/wp-json\/wp\/v2\/types\/product"}],"replies":[{"embeddable":true,"href":"https:\/\/www.ecommerceupdate.com.br\/pt_pt\/wp-json\/wp\/v2\/comments?post=93554"}],"wp:featuredmedia":[{"embeddable":true,"href":"https:\/\/www.ecommerceupdate.com.br\/pt_pt\/wp-json\/wp\/v2\/product\/93554"}],"wp:attachment":[{"href":"https:\/\/www.ecommerceupdate.com.br\/pt_pt\/wp-json\/wp\/v2\/media?parent=93554"}],"wp:term":[{"taxonomy":"product_cat","embeddable":true,"href":"https:\/\/www.ecommerceupdate.com.br\/pt_pt\/wp-json\/wp\/v2\/product_cat?post=93554"},{"taxonomy":"product_tag","embeddable":true,"href":"https:\/\/www.ecommerceupdate.com.br\/pt_pt\/wp-json\/wp\/v2\/product_tag?post=93554"}],"curies":[{"name":"wp","href":"https:\/\/api.w.org\/{rel}","templated":true}]}}