{"id":93564,"date":"2026-03-04T20:20:05","date_gmt":"2026-03-04T23:20:05","guid":{"rendered":"https:\/\/www.ecommerceupdate.com.br\/produto\/logistica-aplicada-ao-e-commerce-serie-universitaria\/"},"modified":"2026-03-13T15:36:47","modified_gmt":"2026-03-13T18:36:47","slug":"logistica-aplicada-ao-e-commerce-serie-universitaria","status":"publish","type":"product","link":"https:\/\/www.ecommerceupdate.com.br\/pt_pt\/produto\/logistica-aplicada-ao-e-commerce-serie-universitaria\/","title":{"rendered":"Log\u00edstica aplicada ao e-commerce (S\u00e9rie Universit\u00e1ria)"},"content":{"rendered":"<div class=\"woocommerce-product-details\">\n<h3>Detalhes do produto<\/h3>\n<ul>\n<li>ASIN : B0C2RJGYGP<\/li>\n<li>Editora : Editora Senac S\u00e3o Paulo<\/li>\n<li>Acessibilidade : Saiba mais<\/li>\n<li>Data da publica\u00e7\u00e3o : 17 abril 2023<\/li>\n<li>Edi\u00e7\u00e3o : 1\u00aa<\/li>\n<li>Idioma : Portugu\u00eas<\/li>\n<li>Tamanho do arquivo : 3.7 MB<\/li>\n<li>Leitor de tela : Compat\u00edvel<\/li>\n<li>Configura\u00e7\u00e3o de fonte : Habilitado<\/li>\n<li>Dicas de vocabul\u00e1rio : N\u00e3o habilitado<\/li>\n<li>N\u00famero de p\u00e1ginas : 154 p\u00e1ginas<\/li>\n<li>ISBN-13 : 978-8539633098<\/li>\n<li>Page Flip : Habilitado<\/li>\n<li>Ranking dos mais vendidos: N\u00ba 458.764 em Loja Kindle (Conhe\u00e7a o Top 100 na categoria Loja Kindle) N\u00ba 245 em Com\u00e9rcio Eletr\u00f4nico N\u00ba 16.637 em Neg\u00f3cios e economia<\/li>\n<li>N\u00ba 245 em Com\u00e9rcio Eletr\u00f4nico<\/li>\n<li>N\u00ba 16.637 em Neg\u00f3cios e economia<\/li>\n<li>Avalia\u00e7\u00f5es dos clientes: 4,0 4,0 de 5 estrelas (2)<\/li>\n<\/ul><\/div>","protected":false},"excerpt":{"rendered":"<p>A S\u00e9rie Universit\u00e1ria foi desenvolvida pelo Senac S\u00e3o Paulo com o intuito de preparar profissionais para o mercado de trabalho. Os t\u00edtulos abrangem diversas \u00e1reas, abordando desde conhecimentos te\u00f3ricos e pr\u00e1ticos adequados \u00e0s exig\u00eancias profissionais at\u00e9 a forma\u00e7\u00e3o \u00e9tica e s\u00f3lida. <br \/>Log\u00edstica aplicada ao e-commerce tra\u00e7a um panorama sobre toda a opera\u00e7\u00e3o log\u00edstica realizada no e-commerce, apresentando a din\u00e2mica do com\u00e9rcio eletr\u00f4nico e da sua cadeia de suprimentos. Entre os temas abordados, est\u00e3o a integra\u00e7\u00e3o de multicanais, o fluxo de pedido e entrega e a rede de distribui\u00e7\u00e3o. O livro trata ainda da log\u00edstica reversa de bens de p\u00f3s-venda, das tecnologias de informa\u00e7\u00e3o e dos indicadores de desempenho log\u00edsticos aplicados ao e-commerce. O objetivo \u00e9 proporcionar ao leitor uma vis\u00e3o geral sobre a opera\u00e7\u00e3o log\u00edstica necess\u00e1ria para o bom desempenho desse tipo de com\u00e9rcio.<\/p>","protected":false},"featured_media":0,"comment_status":"open","ping_status":"closed","template":"","meta":[],"product_cat":[1611,1613,1595],"product_tag":[],"class_list":{"0":"post-93564","1":"product","2":"type-product","3":"status-publish","5":"product_brand-por-marcos-alberto-de-oliveira-autor-formato-ebook-kindle","6":"product_cat-administracao-negocios-e-economia","7":"product_cat-industrias-e-profissoes","8":"product_cat-livros","10":"first","11":"instock","12":"shipping-taxable","13":"purchasable","14":"product-type-simple"},"aioseo_notices":[],"_links":{"self":[{"href":"https:\/\/www.ecommerceupdate.com.br\/pt_pt\/wp-json\/wp\/v2\/product\/93564","targetHints":{"allow":["GET"]}}],"collection":[{"href":"https:\/\/www.ecommerceupdate.com.br\/pt_pt\/wp-json\/wp\/v2\/product"}],"about":[{"href":"https:\/\/www.ecommerceupdate.com.br\/pt_pt\/wp-json\/wp\/v2\/types\/product"}],"replies":[{"embeddable":true,"href":"https:\/\/www.ecommerceupdate.com.br\/pt_pt\/wp-json\/wp\/v2\/comments?post=93564"}],"wp:attachment":[{"href":"https:\/\/www.ecommerceupdate.com.br\/pt_pt\/wp-json\/wp\/v2\/media?parent=93564"}],"wp:term":[{"taxonomy":"product_cat","embeddable":true,"href":"https:\/\/www.ecommerceupdate.com.br\/pt_pt\/wp-json\/wp\/v2\/product_cat?post=93564"},{"taxonomy":"product_tag","embeddable":true,"href":"https:\/\/www.ecommerceupdate.com.br\/pt_pt\/wp-json\/wp\/v2\/product_tag?post=93564"}],"curies":[{"name":"wp","href":"https:\/\/api.w.org\/{rel}","templated":true}]}}