{"id":93877,"date":"2026-03-06T03:28:41","date_gmt":"2026-03-06T06:28:41","guid":{"rendered":"https:\/\/www.ecommerceupdate.com.br\/produto\/ilumine-sua-mente-e-venda-no-marketplace\/"},"modified":"2026-03-13T15:48:04","modified_gmt":"2026-03-13T18:48:04","slug":"ilumine-sua-mente-e-venda-no-marketplace","status":"publish","type":"product","link":"https:\/\/www.ecommerceupdate.com.br\/pt_pt\/produto\/ilumine-sua-mente-e-venda-no-marketplace\/","title":{"rendered":"Ilumine sua mente e venda no marketplace"},"content":{"rendered":"<div class=\"woocommerce-product-details\">\n<h3>Detalhes do produto<\/h3>\n<ul>\n<li>ASIN : B088MLK76M<\/li>\n<li>Editora : Alex Ferreira do Prado<\/li>\n<li>Acessibilidade : Saiba mais<\/li>\n<li>Data da publica\u00e7\u00e3o : 13 maio 2020<\/li>\n<li>Idioma : Portugu\u00eas<\/li>\n<li>Tamanho do arquivo : 5.5 MB<\/li>\n<li>Leitor de tela : Compat\u00edvel<\/li>\n<li>Configura\u00e7\u00e3o de fonte : Habilitado<\/li>\n<li>Dicas de vocabul\u00e1rio : N\u00e3o habilitado<\/li>\n<li>N\u00famero de p\u00e1ginas : 27 p\u00e1ginas<\/li>\n<li>Page Flip : Habilitado<\/li>\n<li>Ranking dos mais vendidos: N\u00ba 442.536 em Loja Kindle (Conhe\u00e7a o Top 100 na categoria Loja Kindle) N\u00ba 453 em Web Marketing N\u00ba 1.621 em Empreendimento N\u00ba 16.189 em Neg\u00f3cios e economia<\/li>\n<li>N\u00ba 453 em Web Marketing<\/li>\n<li>N\u00ba 1.621 em Empreendimento<\/li>\n<li>N\u00ba 16.189 em Neg\u00f3cios e economia<\/li>\n<li>Avalia\u00e7\u00f5es dos clientes: 4,6 4,6 de 5 estrelas (5)<\/li>\n<\/ul><\/div>","protected":false},"excerpt":{"rendered":"<p>Este \u00e9 o 7\u00ba e-book da s\u00e9rie composta por 12 e-books. Neste e-book vou ensinar a voc\u00ea algumas estrat\u00e9gias e te dar dicas de como vender nas plataformas de marketplace. Garanto que se voc\u00ea seguir passo a passo todos os ensinamentos deste e-book o sucesso ser\u00e1 inevit\u00e1vel. <\/p>\n<p>Cap\u00edtulos: <br \/>1\u00ba O que \u00e9 Marketplace? <br \/>2\u00ba Revendedor <br \/>3\u00ba Produtor e posteriormente vendedor <br \/>4\u00ba Vantagens de se usar o marketplace <br \/>5\u00ba Sites que trabalham como marketplace <br \/>6\u00ba Frete <br \/>7\u00ba Tenha sucesso no marketplace<\/p>","protected":false},"featured_media":93877,"comment_status":"open","ping_status":"closed","template":"","meta":[],"product_cat":[1611,1629,1595],"product_tag":[],"class_list":{"0":"post-93877","1":"product","2":"type-product","3":"status-publish","4":"has-post-thumbnail","6":"product_brand-por-alex-ferreira-do-prado-autor-formato-ebook-kindle","7":"product_cat-administracao-negocios-e-economia","8":"product_cat-desenvolvimento-de-negocios-e-empreendedorismo","9":"product_cat-livros","11":"first","12":"instock","13":"shipping-taxable","14":"purchasable","15":"product-type-simple"},"aioseo_notices":[],"_links":{"self":[{"href":"https:\/\/www.ecommerceupdate.com.br\/pt_pt\/wp-json\/wp\/v2\/product\/93877","targetHints":{"allow":["GET"]}}],"collection":[{"href":"https:\/\/www.ecommerceupdate.com.br\/pt_pt\/wp-json\/wp\/v2\/product"}],"about":[{"href":"https:\/\/www.ecommerceupdate.com.br\/pt_pt\/wp-json\/wp\/v2\/types\/product"}],"replies":[{"embeddable":true,"href":"https:\/\/www.ecommerceupdate.com.br\/pt_pt\/wp-json\/wp\/v2\/comments?post=93877"}],"wp:featuredmedia":[{"embeddable":true,"href":"https:\/\/www.ecommerceupdate.com.br\/pt_pt\/wp-json\/wp\/v2\/product\/93877"}],"wp:attachment":[{"href":"https:\/\/www.ecommerceupdate.com.br\/pt_pt\/wp-json\/wp\/v2\/media?parent=93877"}],"wp:term":[{"taxonomy":"product_cat","embeddable":true,"href":"https:\/\/www.ecommerceupdate.com.br\/pt_pt\/wp-json\/wp\/v2\/product_cat?post=93877"},{"taxonomy":"product_tag","embeddable":true,"href":"https:\/\/www.ecommerceupdate.com.br\/pt_pt\/wp-json\/wp\/v2\/product_tag?post=93877"}],"curies":[{"name":"wp","href":"https:\/\/api.w.org\/{rel}","templated":true}]}}