{"id":94177,"date":"2026-03-09T04:16:56","date_gmt":"2026-03-09T07:16:56","guid":{"rendered":"https:\/\/www.ecommerceupdate.com.br\/produto\/um-pouco-de-marketing-para-vender-na-shopee\/"},"modified":"2026-03-13T15:53:19","modified_gmt":"2026-03-13T18:53:19","slug":"um-pouco-de-marketing-para-vender-na-shopee","status":"publish","type":"product","link":"https:\/\/www.ecommerceupdate.com.br\/pt_pt\/produto\/um-pouco-de-marketing-para-vender-na-shopee\/","title":{"rendered":"Um Pouco de Marketing Para Vender na Shopee"},"content":{"rendered":"<div class=\"woocommerce-product-details\">\n<h3>Detalhes do produto<\/h3>\n<ul>\n<li>ASIN : B0GCVFNYL5<\/li>\n<li>Editora : Moon<\/li>\n<li>Acessibilidade : Saiba mais<\/li>\n<li>Data da publica\u00e7\u00e3o : 27 dezembro 2025<\/li>\n<li>Edi\u00e7\u00e3o : 1\u00aa<\/li>\n<li>Idioma : Portugu\u00eas<\/li>\n<li>Tamanho do arquivo : 475 KB<\/li>\n<li>Leitor de tela : Compat\u00edvel<\/li>\n<li>Configura\u00e7\u00e3o de fonte : Habilitado<\/li>\n<li>Dicas de vocabul\u00e1rio : N\u00e3o habilitado<\/li>\n<li>Page Flip : Habilitado<\/li>\n<li>Idade de leitura : 16 &#8211; 18 anos<\/li>\n<li>Ranking dos mais vendidos: N\u00ba 440.962 em Loja Kindle (Conhe\u00e7a o Top 100 na categoria Loja Kindle) N\u00ba 4.412 em eBooks sobre Sucesso N\u00ba 7.570 em Motivacional e inspiracional N\u00ba 16.193 em Neg\u00f3cios e economia<\/li>\n<li>N\u00ba 4.412 em eBooks sobre Sucesso<\/li>\n<li>N\u00ba 7.570 em Motivacional e inspiracional<\/li>\n<li>N\u00ba 16.193 em Neg\u00f3cios e economia<\/li>\n<\/ul><\/div>","protected":false},"excerpt":{"rendered":"<p>Todos n\u00f3s come\u00e7amos pelo sistema de CLT, mas isso n\u00e3o significa que precisamos terminar nossa vida assim. Atrav\u00e9s das tecnologias dessa gera\u00e7\u00e3o atual, diversas possibilidades aparecem todos os dias em nossa vida.<\/p>\n<p>O empreendedorismo \u00e9 ideal para quem quer alcan\u00e7ar a liberdade financeira, e uma das plataformas que mais est\u00e1 abrindo as portas para isso ser realidade \u00e9 a shopee. Qualquer pessoa que tenha vontade de vender pode come\u00e7ar por esse site.<\/p>\n<p>J\u00e1 imaginou ganhar um sal\u00e1rio atrav\u00e9s de vendas online? E pensando a longo prazo, imaginou abrir uma empresa e se tornar um empres\u00e1rio de sucesso, sem depender mais de patr\u00e3o?<\/p>\n<p>Neste livro vou te ensinar a vender pela Shopee atrav\u00e9s de estrat\u00e9gias que uso desde o meu in\u00edcio como um simples vendedor at\u00e9 me tornar uma pessoa jur\u00eddica de sucesso.<\/p>\n<p>As dificuldades os aprendizados e os resultados que todo vendedor pode ter ser\u00e1 mostrado nesta obra que tem como foco ensinar da melhor e mais simples forma poss\u00edvel a vender e ganhar dinheiro pela Shopee.<\/p>\n<p>Voc\u00ea est\u00e1 prestes a se tornar um vendedor empreendedor que lucrar\u00e1 mais do que imagina. Est\u00e1 \u00b4pronto para essa aventura?<\/p>","protected":false},"featured_media":94177,"comment_status":"open","ping_status":"closed","template":"","meta":[],"product_cat":[1627,1608,1607],"product_tag":[],"class_list":{"0":"post-94177","1":"product","2":"type-product","3":"status-publish","4":"has-post-thumbnail","6":"product_brand-por-stefen-moonwalker-autor-formato-ebook-kindle","7":"product_cat-autoajuda","8":"product_cat-ebooks-kindle","9":"product_cat-loja-kindle","11":"first","12":"instock","13":"shipping-taxable","14":"purchasable","15":"product-type-simple"},"aioseo_notices":[],"_links":{"self":[{"href":"https:\/\/www.ecommerceupdate.com.br\/pt_pt\/wp-json\/wp\/v2\/product\/94177","targetHints":{"allow":["GET"]}}],"collection":[{"href":"https:\/\/www.ecommerceupdate.com.br\/pt_pt\/wp-json\/wp\/v2\/product"}],"about":[{"href":"https:\/\/www.ecommerceupdate.com.br\/pt_pt\/wp-json\/wp\/v2\/types\/product"}],"replies":[{"embeddable":true,"href":"https:\/\/www.ecommerceupdate.com.br\/pt_pt\/wp-json\/wp\/v2\/comments?post=94177"}],"wp:featuredmedia":[{"embeddable":true,"href":"https:\/\/www.ecommerceupdate.com.br\/pt_pt\/wp-json\/wp\/v2\/product\/94177"}],"wp:attachment":[{"href":"https:\/\/www.ecommerceupdate.com.br\/pt_pt\/wp-json\/wp\/v2\/media?parent=94177"}],"wp:term":[{"taxonomy":"product_cat","embeddable":true,"href":"https:\/\/www.ecommerceupdate.com.br\/pt_pt\/wp-json\/wp\/v2\/product_cat?post=94177"},{"taxonomy":"product_tag","embeddable":true,"href":"https:\/\/www.ecommerceupdate.com.br\/pt_pt\/wp-json\/wp\/v2\/product_tag?post=94177"}],"curies":[{"name":"wp","href":"https:\/\/api.w.org\/{rel}","templated":true}]}}