{"id":94293,"date":"2026-03-11T13:16:41","date_gmt":"2026-03-11T16:16:41","guid":{"rendered":"https:\/\/www.ecommerceupdate.com.br\/produto\/comunicacao-propaganda-esg-marca-e-reputacao-em-posts-das-midias-sociais\/"},"modified":"2026-03-13T15:56:36","modified_gmt":"2026-03-13T18:56:36","slug":"comunicacao-propaganda-esg-marca-e-reputacao-em-posts-das-midias-sociais","status":"publish","type":"product","link":"https:\/\/www.ecommerceupdate.com.br\/pt_pt\/produto\/comunicacao-propaganda-esg-marca-e-reputacao-em-posts-das-midias-sociais\/","title":{"rendered":"Comunica\u00e7\u00e3o, propaganda, ESG, marca e reputa\u00e7\u00e3o: em posts das m\u00eddias sociais"},"content":{"rendered":"<div class=\"woocommerce-product-details\"><\/div>","protected":false},"excerpt":{"rendered":"<p>Neste guia essencial, intitulado Comunica\u00e7\u00e3o, propaganda, ESG, marca e reputa\u00e7\u00e3o em posts das m\u00eddias sociais, o autor oferece uma vis\u00e3o abrangente e pr\u00e1tica das quest\u00f5es cruciais que impactam as empresas nos dias de hoje. Abordando temas que v\u00e3o desde Sustentabilidade e ESG at\u00e9 propaganda, reputa\u00e7\u00e3o e gerenciamento de crises, o autor destila sua vasta experi\u00eancia em comunica\u00e7\u00e3o corporativa e viv\u00eancias em grandes empresas de diversos setores da economia. Com uma perspectiva apurada da din\u00e2mica empresarial, o autor ilustra de forma perspicaz como a comunica\u00e7\u00e3o \u00e9 uma ferramenta inestim\u00e1vel no cen\u00e1rio contempor\u00e2neo, no qual o mercado se mostra cada vez mais interconectado, vol\u00e1til e din\u00e2mico. Desse modo, gestores encontram-se em um ambiente que exige aten\u00e7\u00e3o minuciosa \u00e0s oportunidades e desafios, e a comunica\u00e7\u00e3o se coloca como aliada estrat\u00e9gica nesse contexto. Por meio de uma compila\u00e7\u00e3o de postagens selecionadas das redes sociais do autor, este livro adquire um tom provocativo e instigante. Cada postagem oferece um convite \u00e0 reflex\u00e3o profunda sobre a estrutura organizacional, pr\u00e1ticas de lideran\u00e7a e a busca incessante por resultados sustent\u00e1veis, tudo sob a \u00f3tica da comunica\u00e7\u00e3o. A escrita do autor incita o leitor a questionar as abordagens tradicionais e a considerar novas perspectivas para lidar com os desafios atuais.<\/p>","protected":false},"featured_media":0,"comment_status":"open","ping_status":"closed","template":"","meta":{"_aipt_faq_data":""},"product_cat":[1611,1621,1595],"product_tag":[],"class_list":{"0":"post-94293","1":"product","2":"type-product","3":"status-publish","5":"product_brand-por-luiz-gaulia-autor-viseu-editor","6":"product_cat-administracao-negocios-e-economia","7":"product_cat-gestao-e-lideranca","8":"product_cat-livros","10":"first","11":"instock","12":"shipping-taxable","13":"purchasable","14":"product-type-simple"},"aioseo_notices":[],"_links":{"self":[{"href":"https:\/\/www.ecommerceupdate.com.br\/pt_pt\/wp-json\/wp\/v2\/product\/94293","targetHints":{"allow":["GET"]}}],"collection":[{"href":"https:\/\/www.ecommerceupdate.com.br\/pt_pt\/wp-json\/wp\/v2\/product"}],"about":[{"href":"https:\/\/www.ecommerceupdate.com.br\/pt_pt\/wp-json\/wp\/v2\/types\/product"}],"replies":[{"embeddable":true,"href":"https:\/\/www.ecommerceupdate.com.br\/pt_pt\/wp-json\/wp\/v2\/comments?post=94293"}],"wp:attachment":[{"href":"https:\/\/www.ecommerceupdate.com.br\/pt_pt\/wp-json\/wp\/v2\/media?parent=94293"}],"wp:term":[{"taxonomy":"product_cat","embeddable":true,"href":"https:\/\/www.ecommerceupdate.com.br\/pt_pt\/wp-json\/wp\/v2\/product_cat?post=94293"},{"taxonomy":"product_tag","embeddable":true,"href":"https:\/\/www.ecommerceupdate.com.br\/pt_pt\/wp-json\/wp\/v2\/product_tag?post=94293"}],"curies":[{"name":"wp","href":"https:\/\/api.w.org\/{rel}","templated":true}]}}