{"id":94365,"date":"2026-03-12T13:42:56","date_gmt":"2026-03-12T16:42:56","guid":{"rendered":"https:\/\/www.ecommerceupdate.com.br\/produto\/e-commerce-implantacao-com-sucesso-200-dicas-exclusivas\/"},"modified":"2026-03-13T15:58:35","modified_gmt":"2026-03-13T18:58:35","slug":"e-commerce-implantacao-com-sucesso-200-dicas-exclusivas","status":"publish","type":"product","link":"https:\/\/www.ecommerceupdate.com.br\/pt_pt\/produto\/e-commerce-implantacao-com-sucesso-200-dicas-exclusivas\/","title":{"rendered":"E-Commerce &#8211; Implanta\u00e7\u00e3o com sucesso: 200 Dicas exclusivas"},"content":{"rendered":"<div class=\"woocommerce-product-details\"><\/div>","protected":false},"excerpt":{"rendered":"<p>Este e-book \u00e9 destinado a voc\u00ea que pretende ser um empreendedor de sucesso no Com\u00e9rcio Eletr\u00f4nico.<br \/>Ap\u00f3s a leitura deste breve resumo, n\u00e3o deixe de clicar em \u201cLeia mais\u201d para conhecer o Sum\u00e1rio do e-book.<br \/>S\u00e3o mais de 200 Dicas que est\u00e3o relacionadas seguindo as etapas que ter\u00e1 que seguir na cria\u00e7\u00e3o do neg\u00f3cio.<br \/>As dicas s\u00e3o descritas de forma pr\u00e1tica e direta, sem teorias que fazem o futuro empreendedor desistir logo na leitura das primeiras p\u00e1ginas.<\/p>\n<p>Enquanto in\u00fameros setores da economia foram seriamente impactados pela crise da Covid-19, outros acabaram passando por transforma\u00e7\u00f5es positivas como consequ\u00eancia da pandemia. Esse \u00e9 o caso do com\u00e9rcio eletr\u00f4nico, que teve em 2020 seu melhor ano no Brasil, com crescimento de 73,88% no volume de vendas. De acordo com levantamento do \u201cThe Global Payments Report 2021\u201d, da Worldpay from FIS, empresa americana de solu\u00e7\u00f5es financeiras, o e-commerce brasileiro deve atingir faturamento de R$ 314,8 bilh\u00f5es at\u00e9 2024, ante aos R$ 202,2 bilh\u00f5es registrados em 2020. Isso representa um aumento de 55,5% para os pr\u00f3ximos anos. Mesmo com o recuo da pandemia no horizonte, trata-se de um caminho sem volta.<br \/>Ter uma loja virtual n\u00e3o \u00e9 sin\u00f4nimo de vendas garantidas. Mais do que nunca \u00e9 preciso pensar no consumidor acima de tudo e investir em planejamento, tecnologia, intelig\u00eancia de vendas, log\u00edstica e pagamentos, de forma integrada, para que o neg\u00f3cio v\u00e1 para frente.<br \/>Se voc\u00ea quer ter sucesso, precisa estar um passo \u00e0 frente dos concorrentes, oferecendo produtos e servi\u00e7os diferenciados e desejados pelos Clientes.<br \/>Se a decis\u00e3o \u00e9 tornar-se um empreendedor de sucesso, ent\u00e3o confira as dicas indispens\u00e1veis para o seu e-commerce, que procuramos descrev\u00ea-las seguindo as etapas para implanta\u00e7\u00e3o do seu com\u00e9rcio eletr\u00f4nico.<br \/>Veja o Sum\u00e1rio:<br \/>Introdu\u00e7\u00e3o<br \/>Planejamento<br \/>Modelos de e-commerce<br \/>Nicho de Mercado &#8211; Produtos<br \/>P\u00fablico-alvo e Persona<br \/>Site \/ Blog \/ Mobile<br \/>Dom\u00ednio<br \/>Plataforma<br \/>Legisla\u00e7\u00e3o<br \/>Finan\u00e7as<br \/>Fornecedores<br \/>Consultoria de e-commerce<br \/>Profissionais para o e-commerce<br \/>Implanta\u00e7\u00e3o do e-commerce<br \/>Planejamento de vendas<br \/>Log\u00edstica<br \/>Pagamento<br \/>P\u00f3s- Venda<br \/>Marketing<br \/>Marketing Digital<br \/>Marketing de Conte\u00fado<br \/>Marketing de Relacionamento<br \/>Marketplace<br \/>Afiliados<br \/>Dropshipping<br \/>Considera\u00e7\u00f5es finais<u>.<\/u><\/p>","protected":false},"featured_media":94365,"comment_status":"open","ping_status":"closed","template":"","meta":[],"product_cat":[1611,1613,1595],"product_tag":[],"class_list":{"0":"post-94365","1":"product","2":"type-product","3":"status-publish","4":"has-post-thumbnail","6":"product_brand-por-jos-raimundo-borges-autor-formato-ebook-kindle","7":"product_cat-administracao-negocios-e-economia","8":"product_cat-industrias-e-profissoes","9":"product_cat-livros","11":"first","12":"instock","13":"shipping-taxable","14":"purchasable","15":"product-type-simple"},"aioseo_notices":[],"_links":{"self":[{"href":"https:\/\/www.ecommerceupdate.com.br\/pt_pt\/wp-json\/wp\/v2\/product\/94365","targetHints":{"allow":["GET"]}}],"collection":[{"href":"https:\/\/www.ecommerceupdate.com.br\/pt_pt\/wp-json\/wp\/v2\/product"}],"about":[{"href":"https:\/\/www.ecommerceupdate.com.br\/pt_pt\/wp-json\/wp\/v2\/types\/product"}],"replies":[{"embeddable":true,"href":"https:\/\/www.ecommerceupdate.com.br\/pt_pt\/wp-json\/wp\/v2\/comments?post=94365"}],"wp:featuredmedia":[{"embeddable":true,"href":"https:\/\/www.ecommerceupdate.com.br\/pt_pt\/wp-json\/wp\/v2\/product\/94365"}],"wp:attachment":[{"href":"https:\/\/www.ecommerceupdate.com.br\/pt_pt\/wp-json\/wp\/v2\/media?parent=94365"}],"wp:term":[{"taxonomy":"product_cat","embeddable":true,"href":"https:\/\/www.ecommerceupdate.com.br\/pt_pt\/wp-json\/wp\/v2\/product_cat?post=94365"},{"taxonomy":"product_tag","embeddable":true,"href":"https:\/\/www.ecommerceupdate.com.br\/pt_pt\/wp-json\/wp\/v2\/product_tag?post=94365"}],"curies":[{"name":"wp","href":"https:\/\/api.w.org\/{rel}","templated":true}]}}