{"id":94367,"date":"2026-03-12T13:43:24","date_gmt":"2026-03-12T16:43:24","guid":{"rendered":"https:\/\/www.ecommerceupdate.com.br\/produto\/logistica-reversa-casos-praticos-portuguese-edition\/"},"modified":"2026-03-13T15:59:02","modified_gmt":"2026-03-13T18:59:02","slug":"logistica-reversa-casos-praticos-portuguese-edition","status":"publish","type":"product","link":"https:\/\/www.ecommerceupdate.com.br\/pt_pt\/produto\/logistica-reversa-casos-praticos-portuguese-edition\/","title":{"rendered":"Log\u00edstica Reversa:: Casos Pr\u00e1ticos (Portuguese Edition)"},"content":{"rendered":"<div class=\"woocommerce-product-details\">\n<h3>Detalhes do produto<\/h3>\n<ul>\n<li>Editora : Independently published<\/li>\n<li>Data da publica\u00e7\u00e3o : 29 outubro 2017<\/li>\n<li>Idioma : Portugu\u00eas<\/li>\n<li>N\u00famero de p\u00e1ginas : 116 p\u00e1ginas<\/li>\n<li>ISBN-10 : 1973177536<\/li>\n<li>ISBN-13 : 978-1973177531<\/li>\n<li>Peso do produto : 231 g<\/li>\n<li>Dimens\u00f5es : 15.24 x 0.74 x 22.86 cm<\/li>\n<li>Avalia\u00e7\u00f5es dos clientes: 5,0 5,0 de 5 estrelas (1)<\/li>\n<\/ul><\/div>","protected":false},"excerpt":{"rendered":"<p>Este livro apresenta o resultados das pesquisas dos alunos do curso de Tecnologia em Log\u00edstica, da Faculdade DeVry Jo\u00e3o Pessoa, da disciplina Temas Tecnol\u00f3gicos em Fundamentos de Gest\u00e3o, de 2015 e 2016.<\/p>","protected":false},"featured_media":94367,"comment_status":"open","ping_status":"closed","template":"","meta":[],"product_cat":[1611,1595,1697],"product_tag":[],"class_list":{"0":"post-94367","1":"product","2":"type-product","3":"status-publish","4":"has-post-thumbnail","6":"product_brand-por-edilon-mendes-nunes-autor","7":"product_cat-administracao-negocios-e-economia","8":"product_cat-livros","9":"product_cat-livros-de-referencia","11":"first","12":"instock","13":"shipping-taxable","14":"purchasable","15":"product-type-simple"},"aioseo_notices":[],"_links":{"self":[{"href":"https:\/\/www.ecommerceupdate.com.br\/pt_pt\/wp-json\/wp\/v2\/product\/94367","targetHints":{"allow":["GET"]}}],"collection":[{"href":"https:\/\/www.ecommerceupdate.com.br\/pt_pt\/wp-json\/wp\/v2\/product"}],"about":[{"href":"https:\/\/www.ecommerceupdate.com.br\/pt_pt\/wp-json\/wp\/v2\/types\/product"}],"replies":[{"embeddable":true,"href":"https:\/\/www.ecommerceupdate.com.br\/pt_pt\/wp-json\/wp\/v2\/comments?post=94367"}],"wp:featuredmedia":[{"embeddable":true,"href":"https:\/\/www.ecommerceupdate.com.br\/pt_pt\/wp-json\/wp\/v2\/product\/94367"}],"wp:attachment":[{"href":"https:\/\/www.ecommerceupdate.com.br\/pt_pt\/wp-json\/wp\/v2\/media?parent=94367"}],"wp:term":[{"taxonomy":"product_cat","embeddable":true,"href":"https:\/\/www.ecommerceupdate.com.br\/pt_pt\/wp-json\/wp\/v2\/product_cat?post=94367"},{"taxonomy":"product_tag","embeddable":true,"href":"https:\/\/www.ecommerceupdate.com.br\/pt_pt\/wp-json\/wp\/v2\/product_tag?post=94367"}],"curies":[{"name":"wp","href":"https:\/\/api.w.org\/{rel}","templated":true}]}}