{"id":94506,"date":"2026-03-15T14:34:49","date_gmt":"2026-03-15T17:34:49","guid":{"rendered":"https:\/\/www.ecommerceupdate.com.br\/produto\/todos-somos-uma-marca-construa-seu-ecossistema-de-vendas-por-meio-de-influencia-conteudo-e-experiencia\/"},"modified":"2026-03-15T14:34:55","modified_gmt":"2026-03-15T17:34:55","slug":"todos-somos-uma-marca-construa-seu-ecossistema-de-vendas-por-meio-de-influencia-conteudo-e-experiencia","status":"publish","type":"product","link":"https:\/\/www.ecommerceupdate.com.br\/pt_pt\/produto\/todos-somos-uma-marca-construa-seu-ecossistema-de-vendas-por-meio-de-influencia-conteudo-e-experiencia\/","title":{"rendered":"Todos somos uma marca: Construa seu ecossistema de vendas por meio de influ\u00eancia, conte\u00fado e experi\u00eancia"},"content":{"rendered":"<div class=\"woocommerce-product-details\">\n<h3>Detalhes do produto<\/h3>\n<ul>\n<li>Editora : Gente<\/li>\n<li>Data da publica\u00e7\u00e3o : 10 julho 2023<\/li>\n<li>Edi\u00e7\u00e3o : 1\u00aa<\/li>\n<li>Idioma : Portugu\u00eas<\/li>\n<li>N\u00famero de p\u00e1ginas : 224 p\u00e1ginas<\/li>\n<li>ISBN-10 : 6555441933<\/li>\n<li>ISBN-13 : 978-6555441932<\/li>\n<li>Peso do produto : 320 g<\/li>\n<li>Dimens\u00f5es : 16 x 2 x 23 cm<\/li>\n<li>Ranking dos mais vendidos: N\u00ba 6.235 em Livros (Conhe\u00e7a o Top 100 na categoria Livros) N\u00ba 20 em Vendas e Vendedores N\u00ba 246 em Gest\u00e3o e Lideran\u00e7a<\/li>\n<li>N\u00ba 20 em Vendas e Vendedores<\/li>\n<li>N\u00ba 246 em Gest\u00e3o e Lideran\u00e7a<\/li>\n<li>Avalia\u00e7\u00f5es dos clientes: 4,7 4,7 de 5 estrelas (232)<\/li>\n<\/ul><\/div>","protected":false},"excerpt":{"rendered":"<p>DESCUBRA COMO HUMANIZAR O SEU NEG\u00d3CIO E CONQUISTAR A ATEN\u00c7\u00c3O DO SEU CLIENTE! \u00a0 \u00a0Conquistar o consumidor nunca foi t\u00e3o necess\u00e1rio, principalmente diante da era da informa\u00e7\u00e3o e das mudan\u00e7as constantes. \u00c9 preciso tra\u00e7ar estrat\u00e9gias inteligentes para reter e atrair clientes, tudo isso em uma disputa pelo seu bem mais precioso: a aten\u00e7\u00e3o.\u00a0\u00a0 Comportamento do consumidor,  omnichannel ,  social commerce ,  marketing content ,  branding ,  customer experience  e ind\u00fastria 4.0 s\u00e3o alguns dos temas que precisam estar nas estrat\u00e9gias de quem busca diferenciar ou criar o seu neg\u00f3cio.\u00a0\u00a0  Em Todos somos uma marca , Alfredo Soares, especialista em comunica\u00e7\u00e3o, entrevista grandes nomes do setor e debate cases do mercado atual, cruzando perspectivas de diferentes gera\u00e7\u00f5es. Um verdadeiro manual de como criar estrat\u00e9gias colocando o consumidor no centro e dominando a constru\u00e7\u00e3o de audi\u00eancia, cria\u00e7\u00e3o de demanda, convers\u00e3o de vendas e reten\u00e7\u00e3o de clientes.\u00a0 Aqui, voc\u00ea aprender\u00e1 a:\u00a0<span>Converter pessoas em canais de vendas;\u00a0\u00a0<\/span>Converter pessoas em canais de vendas;\u00a0\u00a0<span>Construir um neg\u00f3cio humanizado e humanizar um neg\u00f3cio;\u00a0<\/span>Construir um neg\u00f3cio humanizado e humanizar um neg\u00f3cio;\u00a0<span>Transformar os clientes em uma rede de influ\u00eancia;\u00a0\u00a0<\/span>Transformar os clientes em uma rede de influ\u00eancia;\u00a0\u00a0<span>Mapear o comportamento do consumidor para cria\u00e7\u00e3o de neg\u00f3cios;\u00a0<\/span>Mapear o comportamento do consumidor para cria\u00e7\u00e3o de neg\u00f3cios;\u00a0<span>Criar experi\u00eancias para surpreender o seu cliente;\u00a0<\/span>Criar experi\u00eancias para surpreender o seu cliente;\u00a0<span>Criar uma comunidade para se relacionar e reter clientes.\u00a0<\/span>Criar uma comunidade para se relacionar e reter clientes.\u00a0 \u00a0 Hoje n\u00e3o basta se comunicar, as marcas precisam ouvir, falar, se posicionar, criar autoridade e observar os clientes durante toda jornada de compra. N\u00e3o basta ter clientes: \u00e9 preciso conhec\u00ea-los. \u00a0 <\/p>","protected":false},"featured_media":94506,"comment_status":"open","ping_status":"closed","template":"","meta":[],"product_cat":[1611,1595,1618],"product_tag":[],"class_list":{"0":"post-94506","1":"product","2":"type-product","3":"status-publish","4":"has-post-thumbnail","6":"product_brand-por-alfredo-soares-autor","7":"product_cat-administracao-negocios-e-economia","8":"product_cat-livros","9":"product_cat-marketing-e-vendas","11":"first","12":"instock","13":"sale","14":"shipping-taxable","15":"purchasable","16":"product-type-simple"},"aioseo_notices":[],"_links":{"self":[{"href":"https:\/\/www.ecommerceupdate.com.br\/pt_pt\/wp-json\/wp\/v2\/product\/94506","targetHints":{"allow":["GET"]}}],"collection":[{"href":"https:\/\/www.ecommerceupdate.com.br\/pt_pt\/wp-json\/wp\/v2\/product"}],"about":[{"href":"https:\/\/www.ecommerceupdate.com.br\/pt_pt\/wp-json\/wp\/v2\/types\/product"}],"replies":[{"embeddable":true,"href":"https:\/\/www.ecommerceupdate.com.br\/pt_pt\/wp-json\/wp\/v2\/comments?post=94506"}],"wp:featuredmedia":[{"embeddable":true,"href":"https:\/\/www.ecommerceupdate.com.br\/pt_pt\/wp-json\/wp\/v2\/product\/94506"}],"wp:attachment":[{"href":"https:\/\/www.ecommerceupdate.com.br\/pt_pt\/wp-json\/wp\/v2\/media?parent=94506"}],"wp:term":[{"taxonomy":"product_cat","embeddable":true,"href":"https:\/\/www.ecommerceupdate.com.br\/pt_pt\/wp-json\/wp\/v2\/product_cat?post=94506"},{"taxonomy":"product_tag","embeddable":true,"href":"https:\/\/www.ecommerceupdate.com.br\/pt_pt\/wp-json\/wp\/v2\/product_tag?post=94506"}],"curies":[{"name":"wp","href":"https:\/\/api.w.org\/{rel}","templated":true}]}}