{"id":91645,"date":"2026-02-07T11:35:38","date_gmt":"2026-02-07T14:35:38","guid":{"rendered":"https:\/\/www.ecommerceupdate.org\/produto\/o-modelo-jeff-bezos-de-comunicacao-1a-edicao-2023\/"},"modified":"2026-05-11T09:39:02","modified_gmt":"2026-05-11T12:39:02","slug":"o-modelo-jeff-bezos-de-comunicacao-1a-edicao-2023","status":"publish","type":"product","link":"https:\/\/www.ecommerceupdate.com.br\/qu\/produto\/o-modelo-jeff-bezos-de-comunicacao-1a-edicao-2023\/","title":{"rendered":"O modelo Jeff Bezos de comunica\u00e7\u00e3o &#8211; 1\u00aa edi\u00e7\u00e3o 2023"},"content":{"rendered":"<div class=\"woocommerce-product-details\"><\/div>","protected":false},"excerpt":{"rendered":"<p>Desbloqueie a capacidade de persuadir e orientar decis\u00f5es com uma comunica\u00e7\u00e3o clara e estrat\u00e9gica, um m\u00e9todo que reflete as pr\u00e1ticas de Jeff Bezos para impulsionar resultados. Escrito por Carmine Gallo (autor e editor), o livro est\u00e1 dispon\u00edvel em formato eBook Kindle na 1\u00aa edi\u00e7\u00e3o de 2023. Por apenas R$ 67,90, voc\u00ea ter\u00e1 um guia pr\u00e1tico para aplicar t\u00e9cnicas de comunica\u00e7\u00e3o eficaz no dia a dia de lideran\u00e7a e gest\u00e3o.<\/p>","protected":false},"featured_media":91645,"comment_status":"open","ping_status":"closed","template":"","meta":[],"product_cat":[1611,1608,1607],"product_tag":[2793,2792,2791],"class_list":{"0":"post-91645","1":"product","2":"type-product","3":"status-publish","4":"has-post-thumbnail","5":"product_brand-por-carmine-gallo-autor-editor-formato-ebook-kindle","6":"product_cat-administracao-negocios-e-economia","7":"product_cat-ebooks-kindle","8":"product_cat-loja-kindle","9":"product_tag-administracao-negocios-economia-jeff-bezos-comunicacao-livro-kindle","10":"product_tag-ebook-kindle-lideranca-jeff-bezos-2023","11":"product_tag-livro-kindle-jeff-bezos-modelo-de-comunicacao-carmine-gallo","13":"first","14":"instock","15":"sale","16":"shipping-taxable","17":"purchasable","18":"product-type-simple"},"aioseo_notices":[],"_links":{"self":[{"href":"https:\/\/www.ecommerceupdate.com.br\/qu\/wp-json\/wp\/v2\/product\/91645","targetHints":{"allow":["GET"]}}],"collection":[{"href":"https:\/\/www.ecommerceupdate.com.br\/qu\/wp-json\/wp\/v2\/product"}],"about":[{"href":"https:\/\/www.ecommerceupdate.com.br\/qu\/wp-json\/wp\/v2\/types\/product"}],"replies":[{"embeddable":true,"href":"https:\/\/www.ecommerceupdate.com.br\/qu\/wp-json\/wp\/v2\/comments?post=91645"}],"wp:featuredmedia":[{"embeddable":true,"href":"https:\/\/www.ecommerceupdate.com.br\/qu\/wp-json\/wp\/v2\/product\/91645"}],"wp:attachment":[{"href":"https:\/\/www.ecommerceupdate.com.br\/qu\/wp-json\/wp\/v2\/media?parent=91645"}],"wp:term":[{"taxonomy":"product_cat","embeddable":true,"href":"https:\/\/www.ecommerceupdate.com.br\/qu\/wp-json\/wp\/v2\/product_cat?post=91645"},{"taxonomy":"product_tag","embeddable":true,"href":"https:\/\/www.ecommerceupdate.com.br\/qu\/wp-json\/wp\/v2\/product_tag?post=91645"}],"curies":[{"name":"wp","href":"https:\/\/api.w.org\/{rel}","templated":true}]}}