{"id":91661,"date":"2026-02-07T12:39:34","date_gmt":"2026-02-07T15:39:34","guid":{"rendered":"https:\/\/www.ecommerceupdate.org\/produto\/custos-de-operacoes-no-e-commerce\/"},"modified":"2026-05-13T10:05:25","modified_gmt":"2026-05-13T13:05:25","slug":"custos-de-operacoes-no-e-commerce","status":"publish","type":"product","link":"https:\/\/www.ecommerceupdate.com.br\/qu\/produto\/custos-de-operacoes-no-e-commerce\/","title":{"rendered":"Custos de Opera\u00e7\u00f5es no E-commerce"},"content":{"rendered":"<div class=\"woocommerce-product-details\"><\/div>","protected":false},"excerpt":{"rendered":"<p>Reduza significativamente os custos operacionais do seu e-commerce ao aplicar estrat\u00e9gias pr\u00e1ticas e comprovadas apresentadas neste livro. Escrito pelos autores Silvana Torquato Fernandes Alves e L\u00facia Maria Tavares, o t\u00edtulo oferece an\u00e1lises de custos, gest\u00e3o de processos e exemplos aplic\u00e1veis ao dia a dia da loja online, com pre\u00e7o de lan\u00e7amento de R$ 121,06. Leia para entender como transformar despesas em oportunidades de ganho e otimizar cada etapa do seu neg\u00f3cio digital.<\/p>","protected":false},"featured_media":91661,"comment_status":"open","ping_status":"closed","template":"","meta":[],"product_cat":[1611,1613,1595],"product_tag":[2762,2761,2763],"class_list":{"0":"post-91661","1":"product","2":"type-product","3":"status-publish","4":"has-post-thumbnail","5":"product_brand-por-silvana-torquato-fernandes-alves-autor-lcia-maria-tavares-autor","6":"product_cat-administracao-negocios-e-economia","7":"product_cat-industrias-e-profissoes","8":"product_cat-livros","9":"product_tag-gestao-de-custos-para-e-commerce","10":"product_tag-livro-custos-de-operacoes-no-e-commerce","11":"product_tag-otimizacao-de-operacoes-no-e-commerce","13":"first","14":"instock","15":"sale","16":"shipping-taxable","17":"purchasable","18":"product-type-simple"},"aioseo_notices":[],"_links":{"self":[{"href":"https:\/\/www.ecommerceupdate.com.br\/qu\/wp-json\/wp\/v2\/product\/91661","targetHints":{"allow":["GET"]}}],"collection":[{"href":"https:\/\/www.ecommerceupdate.com.br\/qu\/wp-json\/wp\/v2\/product"}],"about":[{"href":"https:\/\/www.ecommerceupdate.com.br\/qu\/wp-json\/wp\/v2\/types\/product"}],"replies":[{"embeddable":true,"href":"https:\/\/www.ecommerceupdate.com.br\/qu\/wp-json\/wp\/v2\/comments?post=91661"}],"wp:featuredmedia":[{"embeddable":true,"href":"https:\/\/www.ecommerceupdate.com.br\/qu\/wp-json\/wp\/v2\/product\/91661"}],"wp:attachment":[{"href":"https:\/\/www.ecommerceupdate.com.br\/qu\/wp-json\/wp\/v2\/media?parent=91661"}],"wp:term":[{"taxonomy":"product_cat","embeddable":true,"href":"https:\/\/www.ecommerceupdate.com.br\/qu\/wp-json\/wp\/v2\/product_cat?post=91661"},{"taxonomy":"product_tag","embeddable":true,"href":"https:\/\/www.ecommerceupdate.com.br\/qu\/wp-json\/wp\/v2\/product_tag?post=91661"}],"curies":[{"name":"wp","href":"https:\/\/api.w.org\/{rel}","templated":true}]}}