{"id":91689,"date":"2026-02-07T21:29:21","date_gmt":"2026-02-08T00:29:21","guid":{"rendered":"https:\/\/www.ecommerceupdate.org\/produto\/chat-commerce-escale-seus-resultados-transformando-conversas-em-vendas\/"},"modified":"2026-05-13T10:10:24","modified_gmt":"2026-05-13T13:10:24","slug":"chat-commerce-escale-seus-resultados-transformando-conversas-em-vendas","status":"publish","type":"product","link":"https:\/\/www.ecommerceupdate.com.br\/qu\/produto\/chat-commerce-escale-seus-resultados-transformando-conversas-em-vendas\/","title":{"rendered":"Chat commerce: escale seus resultados transformando conversas em vendas"},"content":{"rendered":"<div class=\"woocommerce-product-details\">\n<div id=\"aplus_feature_div\" class=\"celwidget\" data-feature-name=\"aplus\" data-csa-c-type=\"widget\" data-csa-c-content-id=\"aplus\" data-csa-c-slot-id=\"aplus_feature_div\" data-csa-c-asin=\"\" data-csa-c-is-in-initial-active-row=\"false\">\n<div id=\"aplus\" class=\"a-section a-spacing-large bucket\">\n<h3 class=\"\">Da editora<\/h3>\n<div lang=\"pt_BR\">\n<div class=\"aplus-v2 desktop celwidget\">\n<div class=\"aplus-content-wrapper\">\n<div class=\"celwidget aplus-module 3p-module-b aplus-standard\">\n<div class=\"aplus-module-wrapper aplus-3p-fixed-width\"> <img decoding=\"async\" alt=\"Chat commerce\" src=\"https:\/\/m.media-amazon.com\/images\/S\/aplus-media-library-service-media\/d3d278d5-8445-4a61-ac56-2b25195491b3.__CR0,0,970,600_PT0_SX970_V1___.jpg\" \/> <\/div>\n<\/p>\n<\/div>\n<div class=\"celwidget aplus-module module-12 aplus-standard\">\n<div class=\"aplus-module-wrapper apm-spacing apm-floatnone apm-fixed-width\">\n<div class=\"apm-sidemodule aplus-module-content\">\n<div class=\"apm-hero-image\"> <img decoding=\"async\" alt=\"Chat commerce\" src=\"https:\/\/m.media-amazon.com\/images\/S\/aplus-media-library-service-media\/3855f953-7d5d-4dcf-83ca-9d0648be4209.__CR0,0,970,300_PT0_SX970_V1___.jpg\" \/> <\/div>\n<\/p>\n<\/div>\n<\/div>\n<\/div>\n<div class=\"celwidget aplus-module module-12 aplus-standard\">\n<div class=\"aplus-module-wrapper apm-spacing apm-floatnone apm-fixed-width\">\n<div class=\"apm-sidemodule aplus-module-content\">\n<div class=\"apm-hero-image\"> <img decoding=\"async\" alt=\"Chat commerce\" src=\"https:\/\/m.media-amazon.com\/images\/S\/aplus-media-library-service-media\/96e162c3-c073-4e76-ab93-2411af3999ea.__CR0,0,970,300_PT0_SX970_V1___.jpg\" \/> <\/div>\n<\/p>\n<\/div>\n<\/div>\n<\/div>\n<div class=\"celwidget aplus-module module-12 aplus-standard\">\n<div class=\"aplus-module-wrapper apm-spacing apm-floatnone apm-fixed-width\">\n<div class=\"apm-sidemodule aplus-module-content\">\n<div class=\"apm-hero-image\"> <img decoding=\"async\" alt=\"Chat commerce\" src=\"https:\/\/m.media-amazon.com\/images\/S\/aplus-media-library-service-media\/b99f3a1e-92a8-4d02-ab81-406f7ecd06d0.__CR0,0,970,300_PT0_SX970_V1___.jpg\" \/> <\/div>\n<\/p>\n<\/div>\n<\/div>\n<\/div>\n<\/div>\n<\/div>\n<\/div>\n<\/div>\n<\/div>\n<h3>Detalhes do produto<\/h3>\n<ul>\n<li>Editora : Alta Books<\/li>\n<li>Data da publica\u00e7\u00e3o : 15 dezembro 2025<\/li>\n<li>Edi\u00e7\u00e3o : 1\u00aa<\/li>\n<li>Idioma : Portugu\u00eas<\/li>\n<li>N\u00famero de p\u00e1ginas : 236 p\u00e1ginas<\/li>\n<li>ISBN-10 : 8550828882<\/li>\n<li>ISBN-13 : 978-8550828886<\/li>\n<li>Peso do produto : 330 g<\/li>\n<li>Dimens\u00f5es : 15.7 x 1 x 23 cm<\/li>\n<li>Ranking dos mais vendidos: N\u00ba 225.888 em Livros (Conhe\u00e7a o Top 100 na categoria Livros) N\u00ba 18 em Microsoft N\u00ba 167 em Software em Inform\u00e1tica e Tecnologia N\u00ba 185 em Cultura do Centro de Trabalho<\/li>\n<li>N\u00ba 18 em Microsoft<\/li>\n<li>N\u00ba 167 em Software em Inform\u00e1tica e Tecnologia<\/li>\n<li>N\u00ba 185 em Cultura do Centro de Trabalho<\/li>\n<\/ul><\/div>","protected":false},"excerpt":{"rendered":"<p>Aumente suas vendas ao transformar conversas em oportunidades reais, usando estrat\u00e9gias de chat commerce que conectam atendimentos a fechamentos r\u00e1pidos. Este guia pr\u00e1tico entrega t\u00e9cnicas para escalar resultados com foco em funis de venda, mensagens personalizadas e automa\u00e7\u00e3o de follow-ups, e est\u00e1 dispon\u00edvel por apenas R$ 34,21 \u2014 descubra como aplicar j\u00e1 no seu neg\u00f3cio.<\/p>","protected":false},"featured_media":91689,"comment_status":"open","ping_status":"closed","template":"","meta":[],"product_cat":[1611,1621,1595],"product_tag":[2721,2720,2719],"class_list":{"0":"post-91689","1":"product","2":"type-product","3":"status-publish","4":"has-post-thumbnail","5":"product_brand-por-tiago-vailati-autor","6":"product_cat-administracao-negocios-e-economia","7":"product_cat-gestao-e-lideranca","8":"product_cat-livros","9":"product_tag-automacao-de-vendas-pelo-chat","10":"product_tag-conversoes-em-vendas-por-chat","11":"product_tag-livro-chat-commerce","13":"first","14":"instock","15":"sale","16":"shipping-taxable","17":"purchasable","18":"product-type-simple"},"aioseo_notices":[],"_links":{"self":[{"href":"https:\/\/www.ecommerceupdate.com.br\/qu\/wp-json\/wp\/v2\/product\/91689","targetHints":{"allow":["GET"]}}],"collection":[{"href":"https:\/\/www.ecommerceupdate.com.br\/qu\/wp-json\/wp\/v2\/product"}],"about":[{"href":"https:\/\/www.ecommerceupdate.com.br\/qu\/wp-json\/wp\/v2\/types\/product"}],"replies":[{"embeddable":true,"href":"https:\/\/www.ecommerceupdate.com.br\/qu\/wp-json\/wp\/v2\/comments?post=91689"}],"wp:featuredmedia":[{"embeddable":true,"href":"https:\/\/www.ecommerceupdate.com.br\/qu\/wp-json\/wp\/v2\/product\/91689"}],"wp:attachment":[{"href":"https:\/\/www.ecommerceupdate.com.br\/qu\/wp-json\/wp\/v2\/media?parent=91689"}],"wp:term":[{"taxonomy":"product_cat","embeddable":true,"href":"https:\/\/www.ecommerceupdate.com.br\/qu\/wp-json\/wp\/v2\/product_cat?post=91689"},{"taxonomy":"product_tag","embeddable":true,"href":"https:\/\/www.ecommerceupdate.com.br\/qu\/wp-json\/wp\/v2\/product_tag?post=91689"}],"curies":[{"name":"wp","href":"https:\/\/api.w.org\/{rel}","templated":true}]}}