{"id":93568,"date":"2026-03-04T20:20:48","date_gmt":"2026-03-04T23:20:48","guid":{"rendered":"https:\/\/www.ecommerceupdate.com.br\/produto\/direitos-do-consumidor-no-e-commerce-dicas-e-orientacoes-para-empresas\/"},"modified":"2026-05-09T12:00:16","modified_gmt":"2026-05-09T15:00:16","slug":"direitos-do-consumidor-no-e-commerce-dicas-e-orientacoes-para-empresas","status":"publish","type":"product","link":"https:\/\/www.ecommerceupdate.com.br\/qu\/produto\/direitos-do-consumidor-no-e-commerce-dicas-e-orientacoes-para-empresas\/","title":{"rendered":"Direitos do Consumidor no E-commerce : Dicas e Orienta\u00e7\u00f5es para Empresas"},"content":{"rendered":"<div class=\"woocommerce-product-details\">\n<h3>Detalhes do produto<\/h3>\n<ul>\n<li>ASIN : B08MWVN6R7<\/li>\n<li>Acessibilidade : Saiba mais<\/li>\n<li>Data da publica\u00e7\u00e3o : 5 novembro 2020<\/li>\n<li>Edi\u00e7\u00e3o : 1\u00aa<\/li>\n<li>Idioma : Portugu\u00eas<\/li>\n<li>Tamanho do arquivo : 1.4 MB<\/li>\n<li>Leitor de tela : Compat\u00edvel<\/li>\n<li>Configura\u00e7\u00e3o de fonte : Habilitado<\/li>\n<li>Dicas de vocabul\u00e1rio : N\u00e3o habilitado<\/li>\n<li>N\u00famero de p\u00e1ginas : 83 p\u00e1ginas<\/li>\n<li>ISBN-13 : 978-6500119480<\/li>\n<li>Page Flip : Habilitado<\/li>\n<li>Ranking dos mais vendidos: N\u00ba 379.865 em Loja Kindle (Conhe\u00e7a o Top 100 na categoria Loja Kindle) N\u00ba 216 em Com\u00e9rcio Eletr\u00f4nico N\u00ba 8.206 em Direito (Loja Kindle) N\u00ba 14.178 em Neg\u00f3cios e economia<\/li>\n<li>N\u00ba 216 em Com\u00e9rcio Eletr\u00f4nico<\/li>\n<li>N\u00ba 8.206 em Direito (Loja Kindle)<\/li>\n<li>N\u00ba 14.178 em Neg\u00f3cios e economia<\/li>\n<li>Avalia\u00e7\u00f5es dos clientes: 4,0 4,0 de 5 estrelas (1)<\/li>\n<\/ul><\/div>","protected":false},"excerpt":{"rendered":"<p>Pr\u00e9via do E-book: <\/p>\n<p>Leia algumas p\u00e1ginas antes de adquirir o produto <\/p>\n<p>Sum\u00e1rio <\/p>\n<p>Sobre o Projeto: <\/p>\n<p>O projeto \u201cDireito Descomplicado para Leigos\u201d surgiu em raz\u00e3o de diversos questionamentos que recebemos diariamente na nossa atua\u00e7\u00e3o profissional, bem como em raz\u00e3o de nossas experi\u00eancias como consumidores. <\/p>\n<p>Al\u00e9m disso, sabemos como a popula\u00e7\u00e3o em geral tem dificuldade em entender e compreender o Direito, seja por conta das diversas especificidades, nomenclaturas, teorias e entendimentos, seja pela simples falta de acesso \u00e0s informa\u00e7\u00f5es corretas. <\/p>\n<p>Sabemos que existem in\u00fameras obras de not\u00e1vel qualidade sobre o Direito, em especial sobre os Direitos dos Consumidores. Entretanto, a maior parte destas obras \u00e9 voltada para o p\u00fablico acad\u00eamico ou atuante na \u00e1rea jur\u00eddica, tendo, portanto, uma profundidade e complexidade muito grande para o indiv\u00edduo que n\u00e3o atua no \u00e2mbito Jur\u00eddico. <\/p>\n<p>Por isso decidimos tentar simplificar e descomplicar o Direito para que pessoas que n\u00e3o possuam forma\u00e7\u00e3o na \u00e1rea jur\u00eddica possam saber, entender e aplicar os seus direitos. <\/p>\n<p>A nossa sociedade passar\u00e1 por profunda altera\u00e7\u00e3o quando conhecermos e aplicarmos nossos direitos, bem como cumprirmos os nossos deveres. <\/p>\n<p>Ent\u00e3o, siga o nosso projeto, envie d\u00favidas, coment\u00e1rios, cr\u00edticas e sugest\u00f5es, ajude-nos a continuar Descomplicando o Direito para os Leigos em rela\u00e7\u00e3o ao Mundo Jur\u00eddico. <\/p>\n<p>Um grande abra\u00e7o e boa leitura! <\/p>\n<p>Ana Carolina Matos e Estev\u00e3o Matos <\/p>\n<p>Sobre os Autores: <\/p>\n<p>Ana Carolina Matos: Graduada pela Escola Superior Dom Helder C\u00e2mara. Possui Especializa\u00e7\u00e3o lato sensu em Direito Previdenci\u00e1rio. Advogada atuante nas \u00e1reas de Direito Previdenci\u00e1rio, Direito do Consumidor e Direito do Trabalho. Monitora de Cursos Preparat\u00f3rios para Concursos. <\/p>\n<p>Estev\u00e3o Matos: Graduado pela Escola Superior Dom Helder C\u00e2mara. Possui especializa\u00e7\u00e3o lato sensu em Direito do Trabalho e Processual do Trabalho. Advogado atuante nas \u00e1reas de Direito Previdenci\u00e1rio, Direito Administrativo, Direito do Consumidor e Direito Civil. Monitor de Cursos Preparat\u00f3rios para Concursos. Procurador Municipal do Munic\u00edpio de Curvelo. <\/p>\n<p>Dados do Livro: <\/p>\n<p>&#8211; Nome: Direitos do Consumidor no E-commerce \u2013 Dicas e Orienta\u00e7\u00f5es para Empresas <\/p>\n<p>&#8211; Autores: Ana Carolina Matos e Estev\u00e3o Matos <\/p>\n<p>&#8211; Edi\u00e7\u00e3o: 1\u00aa, Revista, Atualizada e Ampliada. <\/p>\n<p>&#8211; Ano de Lan\u00e7amento: 2020. <\/p>\n<p>&#8211; N\u00famero de P\u00e1ginas: 80 p\u00e1ginas. <\/p>\n<p>&#8211; ISBN: 978-65-00-11948-0 <\/p>\n<p>&#8211; Formato: PDF. <\/p>\n<p>&#8211; Tamanho: 1,30 Mb.<\/p>","protected":false},"featured_media":93568,"comment_status":"open","ping_status":"closed","template":"","meta":[],"product_cat":[1611,1613,1595],"product_tag":[],"class_list":{"0":"post-93568","1":"product","2":"type-product","3":"status-publish","4":"has-post-thumbnail","5":"product_brand-por-ana-carolina-matos-autor-estevo-matos-autor-formato-ebook-kindle","6":"product_cat-administracao-negocios-e-economia","7":"product_cat-industrias-e-profissoes","8":"product_cat-livros","10":"first","11":"instock","12":"shipping-taxable","13":"purchasable","14":"product-type-simple"},"aioseo_notices":[],"_links":{"self":[{"href":"https:\/\/www.ecommerceupdate.com.br\/qu\/wp-json\/wp\/v2\/product\/93568","targetHints":{"allow":["GET"]}}],"collection":[{"href":"https:\/\/www.ecommerceupdate.com.br\/qu\/wp-json\/wp\/v2\/product"}],"about":[{"href":"https:\/\/www.ecommerceupdate.com.br\/qu\/wp-json\/wp\/v2\/types\/product"}],"replies":[{"embeddable":true,"href":"https:\/\/www.ecommerceupdate.com.br\/qu\/wp-json\/wp\/v2\/comments?post=93568"}],"wp:featuredmedia":[{"embeddable":true,"href":"https:\/\/www.ecommerceupdate.com.br\/qu\/wp-json\/wp\/v2\/product\/93568"}],"wp:attachment":[{"href":"https:\/\/www.ecommerceupdate.com.br\/qu\/wp-json\/wp\/v2\/media?parent=93568"}],"wp:term":[{"taxonomy":"product_cat","embeddable":true,"href":"https:\/\/www.ecommerceupdate.com.br\/qu\/wp-json\/wp\/v2\/product_cat?post=93568"},{"taxonomy":"product_tag","embeddable":true,"href":"https:\/\/www.ecommerceupdate.com.br\/qu\/wp-json\/wp\/v2\/product_tag?post=93568"}],"curies":[{"name":"wp","href":"https:\/\/api.w.org\/{rel}","templated":true}]}}