{"id":93665,"date":"2026-03-05T14:05:37","date_gmt":"2026-03-05T17:05:37","guid":{"rendered":"https:\/\/www.ecommerceupdate.com.br\/produto\/como-vender-no-mercado-livre-guia-completo-passo-a-passo-com-as-principais-tecnicas-para-vender-muito-em-2022-aprenda-vender-todos-os-dias-no-mercado-livre-lucrar-alto-e-ter-muito-sucesso\/"},"modified":"2026-05-09T12:10:55","modified_gmt":"2026-05-09T15:10:55","slug":"como-vender-no-mercado-livre-guia-completo-passo-a-passo-com-as-principais-tecnicas-para-vender-muito-em-2022-aprenda-vender-todos-os-dias-no-mercado-livre-lucrar-alto-e-ter-muito-sucesso","status":"publish","type":"product","link":"https:\/\/www.ecommerceupdate.com.br\/qu\/produto\/como-vender-no-mercado-livre-guia-completo-passo-a-passo-com-as-principais-tecnicas-para-vender-muito-em-2022-aprenda-vender-todos-os-dias-no-mercado-livre-lucrar-alto-e-ter-muito-sucesso\/","title":{"rendered":"Como Vender no Mercado Livre: Guia Completo Passo a Passo com as Principais T\u00e9cnicas para vender Muito em 2022: Aprenda vender todos os dias no mercado livre, lucrar alto e ter muito sucesso!"},"content":{"rendered":"<div class=\"woocommerce-product-details\">\n<h3>Detalhes do produto<\/h3>\n<ul>\n<li>ASIN : B0BHM6PF9V<\/li>\n<li>Acessibilidade : Saiba mais<\/li>\n<li>Data da publica\u00e7\u00e3o : 6 outubro 2022<\/li>\n<li>Idioma : Portugu\u00eas<\/li>\n<li>Tamanho do arquivo : 6.6 MB<\/li>\n<li>Leitor de tela : Compat\u00edvel<\/li>\n<li>Configura\u00e7\u00e3o de fonte : Habilitado<\/li>\n<li>Dicas de vocabul\u00e1rio : N\u00e3o habilitado<\/li>\n<li>Page Flip : Habilitado<\/li>\n<li>Ranking dos mais vendidos: N\u00ba 170.985 em Loja Kindle (Conhe\u00e7a o Top 100 na categoria Loja Kindle) N\u00ba 168.819 em eBooks Kindle<\/li>\n<li>N\u00ba 168.819 em eBooks Kindle<\/li>\n<li>Avalia\u00e7\u00f5es dos clientes: 5,0 5,0 de 5 estrelas (3)<\/li>\n<\/ul><\/div>","protected":false},"excerpt":{"rendered":"<p><span>Imagine-se voc\u00ea aprender a como vender no mercado livre, trabalhar em casa com a sua fam\u00edlia.<\/span>Imagine-se voc\u00ea aprender a como vender no mercado livre, trabalhar em casa com a sua fam\u00edlia.<span>Imagine-se voc\u00ea tendo liberdade e podendo viver aonde quiser, 100% remoto.<\/span>Imagine-se voc\u00ea tendo liberdade e podendo viver aonde quiser, 100% remoto.<span>Imagine-se voc\u00ea acordando, abrindo seu e-mail e o mesmo tendo dezenas de e-mails com o dizer VENDA REALIZADA. Imagine-se voc\u00ea faturando de R$ 9.000,00 a R$ 150.000,00 ao m\u00eas.<\/span>Imagine-se voc\u00ea acordando, abrindo seu e-mail e o mesmo tendo dezenas de e-mails com o dizer VENDA REALIZADA. Imagine-se voc\u00ea faturando de R$ 9.000,00 a R$ 150.000,00 ao m\u00eas.<br \/>Quem sabe at\u00e9 mais.<\/p>\n<p>Isso mesmo que voc\u00ea esteja come\u00e7ando do zero e que n\u00e3o saiba o que vender no mercado livre.<br \/>Que tenha pouco dinheiro e que nunca tenha vendido nada na internet.<\/p>\n<p>E porque eu digo isso?<br \/>Porque eu mesmo consegui fazer isso, criei um neg\u00f3cio digital que me possibilita ter liberdade.<br \/>Hoje eu trabalho com o que eu quero, tenho LIBERDADE e SEGURAN\u00c7A.<br \/>Isso porque sei que aconte\u00e7a o que acontecer, FAREI VENDAS TODOS OS DIAS.<\/p>\n<p>E este e-book tem UM \u00daNICO OBJETIVO que \u00e9 ajudar voc\u00ea a ter uma estrat\u00e9gia comprovada que possibilite que voc\u00ea venda todos os dias no mercado livre.<br \/>Com isso, voc\u00ea ir\u00e1 faturar de R$ 9.000 a R$ 150.000,00 por m\u00eas. Talvez at\u00e9 mais.<\/p>\n<p>O E-book \u00e9 o Guia completo que ensina a vender no mercado livre.<span>Criar conta;<\/span>Criar conta;<span>Como Anunciar os produtos;<\/span><\/p>\n<ul class=\"a-unordered-list a-vertical\">\n<li><span class=\"a-list-item\"><span>T\u00edtulo;<\/span><\/span><\/li>\n<li><span class=\"a-list-item\"><span>Categorias;<\/span><\/span><\/li>\n<li><span class=\"a-list-item\"><span>Fotos;<\/span><\/span><\/li>\n<li><span class=\"a-list-item\"><span>Descri\u00e7\u00e3o e Ficha t\u00e9cnica;<\/span><\/span><\/li>\n<li><span class=\"a-list-item\"><span>Estoque;<\/span><\/span><\/li>\n<li><span class=\"a-list-item\"><span>Varia\u00e7\u00f5es;<\/span><\/span><\/li>\n<li><span class=\"a-list-item\"><span>Pre\u00e7o;<\/span><\/span><\/li>\n<li><span class=\"a-list-item\"><span>Product Ads (Mercado Ads);<\/span><\/span><\/li>\n<\/ul>\n<p>Como Anunciar os produtos;<span>T\u00edtulo;<\/span>T\u00edtulo;<span>Categorias;<\/span>Categorias;<span>Fotos;<\/span>Fotos;<span>Descri\u00e7\u00e3o e Ficha t\u00e9cnica;<\/span>Descri\u00e7\u00e3o e Ficha t\u00e9cnica;<span>Estoque;<\/span>Estoque;<span>Varia\u00e7\u00f5es;<\/span>Varia\u00e7\u00f5es;<span>Pre\u00e7o;<\/span>Pre\u00e7o;<span>Product Ads (Mercado Ads);<\/span>Product Ads (Mercado Ads);<span>Logistica;<\/span>Logistica;<span>Pagamentos;<\/span>Pagamentos;<span>Reputa\u00e7\u00e3o;<\/span>Reputa\u00e7\u00e3o;<span>e fulfillment.<\/span>e fulfillment.<\/p>","protected":false},"featured_media":93665,"comment_status":"open","ping_status":"closed","template":"","meta":[],"product_cat":[1608,1607],"product_tag":[],"class_list":{"0":"post-93665","1":"product","2":"type-product","3":"status-publish","4":"has-post-thumbnail","5":"product_brand-por-diogo-rocha-autor-formato-ebook-kindle","6":"product_cat-ebooks-kindle","7":"product_cat-loja-kindle","9":"first","10":"instock","11":"shipping-taxable","12":"purchasable","13":"product-type-simple"},"aioseo_notices":[],"_links":{"self":[{"href":"https:\/\/www.ecommerceupdate.com.br\/qu\/wp-json\/wp\/v2\/product\/93665","targetHints":{"allow":["GET"]}}],"collection":[{"href":"https:\/\/www.ecommerceupdate.com.br\/qu\/wp-json\/wp\/v2\/product"}],"about":[{"href":"https:\/\/www.ecommerceupdate.com.br\/qu\/wp-json\/wp\/v2\/types\/product"}],"replies":[{"embeddable":true,"href":"https:\/\/www.ecommerceupdate.com.br\/qu\/wp-json\/wp\/v2\/comments?post=93665"}],"wp:featuredmedia":[{"embeddable":true,"href":"https:\/\/www.ecommerceupdate.com.br\/qu\/wp-json\/wp\/v2\/product\/93665"}],"wp:attachment":[{"href":"https:\/\/www.ecommerceupdate.com.br\/qu\/wp-json\/wp\/v2\/media?parent=93665"}],"wp:term":[{"taxonomy":"product_cat","embeddable":true,"href":"https:\/\/www.ecommerceupdate.com.br\/qu\/wp-json\/wp\/v2\/product_cat?post=93665"},{"taxonomy":"product_tag","embeddable":true,"href":"https:\/\/www.ecommerceupdate.com.br\/qu\/wp-json\/wp\/v2\/product_tag?post=93665"}],"curies":[{"name":"wp","href":"https:\/\/api.w.org\/{rel}","templated":true}]}}