{"id":93677,"date":"2026-03-05T14:07:48","date_gmt":"2026-03-05T17:07:48","guid":{"rendered":"https:\/\/www.ecommerceupdate.com.br\/produto\/mercado-de-opcoes-teoria-e-pratica-do-basico-ao-avancado-manuais-de-renda-variavel\/"},"modified":"2026-05-13T10:32:07","modified_gmt":"2026-05-13T13:32:07","slug":"mercado-de-opcoes-teoria-e-pratica-do-basico-ao-avancado-manuais-de-renda-variavel","status":"publish","type":"product","link":"https:\/\/www.ecommerceupdate.com.br\/qu\/produto\/mercado-de-opcoes-teoria-e-pratica-do-basico-ao-avancado-manuais-de-renda-variavel\/","title":{"rendered":"Mercado de Op\u00e7\u00f5es \u2013 Teoria e Pr\u00e1tica: Do b\u00e1sico ao avan\u00e7ado (Manuais de renda vari\u00e1vel)"},"content":{"rendered":"<div class=\"woocommerce-product-details\">\n<h3>Detalhes do produto<\/h3>\n<ul>\n<li>ASIN : B0979PCW7H<\/li>\n<li>Acessibilidade : Saiba mais<\/li>\n<li>Data da publica\u00e7\u00e3o : 14 junho 2021<\/li>\n<li>Idioma : Portugu\u00eas<\/li>\n<li>Tamanho do arquivo : 2.4 MB<\/li>\n<li>Leitor de tela : Compat\u00edvel<\/li>\n<li>Configura\u00e7\u00e3o de fonte : Habilitado<\/li>\n<li>Dicas de vocabul\u00e1rio : N\u00e3o habilitado<\/li>\n<li>N\u00famero de p\u00e1ginas : 121 p\u00e1ginas<\/li>\n<li>Page Flip : Habilitado<\/li>\n<li>Parte da s\u00e9rie : Manuais de renda vari\u00e1vel<\/li>\n<li>Ranking dos mais vendidos: N\u00ba 17.244 em Loja Kindle (Conhe\u00e7a o Top 100 na categoria Loja Kindle) N\u00ba 83 em Investir N\u00ba 495 em Neg\u00f3cios e economia<\/li>\n<li>N\u00ba 83 em Investir<\/li>\n<li>N\u00ba 495 em Neg\u00f3cios e economia<\/li>\n<li>Avalia\u00e7\u00f5es dos clientes: 4,4 4,4 de 5 estrelas (120)<\/li>\n<\/ul><\/div>","protected":false},"excerpt":{"rendered":"<p>Este livro busca ensinar o leitor a operar o mercado de op\u00e7\u00f5es, desde os conceitos b\u00e1sicos envolvendo os instrumentos at\u00e9 as estrat\u00e9gias estruturadas utilizadas no mundo inteiro.<\/p>\n<p>Ao final da leitura, voc\u00ea descobrir\u00e1 um novo mundo dentro da bolsa de valores e que movimenta todo o mercado a vista e futuro.<\/p>\n<p>Voc\u00ea aprender\u00e1 que operar a\u00e7\u00f5es e \u00edndice futuro \u00e9 como jogar dama, e o mercado de op\u00e7\u00f5es \u00e9 o verdadeiro tabuleiro de xadrez, com uma infinidade de estrat\u00e9gias e possibilidades.<\/p>\n<p>Com as op\u00e7\u00f5es, voc\u00ea n\u00e3o tem a obriga\u00e7\u00e3o de torcer para que o mercado v\u00e1 para cima ou para baixo.<\/p>\n<p>Livre-se dessa polaridade operando os derivativos!<\/p>","protected":false},"featured_media":93677,"comment_status":"open","ping_status":"closed","template":"","meta":[],"product_cat":[1611,1608,1607],"product_tag":[],"class_list":{"0":"post-93677","1":"product","2":"type-product","3":"status-publish","4":"has-post-thumbnail","5":"product_brand-por-lerbius-mark-autor-formato-ebook-kindle","6":"product_cat-administracao-negocios-e-economia","7":"product_cat-ebooks-kindle","8":"product_cat-loja-kindle","10":"first","11":"instock","12":"shipping-taxable","13":"purchasable","14":"product-type-simple"},"aioseo_notices":[],"_links":{"self":[{"href":"https:\/\/www.ecommerceupdate.com.br\/qu\/wp-json\/wp\/v2\/product\/93677","targetHints":{"allow":["GET"]}}],"collection":[{"href":"https:\/\/www.ecommerceupdate.com.br\/qu\/wp-json\/wp\/v2\/product"}],"about":[{"href":"https:\/\/www.ecommerceupdate.com.br\/qu\/wp-json\/wp\/v2\/types\/product"}],"replies":[{"embeddable":true,"href":"https:\/\/www.ecommerceupdate.com.br\/qu\/wp-json\/wp\/v2\/comments?post=93677"}],"wp:featuredmedia":[{"embeddable":true,"href":"https:\/\/www.ecommerceupdate.com.br\/qu\/wp-json\/wp\/v2\/product\/93677"}],"wp:attachment":[{"href":"https:\/\/www.ecommerceupdate.com.br\/qu\/wp-json\/wp\/v2\/media?parent=93677"}],"wp:term":[{"taxonomy":"product_cat","embeddable":true,"href":"https:\/\/www.ecommerceupdate.com.br\/qu\/wp-json\/wp\/v2\/product_cat?post=93677"},{"taxonomy":"product_tag","embeddable":true,"href":"https:\/\/www.ecommerceupdate.com.br\/qu\/wp-json\/wp\/v2\/product_tag?post=93677"}],"curies":[{"name":"wp","href":"https:\/\/api.w.org\/{rel}","templated":true}]}}