{"id":93858,"date":"2026-03-05T21:55:57","date_gmt":"2026-03-06T00:55:57","guid":{"rendered":"https:\/\/www.ecommerceupdate.com.br\/produto\/varejo-transformacao-digital-e-pandemia-um-panorama-das-mudancas-estrategicas-do-setor-e-do-que-o-futuro-digital-nos-trara-volume-1\/"},"modified":"2026-05-13T10:35:26","modified_gmt":"2026-05-13T13:35:26","slug":"varejo-transformacao-digital-e-pandemia-um-panorama-das-mudancas-estrategicas-do-setor-e-do-que-o-futuro-digital-nos-trara-volume-1","status":"publish","type":"product","link":"https:\/\/www.ecommerceupdate.com.br\/qu\/produto\/varejo-transformacao-digital-e-pandemia-um-panorama-das-mudancas-estrategicas-do-setor-e-do-que-o-futuro-digital-nos-trara-volume-1\/","title":{"rendered":"Varejo, Transforma\u00e7\u00e3o Digital e Pandemia: um Panorama das Mudan\u00e7as Estrat\u00e9gicas do Setor e do que o Futuro Digital nos Trar\u00e1 (Volume 1)"},"content":{"rendered":"<div class=\"woocommerce-product-details\">\n<div id=\"aplus_feature_div\" class=\"celwidget\" data-feature-name=\"aplus\" data-csa-c-type=\"widget\" data-csa-c-content-id=\"aplus\" data-csa-c-slot-id=\"aplus_feature_div\" data-csa-c-asin=\"\" data-csa-c-is-in-initial-active-row=\"false\">\n<div id=\"aplus\" class=\"a-section a-spacing-large bucket\">\n<h3 class=\"\">Da editora<\/h3>\n<div lang=\"pt_BR\">\n<div class=\"aplus-v2 desktop celwidget\">\n<div class=\"celwidget aplus-module module-11 aplus-standard\">\n<div class=\"aplus-module-wrapper apm-spacing apm-floatnone apm-fixed-width\">\n<div class=\"apm-sidemodule aplus-module-content\">\n<div class=\"apm-hero-image\"> <img decoding=\"async\" alt=\"1\" src=\"https:\/\/m.media-amazon.com\/images\/S\/aplus-media-library-service-media\/b5eda400-0c8d-4074-913d-c4777d99355c.__CR10,0,5199,1608_PT0_SX970_V1___.png\" \/> <\/div>\n<\/p>\n<\/div>\n<\/div>\n<\/div>\n<div class=\"celwidget aplus-module module-2 aplus-standard\">\n<div class=\"aplus-module-wrapper apm-floatnone apm-fixed-width\">\n<div class=\"apm-sidemodule apm-spacing\">\n<div class=\"apm-sidemodule-imageleft\"> <img decoding=\"async\" alt=\"1\" src=\"https:\/\/m.media-amazon.com\/images\/S\/aplus-media-library-service-media\/c3bd132c-ac1b-4054-b374-554b444f0e6d.__CR0,0,1310,1310_PT0_SX300_V1___.png\" \/> <\/div>\n<div class=\"apm-sidemodule-textright\">\n<h3 class=\"a-spacing-mini\"> Varejo, transforma\u00e7\u00e3o digital e pandemia <\/h3>\n<p> Este livro nasceu de uma s\u00e9rie de observa\u00e7\u00f5es e an\u00e1lises. Viagens \u00e0 China, Jap\u00e3o, Emirados \u00c1rabes, Israel, Europa, Estados Unidos e a todo o Brasil deram a Eduardo Terra a possibilidade de conectar as principais tend\u00eancias globais \u00e0 realidade e \u00e0s particularidades do varejo brasileiro. <\/p>\n<p> Como membro do Conselho de Administra\u00e7\u00e3o de diversas empresas de varejo, ele tem a oportunidade e o privil\u00e9gio de discutir ideias e conceitos, colocando-os a servi\u00e7o da pr\u00e1tica das empresas. Como palestrante, transforma esses debates em novos insights, multiplicando o conhecimento em um c\u00edrculo virtuoso. <\/p>\n<p> Neste livro, seus insights est\u00e3o organizados em artigos curtos que tratam de tr\u00eas grandes temas: as transforma\u00e7\u00f5es pelas quais o mundo vem passando; os novos valores necess\u00e1rios para lidar com estes novos tempos; e as alternativas estrat\u00e9gicas para o varejo neste mundo p\u00f3s-pandemia. Uma leitura r\u00e1pida e direto ao ponto, que re\u00fane os pontos mais importantes para a evolu\u00e7\u00e3o dos neg\u00f3cios. <\/p>\n<\/p>\n<\/div>\n<\/div>\n<\/div>\n<\/div>\n<div class=\"celwidget aplus-module module-4 aplus-standard\">\n<div class=\"aplus-module-wrapper apm-fixed-width apm-spacing\">\n<div class=\"apm-flex\">\n<div class=\"apm-flex-item-fourth-width\">\n<p class=\"apm-text-center\"> <img decoding=\"async\" alt=\"1\" src=\"https:\/\/m.media-amazon.com\/images\/S\/aplus-media-library-service-media\/7767d9b0-fe13-4aa6-beb4-e486bd935716.__CR0,0,1871,1871_PT0_SX220_V1___.png\" \/> <\/p>\n<p class=\"a-size-small\"> Os anos de 2020 e 2021 foram um divisor de \u00e1guas para o varejo brasileiro. Com a pandemia, as empresas perceberam a relev\u00e2ncia de promover a transforma\u00e7\u00e3o digital e investir no e-commerce para poder atender seus clientes. <\/p>\n<\/p>\n<\/div>\n<div class=\"apm-flex-item-fourth-width\">\n<p class=\"apm-text-center\"> <img decoding=\"async\" alt=\"2\" src=\"https:\/\/m.media-amazon.com\/images\/S\/aplus-media-library-service-media\/0ce7e146-fb9d-4360-9e60-8367b6a46537.__CR0,0,1871,1871_PT0_SX220_V1___.png\" \/> <\/p>\n<p class=\"a-size-small\"> O aumento da digitaliza\u00e7\u00e3o das jornadas de compra traz um imenso benef\u00edcio para o varejo. A possibilidade de identificar o cliente e analisar seu comportamento \u00e9 cada vez maior e, com isso, empresas mais evolu\u00eddas em sua jornada digital aumentam sua possibilidade de fidelizar os clientes. <\/p>\n<\/p>\n<\/div>\n<div class=\"apm-flex-item-fourth-width\">\n<p class=\"apm-text-center\"> <img decoding=\"async\" alt=\"2\" src=\"https:\/\/m.media-amazon.com\/images\/S\/aplus-media-library-service-media\/930cb05e-eb95-41dc-a491-d41ed28a72c0.__CR0,0,1871,1871_PT0_SX220_V1___.png\" \/> <\/p>\n<p class=\"a-size-small\"> Neste novo varejo p\u00f3s-pandemia, tudo come\u00e7a nos dados. Dados reais de clientes reais, capturados em todo meio de contato ao longo da jornada de relacionamento. O varejo p\u00f3s-C0vid n\u00e3o \u00e9 mais um varejo de m\u00e9dias, em que a empresa mensurava seu desempenho a partir de crit\u00e9rios como o faturamento m\u00e9dio por metro quadrado ou o faturamento m\u00e9dio por vendedor. <\/p>\n<\/p>\n<\/div>\n<div class=\"apm-flex-item-fourth-width\">\n<p class=\"apm-text-center\"> <img decoding=\"async\" alt=\"r\" src=\"https:\/\/m.media-amazon.com\/images\/S\/aplus-media-library-service-media\/edf22ce7-0327-4afb-b1b1-b111c7659400.__CR0,0,1871,1871_PT0_SX220_V1___.png\" \/> <\/p>\n<p class=\"a-size-small\"> N\u00e3o basta identificar oportunidades e criar solu\u00e7\u00f5es rapidamente. \u00c9 preciso ter a capacidade de implement\u00e1-las e integr\u00e1-las aos neg\u00f3cios j\u00e1 existentes. Para isso, \u00e9 preciso ter uma estrutura de TI \u00e1gil e flex\u00edvel, baseada em microsservi\u00e7os e em cloud computing, para acompanhar a evolu\u00e7\u00e3o das necessidades dos clientes e n\u00e3o ficar preso a sistemas legados. <\/p>\n<\/p>\n<\/div>\n<\/div>\n<\/div>\n<\/div>\n<div class=\"celwidget aplus-module module-11 aplus-standard\">\n<div class=\"aplus-module-wrapper apm-spacing apm-floatnone apm-fixed-width\">\n<div class=\"apm-sidemodule aplus-module-content\">\n<div class=\"apm-hero-image\"> <img decoding=\"async\" alt=\"A\" src=\"https:\/\/m.media-amazon.com\/images\/S\/aplus-media-library-service-media\/5323b1a9-6fcf-4951-beab-496e53a28b47.__CR10,0,5199,1608_PT0_SX970_V1___.png\" \/> <\/div>\n<\/p>\n<\/div>\n<\/div>\n<\/div>\n<div class=\"celwidget aplus-module module-2 aplus-standard\">\n<div class=\"aplus-module-wrapper apm-floatnone apm-fixed-width\">\n<div class=\"apm-sidemodule apm-spacing\">\n<div class=\"apm-sidemodule-imageleft\"> <img decoding=\"async\" alt=\"edu\" src=\"https:\/\/m.media-amazon.com\/images\/S\/aplus-media-library-service-media\/81174be8-4085-4780-8fb5-14399aea0f61.__CR0,41,1164,1164_PT0_SX300_V1___.png\" \/> <\/div>\n<div class=\"apm-sidemodule-textright\">\n<h3 class=\"a-spacing-mini\"> Eduardo Terra <\/h3>\n<p> Presidente da Sociedade Brasileira de Varejo e Consumo \u2013 SBVC, Membro do Conselho de Diversas Empresas, S\u00f3cio da BTR-Varese, S\u00f3cio da Hi-Partners Venture Capital, Palestrante Internacional, Professor de Cursos de P\u00f3s-Gradua\u00e7\u00e3o e MBA, Graduado em Administra\u00e7\u00e3o de Empresas \u2013 Escola Superior de Propaganda e Marketing, MBA \u2013 P\u00f3s-Gradua\u00e7\u00e3o pela FIA, Mestre em Administra\u00e7\u00e3o \u2013 FEA\/USP. Especializa\u00e7\u00e3o em Varejo Manchester Business School \u2013 UK, Youngstown State University e Columbia University <\/p>\n<\/p>\n<\/div>\n<\/div>\n<\/div>\n<\/div>\n<\/div>\n<\/div>\n<\/div>\n<\/div>\n<h3>Detalhes do produto<\/h3>\n<ul>\n<li>Editora : Literare Books International<\/li>\n<li>Data da publica\u00e7\u00e3o : 10 outubro 2022<\/li>\n<li>Edi\u00e7\u00e3o : 1\u00aa<\/li>\n<li>Idioma : Portugu\u00eas<\/li>\n<li>N\u00famero de p\u00e1ginas : 168 p\u00e1ginas<\/li>\n<li>ISBN-10 : 6559224473<\/li>\n<li>ISBN-13 : 978-6559224470<\/li>\n<li>Peso do produto : 230 g<\/li>\n<li>Idade de leitura : 12 anos e acima<\/li>\n<li>Dimens\u00f5es : 14 x 1 x 21 cm<\/li>\n<li>Ranking dos mais vendidos: N\u00ba 255.346 em Livros (Conhe\u00e7a o Top 100 na categoria Livros) N\u00ba 15.173 em Autoajuda N\u00ba 24.557 em Sa\u00fade e Fam\u00edlia (Livros)<\/li>\n<li>N\u00ba 15.173 em Autoajuda<\/li>\n<li>N\u00ba 24.557 em Sa\u00fade e Fam\u00edlia (Livros)<\/li>\n<li>Avalia\u00e7\u00f5es dos clientes: 4,6 4,6 de 5 estrelas (20)<\/li>\n<\/ul><\/div>","protected":false},"excerpt":{"rendered":"<p>Esta obra nasceu de uma s\u00e9rie de observa\u00e7\u00f5es e an\u00e1lises. Viagens \u00e0 China, Jap\u00e3o, Emirados \u00c1rabes, Israel, Europa, Estados Unidos e a todo o Brasil deram ao autor Eduardo Terra a possibilidade de conectar as principais tend\u00eancias globais \u00e0 realidade e \u00e0s particularidades do varejo brasileiro.Como membro do Conselho de Administra\u00e7\u00e3o de diversas empresas de varejo, Eduardo tem a oportunidade e o privil\u00e9gio de discutir ideias e conceitos, colocando-os a servi\u00e7o da pr\u00e1tica das empresas. Como palestrante, transforma esses debates em novos insights, multiplicando o conhecimento em um c\u00edrculo virtuoso.O livro cont\u00e9m artigos e reflex\u00f5es escritos nos \u00faltimos dois anos pelo autor, que tratam de tr\u00eas grandes temas: as transforma\u00e7\u00f5es pelas quais o mundo vem passando, os novos valores necess\u00e1rios para lidar com estes novos tempos e as alternativas estrat\u00e9gicas para o varejo neste mundo p\u00f3s-pandemia. S\u00e3o pensamentos sobre o presente do varejo e dos neg\u00f3cios, mas tamb\u00e9m s\u00e3o insights sobre como aproveitar da melhor forma esse momento para preparar um futuro melhor \u2013 pessoal e profissionalmenteUma leitura r\u00e1pida e direto ao ponto, que re\u00fane os pontos mais importantes para a evolu\u00e7\u00e3o dos neg\u00f3cios.<\/p>","protected":false},"featured_media":93858,"comment_status":"open","ping_status":"closed","template":"","meta":[],"product_cat":[1627,1595],"product_tag":[],"class_list":{"0":"post-93858","1":"product","2":"type-product","3":"status-publish","4":"has-post-thumbnail","5":"product_brand-por-eduardo-terra-autor","6":"product_cat-autoajuda","7":"product_cat-livros","9":"first","10":"instock","11":"sale","12":"shipping-taxable","13":"purchasable","14":"product-type-simple"},"aioseo_notices":[],"_links":{"self":[{"href":"https:\/\/www.ecommerceupdate.com.br\/qu\/wp-json\/wp\/v2\/product\/93858","targetHints":{"allow":["GET"]}}],"collection":[{"href":"https:\/\/www.ecommerceupdate.com.br\/qu\/wp-json\/wp\/v2\/product"}],"about":[{"href":"https:\/\/www.ecommerceupdate.com.br\/qu\/wp-json\/wp\/v2\/types\/product"}],"replies":[{"embeddable":true,"href":"https:\/\/www.ecommerceupdate.com.br\/qu\/wp-json\/wp\/v2\/comments?post=93858"}],"wp:featuredmedia":[{"embeddable":true,"href":"https:\/\/www.ecommerceupdate.com.br\/qu\/wp-json\/wp\/v2\/product\/93858"}],"wp:attachment":[{"href":"https:\/\/www.ecommerceupdate.com.br\/qu\/wp-json\/wp\/v2\/media?parent=93858"}],"wp:term":[{"taxonomy":"product_cat","embeddable":true,"href":"https:\/\/www.ecommerceupdate.com.br\/qu\/wp-json\/wp\/v2\/product_cat?post=93858"},{"taxonomy":"product_tag","embeddable":true,"href":"https:\/\/www.ecommerceupdate.com.br\/qu\/wp-json\/wp\/v2\/product_tag?post=93858"}],"curies":[{"name":"wp","href":"https:\/\/api.w.org\/{rel}","templated":true}]}}