{"id":94173,"date":"2026-03-09T04:16:10","date_gmt":"2026-03-09T07:16:10","guid":{"rendered":"https:\/\/www.ecommerceupdate.com.br\/produto\/como-ser-afiliado-shopee-seja-um-afiliado-da-shopee-e-faca-renda-extra\/"},"modified":"2026-05-13T10:51:55","modified_gmt":"2026-05-13T13:51:55","slug":"como-ser-afiliado-shopee-seja-um-afiliado-da-shopee-e-faca-renda-extra","status":"publish","type":"product","link":"https:\/\/www.ecommerceupdate.com.br\/qu\/produto\/como-ser-afiliado-shopee-seja-um-afiliado-da-shopee-e-faca-renda-extra\/","title":{"rendered":"Como Ser Afiliado Shopee: Seja um Afiliado da Shopee e Fa\u00e7a Renda Extra"},"content":{"rendered":"<div class=\"woocommerce-product-details\">\n<h3>Detalhes do produto<\/h3>\n<ul>\n<li>ASIN : B0C2QKL4GJ<\/li>\n<li>Acessibilidade : Saiba mais<\/li>\n<li>Data da publica\u00e7\u00e3o : 16 abril 2023<\/li>\n<li>Idioma : Portugu\u00eas<\/li>\n<li>Tamanho do arquivo : 508 KB<\/li>\n<li>Leitor de tela : Compat\u00edvel<\/li>\n<li>Configura\u00e7\u00e3o de fonte : Habilitado<\/li>\n<li>Dicas de vocabul\u00e1rio : N\u00e3o habilitado<\/li>\n<li>N\u00famero de p\u00e1ginas : 30 p\u00e1ginas<\/li>\n<li>Page Flip : Habilitado<\/li>\n<li>Ranking dos mais vendidos: N\u00ba 36.233 em Loja Kindle (Conhe\u00e7a o Top 100 na categoria Loja Kindle) N\u00ba 66 em Web Marketing N\u00ba 348 em Motivacional N\u00ba 1.266 em Neg\u00f3cios e economia<\/li>\n<li>N\u00ba 66 em Web Marketing<\/li>\n<li>N\u00ba 348 em Motivacional<\/li>\n<li>N\u00ba 1.266 em Neg\u00f3cios e economia<\/li>\n<li>Avalia\u00e7\u00f5es dos clientes: 3,8 3,8 de 5 estrelas (22)<\/li>\n<\/ul><\/div>","protected":false},"excerpt":{"rendered":"<p>Aumente sua renda extra ao se tornar afiliado da Shopee com um guia pr\u00e1tico que transforma conhecimento em ganhos reais. O conte\u00fado oferece um passo a passo para cadastro, sele\u00e7\u00e3o de nichos lucrativos e t\u00e9cnicas de divulga\u00e7\u00e3o, apresentado em formato Kindle para facilitar a leitura e a aplica\u00e7\u00e3o pr\u00e1tica. Escrito por Marcelo Consorte, o livro est\u00e1 dispon\u00edvel por apenas R$ 2,90.<\/p>","protected":false},"featured_media":94173,"comment_status":"open","ping_status":"closed","template":"","meta":[],"product_cat":[1611,1621,1595],"product_tag":[2561,2559,2560],"class_list":{"0":"post-94173","1":"product","2":"type-product","3":"status-publish","4":"has-post-thumbnail","5":"product_brand-por-marcelo-consorte-autor-formato-ebook-kindle","6":"product_cat-administracao-negocios-e-economia","7":"product_cat-gestao-e-lideranca","8":"product_cat-livros","9":"product_tag-como-ser-afiliado-shopee","10":"product_tag-guia-afiliado-shopee-renda-extra","11":"product_tag-kindle-ebook-shopee-afiliado","13":"first","14":"instock","15":"shipping-taxable","16":"purchasable","17":"product-type-simple"},"aioseo_notices":[],"_links":{"self":[{"href":"https:\/\/www.ecommerceupdate.com.br\/qu\/wp-json\/wp\/v2\/product\/94173","targetHints":{"allow":["GET"]}}],"collection":[{"href":"https:\/\/www.ecommerceupdate.com.br\/qu\/wp-json\/wp\/v2\/product"}],"about":[{"href":"https:\/\/www.ecommerceupdate.com.br\/qu\/wp-json\/wp\/v2\/types\/product"}],"replies":[{"embeddable":true,"href":"https:\/\/www.ecommerceupdate.com.br\/qu\/wp-json\/wp\/v2\/comments?post=94173"}],"wp:featuredmedia":[{"embeddable":true,"href":"https:\/\/www.ecommerceupdate.com.br\/qu\/wp-json\/wp\/v2\/product\/94173"}],"wp:attachment":[{"href":"https:\/\/www.ecommerceupdate.com.br\/qu\/wp-json\/wp\/v2\/media?parent=94173"}],"wp:term":[{"taxonomy":"product_cat","embeddable":true,"href":"https:\/\/www.ecommerceupdate.com.br\/qu\/wp-json\/wp\/v2\/product_cat?post=94173"},{"taxonomy":"product_tag","embeddable":true,"href":"https:\/\/www.ecommerceupdate.com.br\/qu\/wp-json\/wp\/v2\/product_tag?post=94173"}],"curies":[{"name":"wp","href":"https:\/\/api.w.org\/{rel}","templated":true}]}}