{"id":94174,"date":"2026-03-09T04:16:28","date_gmt":"2026-03-09T07:16:28","guid":{"rendered":"https:\/\/www.ecommerceupdate.com.br\/produto\/como-ganhar-dinheiro-na-shopee-em-30-dias-para-iniciantes\/"},"modified":"2026-05-13T10:52:07","modified_gmt":"2026-05-13T13:52:07","slug":"como-ganhar-dinheiro-na-shopee-em-30-dias-para-iniciantes","status":"publish","type":"product","link":"https:\/\/www.ecommerceupdate.com.br\/qu\/produto\/como-ganhar-dinheiro-na-shopee-em-30-dias-para-iniciantes\/","title":{"rendered":"Como Ganhar dinheiro na Shopee em 30 dias: Para iniciantes"},"content":{"rendered":"<div class=\"woocommerce-product-details\"><\/div>","protected":false},"excerpt":{"rendered":"<p>Descubra como ganhar dinheiro na Shopee em 30 dias, com estrat\u00e9gias simples e eficazes que iniciantes podem aplicar desde o primeiro passo. Este eBook Kindle, escrito por Maycon Nait Pereira, oferece diretrizes pr\u00e1ticas para montar um cat\u00e1logo, otimizar an\u00fancios e acompanhar m\u00e9tricas de desempenho. Com pre\u00e7o de lan\u00e7amento de apenas R$ 1,99, voc\u00ea l\u00ea onde quiser e evolui a cada cap\u00edtulo.<\/p>","protected":false},"featured_media":94174,"comment_status":"open","ping_status":"closed","template":"","meta":[],"product_cat":[1611,1608,1607],"product_tag":[2304,2302,2303],"class_list":{"0":"post-94174","1":"product","2":"type-product","3":"status-publish","4":"has-post-thumbnail","5":"product_brand-por-maycon-nait-pereira-autor-formato-ebook-kindle","6":"product_cat-administracao-negocios-e-economia","7":"product_cat-ebooks-kindle","8":"product_cat-loja-kindle","9":"product_tag-como-ganhar-dinheiro-na-shopee-em-30-dias-kindle","10":"product_tag-ebook-kindle-shopee-30-dias-iniciantes","11":"product_tag-guia-de-vendas-shopee-para-iniciantes-kindle","13":"first","14":"instock","15":"shipping-taxable","16":"purchasable","17":"product-type-simple"},"aioseo_notices":[],"_links":{"self":[{"href":"https:\/\/www.ecommerceupdate.com.br\/qu\/wp-json\/wp\/v2\/product\/94174","targetHints":{"allow":["GET"]}}],"collection":[{"href":"https:\/\/www.ecommerceupdate.com.br\/qu\/wp-json\/wp\/v2\/product"}],"about":[{"href":"https:\/\/www.ecommerceupdate.com.br\/qu\/wp-json\/wp\/v2\/types\/product"}],"replies":[{"embeddable":true,"href":"https:\/\/www.ecommerceupdate.com.br\/qu\/wp-json\/wp\/v2\/comments?post=94174"}],"wp:featuredmedia":[{"embeddable":true,"href":"https:\/\/www.ecommerceupdate.com.br\/qu\/wp-json\/wp\/v2\/product\/94174"}],"wp:attachment":[{"href":"https:\/\/www.ecommerceupdate.com.br\/qu\/wp-json\/wp\/v2\/media?parent=94174"}],"wp:term":[{"taxonomy":"product_cat","embeddable":true,"href":"https:\/\/www.ecommerceupdate.com.br\/qu\/wp-json\/wp\/v2\/product_cat?post=94174"},{"taxonomy":"product_tag","embeddable":true,"href":"https:\/\/www.ecommerceupdate.com.br\/qu\/wp-json\/wp\/v2\/product_tag?post=94174"}],"curies":[{"name":"wp","href":"https:\/\/api.w.org\/{rel}","templated":true}]}}