{"id":94414,"date":"2026-03-13T09:00:52","date_gmt":"2026-03-13T12:00:52","guid":{"rendered":"https:\/\/www.ecommerceupdate.com.br\/produto\/wb-pelicula-kindle-paperwhite-11a-ger-2021-tela-68-fosca-antirreflexo-nao-compativel-com-11a-geracao-paperwhite-10a-geracao-e-oasis\/"},"modified":"2026-05-03T12:08:58","modified_gmt":"2026-05-03T15:08:58","slug":"wb-pelicula-kindle-paperwhite-11a-ger-2021-tela-68-fosca-antirreflexo-nao-compativel-com-11a-geracao-paperwhite-10a-geracao-e-oasis","status":"publish","type":"product","link":"https:\/\/www.ecommerceupdate.com.br\/qu\/produto\/wb-pelicula-kindle-paperwhite-11a-ger-2021-tela-68-fosca-antirreflexo-nao-compativel-com-11a-geracao-paperwhite-10a-geracao-e-oasis\/","title":{"rendered":"WB Pel\u00edcula Kindle Paperwhite 11\u00aa ger. 2021 &#8211; tela 6,8\u201d Fosca Antirreflexo (N\u00e3o Compat\u00edvel com 11a Gera\u00e7\u00e3o, Paperwhite 10\u00aa gera\u00e7\u00e3o e Oasis)"},"content":{"rendered":"<div class=\"woocommerce-product-details\">\n<div id=\"aplus_feature_div\" class=\"celwidget pd_rd_w-X8rDs pd_rd_r-B8EQ2G8VGDW6K6NT6V3W pd_rd_wg-DAIt9\" data-feature-name=\"aplus\" data-csa-c-type=\"widget\" data-csa-c-content-id=\"aplus\" data-csa-c-slot-id=\"aplus_feature_div\" data-csa-c-asin=\"\" data-csa-c-is-in-initial-active-row=\"false\">\n<div id=\"aplus\" class=\"a-section a-spacing-large bucket\">\n<h3 class=\"\">Do fabricante<\/h3>\n<div lang=\"pt_BR\">\n<div class=\"aplus-v2 desktop celwidget\">\n<div class=\"celwidget aplus-module 3p-module-b aplus-standard\">\n<div class=\"aplus-module-wrapper aplus-3p-fixed-width\">\n<h3 class=\"a-spacing-mini\"> Pel\u00edcula para Kindle Paperlike 11\u00aa gera\u00e7\u00e3o <\/h3>\n<p> <img decoding=\"async\" alt=\"wb\" src=\"https:\/\/m.media-amazon.com\/images\/S\/aplus-media-library-service-media\/0efd412e-7386-4c0e-acb1-edef28e20a6d.__CR0,0,970,600_PT0_SX970_V1___.jpg\" \/> <\/p>\n<p class=\"a-spacing-base\"> A Pel\u00edcula WB para Kindle Paperwhite 11\u00aa gera\u00e7\u00e3o (2021) oferece um design inteligente para sua melhor leitura, com cortes precisos que se adaptam ao dispositivo, garantindo toda prote\u00e7\u00e3o ao dispositivo. <\/p>\n<\/p>\n<\/div>\n<\/div>\n<div class=\"celwidget aplus-module module-4 aplus-standard\">\n<div class=\"aplus-module-wrapper apm-fixed-width apm-spacing\">\n<div class=\"apm-flex\">\n<div class=\"apm-flex-item-fourth-width\">\n<p class=\"apm-text-center\"> <img decoding=\"async\" alt=\"wb\" src=\"https:\/\/m.media-amazon.com\/images\/S\/aplus-media-library-service-media\/84641e58-00ba-4cfc-95ff-a5522d7147b1.__CR0,0,220,220_PT0_SX220_V1___.png\" \/> <\/p>\n<h4 class=\"a-spacing-mini\"> Bordas arredondadas <\/h4>\n<p class=\"a-size-small\"> Aplica\u00e7\u00e3o f\u00e1cil e segura, sem comprometer a est\u00e9tica ou funcionalidade. <\/p>\n<\/p>\n<\/div>\n<div class=\"apm-flex-item-fourth-width\">\n<p class=\"apm-text-center\"> <img decoding=\"async\" alt=\"wb\" src=\"https:\/\/m.media-amazon.com\/images\/S\/aplus-media-library-service-media\/fe3d9deb-b4cd-4e08-a04e-0396eeb33fc0.__CR0,0,220,220_PT0_SX220_V1___.png\" \/> <\/p>\n<h4 class=\"a-spacing-mini\"> Antirreflexo <\/h4>\n<p class=\"a-size-small\"> Visualiza\u00e7\u00e3o mais clara e confort\u00e1vel, sem comprometer a qualidade da tela. <\/p>\n<\/p>\n<\/div>\n<div class=\"apm-flex-item-fourth-width\">\n<p class=\"apm-text-center\"> <img decoding=\"async\" alt=\"wb\" src=\"https:\/\/m.media-amazon.com\/images\/S\/aplus-media-library-service-media\/c509f7ee-7edc-4559-8c00-6f3599281654.__CR0,0,220,220_PT0_SX220_V1___.png\" \/> <\/p>\n<h4 class=\"a-spacing-mini\"> Cortes precisos <\/h4>\n<p class=\"a-size-small\"> Cobertura total e ajustada para a tela do dispositivo, prote\u00e7\u00e3o da tela mantendo visibilidade e sensibilidade ao toque do dispositivo. <\/p>\n<\/p>\n<\/div>\n<div class=\"apm-flex-item-fourth-width\">\n<p class=\"apm-text-center\"> <img decoding=\"async\" alt=\"wb\" src=\"https:\/\/m.media-amazon.com\/images\/S\/aplus-media-library-service-media\/c7c3b1f4-0c75-4356-8eb9-317b301a382f.__CR0,0,220,220_PT0_SX220_V1___.png\" \/> <\/p>\n<h4 class=\"a-spacing-mini\"> Sem digitais marcadas <\/h4>\n<p class=\"a-size-small\"> Reduza o ac\u00famulo de marcas de dedo e de poeira na superf\u00edcie da tela, mantendo a visualiza\u00e7\u00e3o n\u00edtida. <\/p>\n<\/p>\n<\/div>\n<\/div>\n<\/div>\n<\/div>\n<div class=\"celwidget aplus-module module-1 aplus-standard\">\n<div class=\"aplus-module-wrapper apm-fixed-width\">\n<div class=\"apm-spacing apm-wrap\">\n<div class=\"apm-floatleft apm-wrap\">\n<div class=\"apm-leftimage\"> <img decoding=\"async\" alt=\"wb\" src=\"https:\/\/m.media-amazon.com\/images\/S\/aplus-media-library-service-media\/9d8f60fc-1ede-4ff6-b589-64367c399bc8.__CR0,0,300,400_PT0_SX300_V1___.png\" \/> <\/div>\n<div class=\"apm-rightthirdcol\">\n<div class=\"apm-rightthirdcol-inner\"> <img decoding=\"async\" alt=\"wb\" src=\"https:\/\/m.media-amazon.com\/images\/S\/aplus-media-library-service-media\/d6c1b291-32ed-463a-9640-e1e34e0a1080.__CR0,0,350,175_PT0_SX350_V1___.png\" \/> <\/p>\n<h5 class=\"a-color-secondary\"> Caracter\u00edsticas: <\/h5>\n<div class=\"a-box a-spacing-small a-color-alternate-background apm-listbox\">\n<div class=\"a-box-inner\">\n<ul class=\"a-unordered-list a-vertical\">\n<li><span class=\"a-list-item\"> <span class=\"a-size-base\"> Tela de 6,8 polegadas <\/span> <\/span><\/li>\n<li><span class=\"a-list-item\"> <span class=\"a-size-base\"> Tela sens\u00edvel ao toque <\/span> <\/span><\/li>\n<li><span class=\"a-list-item\"> <span class=\"a-size-base\"> Porta de carregamento USB-C <\/span> <\/span><\/li>\n<li><span class=\"a-list-item\"> <span class=\"a-size-base\"> Luz da tela ajust\u00e1vel <\/span> <\/span><\/li>\n<li><span class=\"a-list-item\"> <span class=\"a-size-base\"> Modo noturno <\/span> <\/span><\/li>\n<li><span class=\"a-list-item\"> <span class=\"a-size-base\"> Leitor de tela VoiceView por Bluetooth <\/span> <\/span><\/li>\n<li><span class=\"a-list-item\"> <span class=\"a-size-base\"> 8 GB de armazenamento interno, com aproximadamente 6 GB dispon\u00edveis para o usu\u00e1rio <\/span> <\/span><\/li>\n<li><span class=\"a-list-item\"> <span class=\"a-size-base\"> Lan\u00e7ado em 2021 <\/span> <\/span><\/li>\n<\/ul>\n<\/div><\/div>\n<\/div>\n<\/div>\n<div class=\"apm-centerthirdcol apm-wrap\">\n<h3 class=\"a-spacing-mini\"> Compatibilidade <\/h3>\n<h4 class=\"a-spacing-mini a-color-secondary a-text-italic\"> Siga passo a passo: <\/h4>\n<div class=\"amp-centerthirdcol-listbox\">\n<div class=\"a-box a-spacing-small a-color-alternate-background apm-listbox amp-centerthirdcol-listbox\">\n<div class=\"a-box-inner\">\n<ul class=\"a-unordered-list a-vertical\">\n<li><span class=\"a-list-item\"> <span class=\"a-size-base\"> Na p\u00e1gina principal, selecione &#034;Ol\u00e1 [Seu nome] Contas e Listas&#034; <\/span> <\/span><\/li>\n<li><span class=\"a-list-item\"> <span class=\"a-size-base\"> Selecione a op\u00e7\u00e3o &#034;Gerencie seu conte\u00fado e dispositivos&#034; e em seguida clique na aba &#034;Dispositivos&#034; <\/span> <\/span><\/li>\n<li><span class=\"a-list-item\"> <span class=\"a-size-base\"> Selecione o quadro &#034;Kindle&#034; em &#034;Dispositivos da Amazon&#034; <\/span> <\/span><\/li>\n<li><span class=\"a-list-item\"> <span class=\"a-size-base\"> Ir\u00e1 surgir um quadro logo abaixo na tela. Selecione o Kindle desejado. <\/span> <\/span><\/li>\n<\/ul>\n<\/div><\/div>\n<\/div>\n<\/div>\n<\/div>\n<\/div>\n<\/div>\n<\/div>\n<\/div>\n<\/div>\n<\/div>\n<\/div>\n<h3>Descri\u00e7\u00e3o do produto<\/h3>\n<p>A pel\u00edcula de Kindle Paperwhite 11a Gera\u00e7\u00e3o. WB foi desenvolvida para proteger a tela do seu Kindle sem incomodar na hora da leitura por ser fosca e ainda proteger contra poeira e riscos superficiais. Feita sob medida para o seu e-reader de 6.8&quot; polegadas. Qualidade que s\u00f3 especialistas em Kindle como a WB tem.<\/p>\n<table id=\"productDetails_techSpec_section_1\" class=\"a-keyvalue prodDetTable\">\n<tr>\n<th class=\"a-color-secondary a-size-base prodDetSectionEntry\"> Caracter\u00edsticas especiais <\/th>\n<td class=\"a-size-base prodDetAttrValue\"> &lrm;Fosca Anti-reflexo <\/td>\n<\/tr>\n<tr>\n<th class=\"a-color-secondary a-size-base prodDetSectionEntry\"> Tamanho de tela vertical <\/th>\n<td class=\"a-size-base prodDetAttrValue\"> &lrm;6,8 Polegadas <\/td>\n<\/tr>\n<tr>\n<th class=\"a-color-secondary a-size-base prodDetSectionEntry\"> Outros recursos de exibi\u00e7\u00e3o <\/th>\n<td class=\"a-size-base prodDetAttrValue\"> &lrm;Wireless <\/td>\n<\/tr>\n<tr>\n<th class=\"a-color-secondary a-size-base prodDetSectionEntry\"> Cor <\/th>\n<td class=\"a-size-base prodDetAttrValue\"> &lrm;Fosca <\/td>\n<\/tr>\n<tr>\n<th class=\"a-color-secondary a-size-base prodDetSectionEntry\"> Componentes inclusos <\/th>\n<td class=\"a-size-base prodDetAttrValue\"> &lrm;1 Pel\u00edcula Kindle <\/td>\n<\/tr>\n<tr>\n<th class=\"a-color-secondary a-size-base prodDetSectionEntry\"> N\u00famero de unidades <\/th>\n<td class=\"a-size-base prodDetAttrValue\"> &lrm;1 <\/td>\n<\/tr>\n<tr>\n<th class=\"a-color-secondary a-size-base prodDetSectionEntry\"> Material <\/th>\n<td class=\"a-size-base prodDetAttrValue\"> &lrm;Pl\u00e1stico <\/td>\n<\/tr>\n<tr>\n<th class=\"a-color-secondary a-size-base prodDetSectionEntry\"> Modelos compat\u00edveis <\/th>\n<td class=\"a-size-base prodDetAttrValue\"> &lrm;Kindle Paperwhite 11a Gera\u00e7\u00e3o <\/td>\n<\/tr>\n<tr>\n<th class=\"a-color-secondary a-size-base prodDetSectionEntry\"> Peso do produto <\/th>\n<td class=\"a-size-base prodDetAttrValue\"> &lrm;30 g <\/td>\n<\/tr>\n<tr>\n<th class=\"a-color-secondary a-size-base prodDetSectionEntry\"> Dimens\u00f5es do produto <\/th>\n<td class=\"a-size-base prodDetAttrValue\"> &lrm;17 x 12,5 x 1,27 cm; 30 g <\/td>\n<\/tr>\n<tr>\n<th class=\"a-color-secondary a-size-base prodDetSectionEntry\"> Marca <\/th>\n<td class=\"a-size-base prodDetAttrValue\"> &lrm;Webookers WB <\/td>\n<\/tr>\n<tr>\n<th class=\"a-color-secondary a-size-base prodDetSectionEntry\"> Funciona a bateria ou pilha? <\/th>\n<td class=\"a-size-base prodDetAttrValue\"> &lrm;N\u00e3o <\/td>\n<\/tr>\n<\/table><\/div>\n","protected":false},"excerpt":{"rendered":"<p>Proteja a tela do Kindle Paperwhite 11\u00aa gera\u00e7\u00e3o (2021) com uma pel\u00edcula fosca antirreflexo que reduz reflexos sob luz direta, tornando a leitura mais n\u00edtida e menos cansativa. Projetada para a tela de 6,8 polegadas, ela apresenta acabamento fosco que minimiza impress\u00f5es digitais e facilita a limpeza, dispon\u00edvel pela Webookers WB por apenas R$16,00. Descubra como esse acess\u00f3rio simples pode manter a qualidade da tela e aprimorar sua experi\u00eancia de leitura \u2014 leia mais.<\/p>","protected":false},"featured_media":0,"comment_status":"open","ping_status":"closed","template":"","meta":[],"product_cat":[1901,1900],"product_tag":[2442,2149,2439,2441,2440],"class_list":{"0":"post-94414","1":"product","2":"type-product","3":"status-publish","4":"product_brand-visite-a-loja-webookers-wb","5":"product_cat-e-readers-e-acessorios","6":"product_cat-eletronicos-e-tecnologia","7":"product_tag-2442","8":"product_tag-8-polegadas","9":"product_tag-pelicula-protetora-kindle-paperwhite-11a-geracao-6","10":"product_tag-protecao-de-tela-kindle-paperwhite-11a-geracao-2021-6","11":"product_tag-tela-fosca-antirreflexo-kindle-paperwhite-11a-geracao","13":"first","14":"instock","15":"sale","16":"shipping-taxable","17":"purchasable","18":"product-type-simple"},"aioseo_notices":[],"_links":{"self":[{"href":"https:\/\/www.ecommerceupdate.com.br\/qu\/wp-json\/wp\/v2\/product\/94414","targetHints":{"allow":["GET"]}}],"collection":[{"href":"https:\/\/www.ecommerceupdate.com.br\/qu\/wp-json\/wp\/v2\/product"}],"about":[{"href":"https:\/\/www.ecommerceupdate.com.br\/qu\/wp-json\/wp\/v2\/types\/product"}],"replies":[{"embeddable":true,"href":"https:\/\/www.ecommerceupdate.com.br\/qu\/wp-json\/wp\/v2\/comments?post=94414"}],"wp:attachment":[{"href":"https:\/\/www.ecommerceupdate.com.br\/qu\/wp-json\/wp\/v2\/media?parent=94414"}],"wp:term":[{"taxonomy":"product_cat","embeddable":true,"href":"https:\/\/www.ecommerceupdate.com.br\/qu\/wp-json\/wp\/v2\/product_cat?post=94414"},{"taxonomy":"product_tag","embeddable":true,"href":"https:\/\/www.ecommerceupdate.com.br\/qu\/wp-json\/wp\/v2\/product_tag?post=94414"}],"curies":[{"name":"wp","href":"https:\/\/api.w.org\/{rel}","templated":true}]}}