{"id":94450,"date":"2026-03-13T09:20:33","date_gmt":"2026-03-13T12:20:33","guid":{"rendered":"https:\/\/www.ecommerceupdate.com.br\/produto\/capa-para-kindle-paperwhite-12a-geracao-7-sa569p-e-sa568b-e-kindle-colorsoft-sa58cb-e-sa59cp-auto-hibernacao-fechamento-magnetico-traseira-transparente-azul-marinho\/"},"modified":"2026-05-03T12:02:15","modified_gmt":"2026-05-03T15:02:15","slug":"capa-para-kindle-paperwhite-12a-geracao-7-sa569p-e-sa568b-e-kindle-colorsoft-sa58cb-e-sa59cp-auto-hibernacao-fechamento-magnetico-traseira-transparente-azul-marinho","status":"publish","type":"product","link":"https:\/\/www.ecommerceupdate.com.br\/qu\/produto\/capa-para-kindle-paperwhite-12a-geracao-7-sa569p-e-sa568b-e-kindle-colorsoft-sa58cb-e-sa59cp-auto-hibernacao-fechamento-magnetico-traseira-transparente-azul-marinho\/","title":{"rendered":"Capa Para Kindle Paperwhite 12\u00aa Gera\u00e7\u00e3o 7\u201d (SA569P e SA568B) e Kindle Colorsoft (SA58CB e SA59CP) Auto Hiberna\u00e7\u00e3o \u2013 Fechamento Magn\u00e9tico \u2013 Traseira Transparente (Azul Marinho)"},"content":{"rendered":"<div class=\"woocommerce-product-details\">\n<h3>Da marca<\/h3>\n<div><img decoding=\"async\" src=\"https:\/\/m.media-amazon.com\/images\/S\/aplus-media-library-service-media\/62962459-2b7e-4a56-b482-8ba5eb0d153f.__CR0,217,3200,1366_PT0_SX1464_V1___.jpg\" alt=\"Brand Image\" style=\"max-width: 100%\"><\/div>\n<p>DECART<\/p>\n<p> Para quem vive entre p\u00e1ginas.<\/p>\n<div id=\"aplus_feature_div\" class=\"celwidget pd_rd_w-OcotP pd_rd_r-VMKDNFKP2EVDQ2E6QYJE pd_rd_wg-6PzP0\" data-feature-name=\"aplus\" data-csa-c-type=\"widget\" data-csa-c-content-id=\"aplus\" data-csa-c-slot-id=\"aplus_feature_div\" data-csa-c-asin=\"\" data-csa-c-is-in-initial-active-row=\"false\">\n<div id=\"aplus\" class=\"a-section a-spacing-large bucket\">\n<h3 class=\"\">Descri\u00e7\u00e3o do produto<\/h3>\n<div lang=\"pt_BR\">\n<div class=\"aplus-v2 desktop celwidget\">\n<div class=\"celwidget aplus-module premium-module-2-fullbackground-image aplus-premium\">\n<div class=\"a-section a-spacing-none premium-aplus premium-aplus-module-2\">\n<div class=\"a-section a-spacing-none premium-background-wrapper\">\n<div class=\"a-section a-spacing-none background-image\"> <img decoding=\"async\" alt=\"Capa traseira transparente Kindle 12 Gera\u00e7\u00e3o\" src=\"https:\/\/m.media-amazon.com\/images\/S\/aplus-media-library-service-media\/5a6e2e61-337d-47cf-97ac-6e7dd3db4b2f.__CR0,0,1464,600_PT0_SX1464_V1___.jpg\" \/> <\/div>\n<\/p>\n<\/div>\n<\/div>\n<\/div>\n<div class=\"celwidget aplus-module premium-module-2-fullbackground-image aplus-premium\">\n<div class=\"a-section a-spacing-none premium-aplus premium-aplus-module-2\">\n<div class=\"a-section a-spacing-none premium-background-wrapper\">\n<div class=\"a-section a-spacing-none background-image\"> <img decoding=\"async\" alt=\"Capa traseira transparente Kindle 12 Gera\u00e7\u00e3o\" src=\"https:\/\/m.media-amazon.com\/images\/S\/aplus-media-library-service-media\/a303522c-bf3d-410f-9594-75e70eaaff71.__CR0,0,1464,600_PT0_SX1464_V1___.jpg\" \/> <\/div>\n<\/p>\n<\/div>\n<\/div>\n<\/div>\n<div class=\"celwidget aplus-module premium-module-2-fullbackground-image aplus-premium\">\n<div class=\"a-section a-spacing-none premium-aplus premium-aplus-module-2\">\n<div class=\"a-section a-spacing-none premium-background-wrapper\">\n<div class=\"a-section a-spacing-none background-image\"> <img decoding=\"async\" alt=\"Capa traseira transparente Kindle 12 Gera\u00e7\u00e3o\" src=\"https:\/\/m.media-amazon.com\/images\/S\/aplus-media-library-service-media\/8c05a57c-4066-4fe6-99a3-1c4a455c5c20.__CR0,0,1464,600_PT0_SX1464_V1___.jpg\" \/> <\/div>\n<\/p>\n<\/div>\n<\/div>\n<\/div>\n<div class=\"celwidget aplus-module premium-module-3-four-column-images aplus-premium\">\n<div class=\"a-section a-spacing-none premium-aplus premium-aplus-module-3 aplus-container-1\">\n<div class=\"a-section a-spacing-none premium-aplus-four-column\">\n<div class=\"a-section a-spacing-none premium-aplus-column\">\n<div class=\"a-section a-spacing-none {'column-image'}\"> <img decoding=\"async\" alt=\"Capa traseira transparente Kindle 12 Gera\u00e7\u00e3o\" src=\"https:\/\/m.media-amazon.com\/images\/S\/aplus-media-library-service-media\/d2ef0499-075c-4cfa-bc0c-0f300030a7dd.__CR0,0,900,675_PT0_SX300_V1___.jpg\" \/> <\/div>\n<div class=\"a-section a-spacing-none column-heading\">\n<h1 class=\"aplus-h3 a-text-bold\"> Fechamento Magn\u00e9tico <\/h1>\n<\/p>\n<\/div>\n<div class=\"a-section a-spacing-none column-description\">\n<p class=\"aplus-p3\"> Fechamento magn\u00e9tico preciso que impede aberturas indesejadas e proporciona leitura mais confort\u00e1vel. <\/p>\n<\/p>\n<\/div>\n<\/div>\n<div class=\"a-section a-spacing-none premium-aplus-column\">\n<div class=\"a-section a-spacing-none {'column-image'}\"> <img decoding=\"async\" alt=\"Capa traseira transparente Kindle 12 Gera\u00e7\u00e3o\" src=\"https:\/\/m.media-amazon.com\/images\/S\/aplus-media-library-service-media\/fbc0c7f5-360b-4ec5-9faa-f2b51423dfc5.__CR0,0,900,675_PT0_SX300_V1___.jpg\" \/> <\/div>\n<div class=\"a-section a-spacing-none column-heading\">\n<h1 class=\"aplus-h3 a-text-bold\"> Prote\u00e7\u00e3o com Toque Premium <\/h1>\n<\/p>\n<\/div>\n<div class=\"a-section a-spacing-none column-description\">\n<p class=\"aplus-p3\"> Design h\u00edbrido com toque macio e traseira transparente que valoriza o Kindle. <\/p>\n<\/p>\n<\/div>\n<\/div>\n<div class=\"a-section a-spacing-none premium-aplus-column\">\n<div class=\"a-section a-spacing-none {'column-image'}\"> <img decoding=\"async\" alt=\"Capa traseira transparente Kindle 12 Gera\u00e7\u00e3o\" src=\"https:\/\/m.media-amazon.com\/images\/S\/aplus-media-library-service-media\/fb1f99ea-70cc-4539-a8b5-795df1b836c1.__CR0,0,900,675_PT0_SX300_V1___.jpg\" \/> <\/div>\n<div class=\"a-section a-spacing-none column-heading\">\n<h1 class=\"aplus-h3 a-text-bold\"> Prote\u00e7\u00e3o Total Contra Impactos <\/h1>\n<\/p>\n<\/div>\n<div class=\"a-section a-spacing-none column-description\">\n<p class=\"aplus-p3\"> Acr\u00edlico r\u00edgido e tampa com forro macio absorvem impactos com leveza e seguran\u00e7a. <\/p>\n<\/p>\n<\/div>\n<\/div>\n<div class=\"a-section a-spacing-none premium-aplus-column\">\n<div class=\"a-section a-spacing-none {'column-image'}\"> <img decoding=\"async\" alt=\"Capa traseira transparente Kindle 12 Gera\u00e7\u00e3o\" src=\"https:\/\/m.media-amazon.com\/images\/S\/aplus-media-library-service-media\/1c936584-7662-4f38-a04f-58ca1f87b83d.__CR0,0,900,675_PT0_SX300_V1___.jpg\" \/> <\/div>\n<div class=\"a-section a-spacing-none column-heading\">\n<h1 class=\"aplus-h3 a-text-bold\"> Recortes Precisos <\/h1>\n<\/p>\n<\/div>\n<div class=\"a-section a-spacing-none column-description\">\n<p class=\"aplus-p3\"> Aberturas precisas garantem acesso f\u00e1cil ao carregador e bot\u00f5es, sem precisar remover a capa. <\/p>\n<\/p>\n<\/div>\n<\/div>\n<\/div>\n<\/div>\n<\/div>\n<div class=\"celwidget aplus-module premium-module-2-fullbackground-image aplus-premium\">\n<div class=\"a-section a-spacing-none premium-aplus premium-aplus-module-2\">\n<div class=\"a-section a-spacing-none premium-background-wrapper\">\n<div class=\"a-section a-spacing-none background-image\"> <img decoding=\"async\" alt=\"Capa traseira transparente Kindle 12 Gera\u00e7\u00e3o\" src=\"https:\/\/m.media-amazon.com\/images\/S\/aplus-media-library-service-media\/cd566bf3-869b-4a80-b55c-ac1c1804dd9e.__CR0,0,1464,600_PT0_SX1464_V1___.jpg\" \/> <\/div>\n<\/p>\n<\/div>\n<\/div>\n<\/div>\n<\/div>\n<\/div>\n<\/div>\n<\/div>\n<table id=\"productDetails_techSpec_section_1\" class=\"a-keyvalue prodDetTable\">\n<tr>\n<th class=\"a-color-secondary a-size-base prodDetSectionEntry\"> Certifica\u00e7\u00e3o <\/th>\n<td class=\"a-size-base prodDetAttrValue\"> &lrm;N\u00e3o aplic\u00e1vel <\/td>\n<\/tr>\n<tr>\n<th class=\"a-color-secondary a-size-base prodDetSectionEntry\"> Caracter\u00edsticas especiais <\/th>\n<td class=\"a-size-base prodDetAttrValue\"> &lrm;Prote\u00e7\u00e3o de Alta Qualidade, Fechamento magn\u00e9tico, Auto Hiberna\u00e7\u00e3o, Traseira Transparente, Leve <\/td>\n<\/tr>\n<tr>\n<th class=\"a-color-secondary a-size-base prodDetSectionEntry\"> Formato <\/th>\n<td class=\"a-size-base prodDetAttrValue\"> &lrm;Capa <\/td>\n<\/tr>\n<tr>\n<th class=\"a-color-secondary a-size-base prodDetSectionEntry\"> Cor <\/th>\n<td class=\"a-size-base prodDetAttrValue\"> &lrm;Azul Marinho <\/td>\n<\/tr>\n<tr>\n<th class=\"a-color-secondary a-size-base prodDetSectionEntry\"> Componentes inclusos <\/th>\n<td class=\"a-size-base prodDetAttrValue\"> &lrm;1x Capa Compat\u00edvel com Kindle Paperwhite 12\u00aa Gera\u00e7\u00e3o 7\u201d e Kindle Colorsoft 1\u00aa Gera\u00e7\u00e3o <\/td>\n<\/tr>\n<tr>\n<th class=\"a-color-secondary a-size-base prodDetSectionEntry\"> N\u00famero de unidades <\/th>\n<td class=\"a-size-base prodDetAttrValue\"> &lrm;1 <\/td>\n<\/tr>\n<tr>\n<th class=\"a-color-secondary a-size-base prodDetSectionEntry\"> Material <\/th>\n<td class=\"a-size-base prodDetAttrValue\"> &lrm;Camur\u00e7a sint\u00e9tica, Poliuretano (PU) <\/td>\n<\/tr>\n<tr>\n<th class=\"a-color-secondary a-size-base prodDetSectionEntry\"> Fonte de alimenta\u00e7\u00e3o <\/th>\n<td class=\"a-size-base prodDetAttrValue\"> &lrm;N\u00e3o aplic\u00e1vel <\/td>\n<\/tr>\n<tr>\n<th class=\"a-color-secondary a-size-base prodDetSectionEntry\"> Modelos compat\u00edveis <\/th>\n<td class=\"a-size-base prodDetAttrValue\"> &lrm;Kindle Paperwhite 12\u00aa Gera\u00e7\u00e3o 7\u201d (SA569P e SA568B) e Kindle Colorsoft 1\u00aa Gera\u00e7\u00e3o (SA58CB e SA59CP) <\/td>\n<\/tr>\n<tr>\n<th class=\"a-color-secondary a-size-base prodDetSectionEntry\"> Peso do produto <\/th>\n<td class=\"a-size-base prodDetAttrValue\"> &lrm;120 g <\/td>\n<\/tr>\n<tr>\n<th class=\"a-color-secondary a-size-base prodDetSectionEntry\"> Dimens\u00f5es do produto <\/th>\n<td class=\"a-size-base prodDetAttrValue\"> &lrm;2 x 13 x 18 cm; 120 g <\/td>\n<\/tr>\n<tr>\n<th class=\"a-color-secondary a-size-base prodDetSectionEntry\"> Marca <\/th>\n<td class=\"a-size-base prodDetAttrValue\"> &lrm;DECART <\/td>\n<\/tr>\n<tr>\n<th class=\"a-color-secondary a-size-base prodDetSectionEntry\"> Funciona a bateria ou pilha? <\/th>\n<td class=\"a-size-base prodDetAttrValue\"> &lrm;N\u00e3o <\/td>\n<\/tr>\n<\/table><\/div>","protected":false},"excerpt":{"rendered":"<p>Proteja seu Kindle com eleg\u00e2ncia e praticidade: a capa oferece auto hiberna\u00e7\u00e3o acionada pelo fechamento magn\u00e9tico, mantendo a tela protegida e pronta para leitura sem esfor\u00e7o. Compat\u00edvel com Kindle Paperwhite 12\u00aa Gera\u00e7\u00e3o 7\u201d (SA569 P e SA568 B) e Kindle Colorsoft (SA58 CB e SA59 CP), apresenta traseira transparente na cor Azul Marinho e est\u00e1 dispon\u00edvel em Preto, Rosa, Verde Escuro, Cinza Calopsita e Verde \u00c1gua; Visite a loja DECART para garantir a sua.<\/p>","protected":false},"featured_media":0,"comment_status":"open","ping_status":"closed","template":"","meta":[],"product_cat":[1901,1900],"product_tag":[2410,2408,2409],"class_list":{"0":"post-94450","1":"product","2":"type-product","3":"status-publish","4":"product_brand-visite-a-loja-decart","5":"product_cat-e-readers-e-acessorios","6":"product_cat-eletronicos-e-tecnologia","7":"product_tag-capa-com-auto-hibernacao-kindle","8":"product_tag-capa-kindle-paperwhite-12a-geracao-7-polegadas-fechamento-magnetico","9":"product_tag-capa-para-kindle-colorsoft-traseira-transparente","11":"first","12":"instock","13":"shipping-taxable","14":"purchasable","15":"product-type-variable"},"aioseo_notices":[],"_links":{"self":[{"href":"https:\/\/www.ecommerceupdate.com.br\/qu\/wp-json\/wp\/v2\/product\/94450","targetHints":{"allow":["GET"]}}],"collection":[{"href":"https:\/\/www.ecommerceupdate.com.br\/qu\/wp-json\/wp\/v2\/product"}],"about":[{"href":"https:\/\/www.ecommerceupdate.com.br\/qu\/wp-json\/wp\/v2\/types\/product"}],"replies":[{"embeddable":true,"href":"https:\/\/www.ecommerceupdate.com.br\/qu\/wp-json\/wp\/v2\/comments?post=94450"}],"wp:attachment":[{"href":"https:\/\/www.ecommerceupdate.com.br\/qu\/wp-json\/wp\/v2\/media?parent=94450"}],"wp:term":[{"taxonomy":"product_cat","embeddable":true,"href":"https:\/\/www.ecommerceupdate.com.br\/qu\/wp-json\/wp\/v2\/product_cat?post=94450"},{"taxonomy":"product_tag","embeddable":true,"href":"https:\/\/www.ecommerceupdate.com.br\/qu\/wp-json\/wp\/v2\/product_tag?post=94450"}],"curies":[{"name":"wp","href":"https:\/\/api.w.org\/{rel}","templated":true}]}}