{"id":91661,"date":"2026-02-07T12:39:34","date_gmt":"2026-02-07T15:39:34","guid":{"rendered":"https:\/\/www.ecommerceupdate.org\/produto\/custos-de-operacoes-no-e-commerce\/"},"modified":"2026-04-17T23:40:50","modified_gmt":"2026-04-18T02:40:50","slug":"custos-de-operacoes-no-e-commerce","status":"publish","type":"product","link":"https:\/\/www.ecommerceupdate.com.br\/ro\/produto\/custos-de-operacoes-no-e-commerce\/","title":{"rendered":"Costurile opera\u021biunilor \u00een comer\u021bul electronic"},"content":{"rendered":"<div class=\"woocommerce-product-details\"><\/div>","protected":false},"excerpt":{"rendered":"<p>Aceast\u0103 carte prezint\u0103 informa\u021bii valoroase despre factori foarte importan\u021bi pentru un comer\u021b electronic de succes: administrare, management, logistic\u0103, sisteme computerizate, marketing, metode de plat\u0103, taxe, printre alte c\u00e2teva subiecte importante pentru crearea unei afaceri virtuale de succes, competitive \u0219i profitabile.<\/p>","protected":false},"featured_media":91661,"comment_status":"open","ping_status":"closed","template":"","meta":{"_aipt_faq_data":""},"product_cat":[1611,1613,1595],"product_tag":[],"class_list":{"0":"post-91661","1":"product","2":"type-product","3":"status-publish","4":"has-post-thumbnail","6":"product_brand-por-silvana-torquato-fernandes-alves-autor-lcia-maria-tavares-autor","7":"product_cat-administracao-negocios-e-economia","8":"product_cat-industrias-e-profissoes","9":"product_cat-livros","11":"first","12":"instock","13":"sale","14":"shipping-taxable","15":"purchasable","16":"product-type-simple"},"aioseo_notices":[],"_links":{"self":[{"href":"https:\/\/www.ecommerceupdate.com.br\/ro\/wp-json\/wp\/v2\/product\/91661","targetHints":{"allow":["GET"]}}],"collection":[{"href":"https:\/\/www.ecommerceupdate.com.br\/ro\/wp-json\/wp\/v2\/product"}],"about":[{"href":"https:\/\/www.ecommerceupdate.com.br\/ro\/wp-json\/wp\/v2\/types\/product"}],"replies":[{"embeddable":true,"href":"https:\/\/www.ecommerceupdate.com.br\/ro\/wp-json\/wp\/v2\/comments?post=91661"}],"wp:featuredmedia":[{"embeddable":true,"href":"https:\/\/www.ecommerceupdate.com.br\/ro\/wp-json\/wp\/v2\/product\/91661"}],"wp:attachment":[{"href":"https:\/\/www.ecommerceupdate.com.br\/ro\/wp-json\/wp\/v2\/media?parent=91661"}],"wp:term":[{"taxonomy":"product_cat","embeddable":true,"href":"https:\/\/www.ecommerceupdate.com.br\/ro\/wp-json\/wp\/v2\/product_cat?post=91661"},{"taxonomy":"product_tag","embeddable":true,"href":"https:\/\/www.ecommerceupdate.com.br\/ro\/wp-json\/wp\/v2\/product_tag?post=91661"}],"curies":[{"name":"wp","href":"https:\/\/api.w.org\/{rel}","templated":true}]}}