{"id":91664,"date":"2026-02-07T12:40:16","date_gmt":"2026-02-07T15:40:16","guid":{"rendered":"https:\/\/www.ecommerceupdate.org\/produto\/e-commerce-na-pratica\/"},"modified":"2026-03-13T15:23:55","modified_gmt":"2026-03-13T18:23:55","slug":"e-commerce-na-pratica","status":"publish","type":"product","link":"https:\/\/www.ecommerceupdate.com.br\/ro\/produto\/e-commerce-na-pratica\/","title":{"rendered":"Comer\u021bul electronic \u00een practic\u0103"},"content":{"rendered":"<div class=\"woocommerce-product-details\">\n<h3>Detalii produs<\/h3>\n<ul>\n<li>ASIN: B09W35JWMQ<\/li>\n<li>Editura: Authors Club<\/li>\n<li>Data public\u0103rii: 15 martie 2022<\/li>\n<li>Limba: portugheza<\/li>\n<li>Num\u0103r de pagini: 190 de pagini<\/li>\n<li>Greutatea produsului: 240g<\/li>\n<li>Clasamentul celor mai v\u00e2ndute: nr. 343.633 \u00een c\u0103r\u021bi (\u00cent\u00e2lne\u0219te Top 100 la categoria C\u0103r\u021bi) nr. 18.379 \u00een afaceri, afaceri \u0219i economie (c\u0103r\u021bi)<\/li>\n<li>18,379 \u00een Afaceri, Afaceri \u0219i Economie (C\u0103r\u021bi)<\/li>\n<\/ul><\/div>","protected":false},"excerpt":{"rendered":"<p>Configurarea unui internet store poate fi sansa ta de a avea o afacere grozava si de a concura cu cele mai mari companii de pe piata, acest lucru este posibil datorita usurintei in segmentarea publicului tinta si oferirea exact a ceea ce are nevoie acest grup, aceasta carte este un ghid plin de informatii actualizate despre retail virtual, social media, logistica si tehnologie.<\/p>","protected":false},"featured_media":91664,"comment_status":"open","ping_status":"closed","template":"","meta":[],"product_cat":[1611,1595],"product_tag":[],"class_list":{"0":"post-91664","1":"product","2":"type-product","3":"status-publish","4":"has-post-thumbnail","6":"product_brand-edicao-portugus-por-roberto-de-jesus-oliveira-autor","7":"product_cat-administracao-negocios-e-economia","8":"product_cat-livros","10":"first","11":"instock","12":"shipping-taxable","13":"purchasable","14":"product-type-simple"},"aioseo_notices":[],"_links":{"self":[{"href":"https:\/\/www.ecommerceupdate.com.br\/ro\/wp-json\/wp\/v2\/product\/91664","targetHints":{"allow":["GET"]}}],"collection":[{"href":"https:\/\/www.ecommerceupdate.com.br\/ro\/wp-json\/wp\/v2\/product"}],"about":[{"href":"https:\/\/www.ecommerceupdate.com.br\/ro\/wp-json\/wp\/v2\/types\/product"}],"replies":[{"embeddable":true,"href":"https:\/\/www.ecommerceupdate.com.br\/ro\/wp-json\/wp\/v2\/comments?post=91664"}],"wp:featuredmedia":[{"embeddable":true,"href":"https:\/\/www.ecommerceupdate.com.br\/ro\/wp-json\/wp\/v2\/product\/91664"}],"wp:attachment":[{"href":"https:\/\/www.ecommerceupdate.com.br\/ro\/wp-json\/wp\/v2\/media?parent=91664"}],"wp:term":[{"taxonomy":"product_cat","embeddable":true,"href":"https:\/\/www.ecommerceupdate.com.br\/ro\/wp-json\/wp\/v2\/product_cat?post=91664"},{"taxonomy":"product_tag","embeddable":true,"href":"https:\/\/www.ecommerceupdate.com.br\/ro\/wp-json\/wp\/v2\/product_tag?post=91664"}],"curies":[{"name":"wp","href":"https:\/\/api.w.org\/{rel}","templated":true}]}}