{"id":91671,"date":"2026-02-07T15:26:01","date_gmt":"2026-02-07T18:26:01","guid":{"rendered":"https:\/\/www.ecommerceupdate.org\/produto\/marketing-nas-midias-sociais-um-guia-pratico\/"},"modified":"2026-03-13T15:24:22","modified_gmt":"2026-03-13T18:24:22","slug":"marketing-nas-midias-sociais-um-guia-pratico","status":"publish","type":"product","link":"https:\/\/www.ecommerceupdate.com.br\/ro\/produto\/marketing-nas-midias-sociais-um-guia-pratico\/","title":{"rendered":"Social Media Marketing: un ghid practic"},"content":{"rendered":"<div class=\"woocommerce-product-details\">\n<h3>Detalii produs<\/h3>\n<ul>\n<li>ASIN: B08NTHDBVN<\/li>\n<li>Editura: Opresnik Management Consulting<\/li>\n<li>Accesibilitate: Afla\u021bi mai multe<\/li>\n<li>Data public\u0103rii: 17 noiembrie 2020<\/li>\n<li>Edi\u021bie: 4a<\/li>\n<li>Limba: portugheza<\/li>\n<li>Dimensiunea fi\u0219ierului: 11,7 MB<\/li>\n<li>Cititor de ecran: Compatibil<\/li>\n<li>Configurarea fontului: Activat<\/li>\n<li>Sfaturi pentru vocabular: Nu este activat<\/li>\n<li>Num\u0103r de pagini: 248 pagini<\/li>\n<li>\u00centoarcerea paginii: Activat<\/li>\n<li>Clasamentul celor mai bine v\u00e2ndu\u021bi: nr. 157.519 \u00een Kindle Store (\u00cent\u00e2lne\u0219te Top 100 \u00een categoria Kindle Store) nr. 199 \u00een Web Marketing nr. 685 \u00een Marketing nr. 5.861 \u00een afaceri \u0219i economie<\/li>\n<li>199 \u00cen Web Marketing<\/li>\n<li>685 \u00cen Marketing<\/li>\n<li>5,861 \u00een Afaceri \u0219i Economie<\/li>\n<li>Evalu\u0103ri clien\u021bi: 5,0 5,0 din 5 stele (2)<\/li>\n<\/ul><\/div>","protected":false},"excerpt":{"rendered":"<p>Clasat printre cele mai bune c\u0103r\u021bi de marketing din lume de c\u0103tre BookauthorityComunicarea de marketing trece printr-o revolu\u021bie digital\u0103Popularitatea tot mai mare a blogurilor, podcasting-ului \u0219i re\u021belelor sociale permite clien\u021bilor din \u00eentreaga lume s\u0103-\u0219i transmit\u0103 opiniile despre un produs sau serviciu unui public poten\u021bial de miliardePublicitatea tradi\u021bional\u0103 nu func\u021bioneaz\u0103 la fel de bine ca \u00een trecutAceast\u0103 a patra edi\u021bie complet actualizat\u0103 \u0219i extins\u0103 a acestui ghid, aleas\u0103 de Bookauthority drept una dintre cele mai bune c\u0103r\u021bi de marketing\/publicitate din lume, conduce cititorii prin labirintul de comunit\u0103\u021bi, platforme \u0219i instrumente de social media, astfel \u00eenc\u00e2t s\u0103 poat\u0103 decide mai bine ce instrumente s\u0103 foloseasc\u0103 \u0219i cum s\u0103 le foloseasc\u0103 mai eficient.<br \/>\u2018consiliul Global este cartea care te va ajuta s\u0103 st\u0103p\u00e2ne\u0219ti social media, elementul indispensabil \u00een fiecare program de marketing.\u2019Ries, Chairman, Ries &amp; Ries &amp; Acest ghid ofer\u0103 o imagine de ansamblu solid\u0103 \u0219i succint\u0103 a social media, sfaturi practice pe care marketerii le pot insera \u00een strategiile lor de social media \u0219i pe care cercet\u0103torii le pot folosi pentru a \u00een\u021belege mai bine fenomenele pe care le studiaz\u0103 \u00een contextul social media din lume. Violetta Wilk, Ph.D., Cercet\u0103tor \u0219i Lector \u00een Marketing, Universitatea Edith Cowan, Perth, AustraliaAutoriiSvend Hollensen este, de asemenea, profesor asociat de marketing la Universitatea din Southern Hol.<\/p>","protected":false},"featured_media":91671,"comment_status":"open","ping_status":"closed","template":"","meta":[],"product_cat":[1611,1595,1618],"product_tag":[],"class_list":{"0":"post-91671","1":"product","2":"type-product","3":"status-publish","4":"has-post-thumbnail","6":"product_brand-por-marc-opresnik-autor-philip-kotler-autor-svend-hollensen-autor-0-mais-formato-ebook-kindle","7":"product_cat-administracao-negocios-e-economia","8":"product_cat-livros","9":"product_cat-marketing-e-vendas","11":"first","12":"instock","13":"shipping-taxable","14":"purchasable","15":"product-type-simple"},"aioseo_notices":[],"_links":{"self":[{"href":"https:\/\/www.ecommerceupdate.com.br\/ro\/wp-json\/wp\/v2\/product\/91671","targetHints":{"allow":["GET"]}}],"collection":[{"href":"https:\/\/www.ecommerceupdate.com.br\/ro\/wp-json\/wp\/v2\/product"}],"about":[{"href":"https:\/\/www.ecommerceupdate.com.br\/ro\/wp-json\/wp\/v2\/types\/product"}],"replies":[{"embeddable":true,"href":"https:\/\/www.ecommerceupdate.com.br\/ro\/wp-json\/wp\/v2\/comments?post=91671"}],"wp:featuredmedia":[{"embeddable":true,"href":"https:\/\/www.ecommerceupdate.com.br\/ro\/wp-json\/wp\/v2\/product\/91671"}],"wp:attachment":[{"href":"https:\/\/www.ecommerceupdate.com.br\/ro\/wp-json\/wp\/v2\/media?parent=91671"}],"wp:term":[{"taxonomy":"product_cat","embeddable":true,"href":"https:\/\/www.ecommerceupdate.com.br\/ro\/wp-json\/wp\/v2\/product_cat?post=91671"},{"taxonomy":"product_tag","embeddable":true,"href":"https:\/\/www.ecommerceupdate.com.br\/ro\/wp-json\/wp\/v2\/product_tag?post=91671"}],"curies":[{"name":"wp","href":"https:\/\/api.w.org\/{rel}","templated":true}]}}