{"id":93227,"date":"2026-03-01T09:32:41","date_gmt":"2026-03-01T12:32:41","guid":{"rendered":"https:\/\/www.ecommerceupdate.com.br\/produto\/exepcional-e-commerce-um-guia-pratico-de-como-construir-um-e-commerce-de-sucesso-e-o-que-e-necessario-para-operar-um\/"},"modified":"2026-05-11T09:47:30","modified_gmt":"2026-05-11T12:47:30","slug":"exepcional-e-commerce-um-guia-pratico-de-como-construir-um-e-commerce-de-sucesso-e-o-que-e-necessario-para-operar-um","status":"publish","type":"product","link":"https:\/\/www.ecommerceupdate.com.br\/ro\/produto\/exepcional-e-commerce-um-guia-pratico-de-como-construir-um-e-commerce-de-sucesso-e-o-que-e-necessario-para-operar-um\/","title":{"rendered":"Excep\u021bional e-commerce: Un ghid practic despre cum s\u0103 construi\u021bi un e-commerce de succes \u0219i ce este nevoie pentru a opera unul"},"content":{"rendered":"<div class=\"woocommerce-product-details\"><\/div>","protected":false},"excerpt":{"rendered":"<p>Ob\u021bine\u021bi mai multe v\u00e2nz\u0103ri \u0219i control total asupra magazinului dvs. online urm\u00e2nd un ghid practic care v\u0103 \u00eenva\u021b\u0103 cum s\u0103 construi\u021bi un comer\u021b electronic de succes \u0219i s\u0103 \u00eel opera\u021bi eficient. Acesta aduce pa\u0219i ac\u021bionabili pentru configurare, gestionarea catalogului, strategii de conversie \u0219i automatizare, destinate celor care lucreaz\u0103 \u00een categoria Kindle \u0219i Self-help.Pentru doar R$ 19.37, acest ghid propune tehnici dovedite pentru a transforma ideile \u00een afaceri digitale profitabile \u0219i citi\u021bi mai departe pentru a afla cum s\u0103 aplica\u021bi fiecare pas \u00een afacerea dvs.<\/p>","protected":false},"featured_media":93227,"comment_status":"open","ping_status":"closed","template":"","meta":[],"product_cat":[1627,1608,1607],"product_tag":[2700,2698,2699],"class_list":{"0":"post-93227","1":"product","2":"type-product","3":"status-publish","4":"has-post-thumbnail","5":"product_brand-por-david-morgan-autor-formato-ebook-kindle","6":"product_cat-autoajuda","7":"product_cat-ebooks-kindle","8":"product_cat-loja-kindle","9":"product_tag-como-construir-loja-online-de-sucesso","10":"product_tag-ebook-kindle-guia-pratico-de-e-commerce","11":"product_tag-iniciar-loja-online-passo-a-passo","13":"first","14":"instock","15":"shipping-taxable","16":"purchasable","17":"product-type-simple"},"aioseo_notices":[],"_links":{"self":[{"href":"https:\/\/www.ecommerceupdate.com.br\/ro\/wp-json\/wp\/v2\/product\/93227","targetHints":{"allow":["GET"]}}],"collection":[{"href":"https:\/\/www.ecommerceupdate.com.br\/ro\/wp-json\/wp\/v2\/product"}],"about":[{"href":"https:\/\/www.ecommerceupdate.com.br\/ro\/wp-json\/wp\/v2\/types\/product"}],"replies":[{"embeddable":true,"href":"https:\/\/www.ecommerceupdate.com.br\/ro\/wp-json\/wp\/v2\/comments?post=93227"}],"wp:featuredmedia":[{"embeddable":true,"href":"https:\/\/www.ecommerceupdate.com.br\/ro\/wp-json\/wp\/v2\/product\/93227"}],"wp:attachment":[{"href":"https:\/\/www.ecommerceupdate.com.br\/ro\/wp-json\/wp\/v2\/media?parent=93227"}],"wp:term":[{"taxonomy":"product_cat","embeddable":true,"href":"https:\/\/www.ecommerceupdate.com.br\/ro\/wp-json\/wp\/v2\/product_cat?post=93227"},{"taxonomy":"product_tag","embeddable":true,"href":"https:\/\/www.ecommerceupdate.com.br\/ro\/wp-json\/wp\/v2\/product_tag?post=93227"}],"curies":[{"name":"wp","href":"https:\/\/api.w.org\/{rel}","templated":true}]}}