{"id":93230,"date":"2026-03-01T09:33:00","date_gmt":"2026-03-01T12:33:00","guid":{"rendered":"https:\/\/www.ecommerceupdate.com.br\/produto\/e-commerce-de-sucesso-como-criar-e-desenvolver-lojas-virtuais-que-vendem\/"},"modified":"2026-05-13T10:12:17","modified_gmt":"2026-05-13T13:12:17","slug":"e-commerce-de-sucesso-como-criar-e-desenvolver-lojas-virtuais-que-vendem","status":"publish","type":"product","link":"https:\/\/www.ecommerceupdate.com.br\/ro\/produto\/e-commerce-de-sucesso-como-criar-e-desenvolver-lojas-virtuais-que-vendem\/","title":{"rendered":"Comer\u021b electronic de succes: cum s\u0103 crea\u021bi \u0219i s\u0103 dezvolta\u021bi magazine virtuale care v\u00e2nd"},"content":{"rendered":"<div class=\"woocommerce-product-details\"><\/div>","protected":false},"excerpt":{"rendered":"<p>Cuceri\u021bi clien\u021bii \u0219i cre\u0219te\u021bi-v\u0103 v\u00e2nz\u0103rile cu strategii dovedite pentru a crea \u0219i dezvolta magazine virtuale care v\u00e2nd. cartea, scris\u0103 de autorul Eldes Saullo, aduce pa\u0219i practici de gestionare, achizi\u021bie de trafic \u0219i optimizare a conversiilor.Pentru numai R$ 91.48, acest ghid ofer\u0103 o cale clar\u0103 pentru a transforma vizitatorii \u00een clien\u021bi fideli \u0219i pentru a genera rezultate reale.<\/p>","protected":false},"featured_media":93230,"comment_status":"open","ping_status":"closed","template":"","meta":[],"product_cat":[1611,1613,1595],"product_tag":[2690,2691,2689],"class_list":{"0":"post-93230","1":"product","2":"type-product","3":"status-publish","4":"has-post-thumbnail","5":"product_brand-por-eldes-saullo-autor","6":"product_cat-administracao-negocios-e-economia","7":"product_cat-industrias-e-profissoes","8":"product_cat-livros","9":"product_tag-como-criar-lojas-virtuais-que-vendem","10":"product_tag-estrategias-ecommerce-para-lojistas","11":"product_tag-livro-ecommerce-sucesso-lojas-virtuais","13":"first","14":"instock","15":"shipping-taxable","16":"purchasable","17":"product-type-simple"},"aioseo_notices":[],"_links":{"self":[{"href":"https:\/\/www.ecommerceupdate.com.br\/ro\/wp-json\/wp\/v2\/product\/93230","targetHints":{"allow":["GET"]}}],"collection":[{"href":"https:\/\/www.ecommerceupdate.com.br\/ro\/wp-json\/wp\/v2\/product"}],"about":[{"href":"https:\/\/www.ecommerceupdate.com.br\/ro\/wp-json\/wp\/v2\/types\/product"}],"replies":[{"embeddable":true,"href":"https:\/\/www.ecommerceupdate.com.br\/ro\/wp-json\/wp\/v2\/comments?post=93230"}],"wp:featuredmedia":[{"embeddable":true,"href":"https:\/\/www.ecommerceupdate.com.br\/ro\/wp-json\/wp\/v2\/product\/93230"}],"wp:attachment":[{"href":"https:\/\/www.ecommerceupdate.com.br\/ro\/wp-json\/wp\/v2\/media?parent=93230"}],"wp:term":[{"taxonomy":"product_cat","embeddable":true,"href":"https:\/\/www.ecommerceupdate.com.br\/ro\/wp-json\/wp\/v2\/product_cat?post=93230"},{"taxonomy":"product_tag","embeddable":true,"href":"https:\/\/www.ecommerceupdate.com.br\/ro\/wp-json\/wp\/v2\/product_tag?post=93230"}],"curies":[{"name":"wp","href":"https:\/\/api.w.org\/{rel}","templated":true}]}}