{"id":93393,"date":"2026-03-04T00:27:10","date_gmt":"2026-03-04T03:27:10","guid":{"rendered":"https:\/\/www.ecommerceupdate.com.br\/produto\/inovacao-e-eficiencia-explorando-a-logistica-reversa-no-e-commerce\/"},"modified":"2026-03-13T15:29:13","modified_gmt":"2026-03-13T18:29:13","slug":"inovacao-e-eficiencia-explorando-a-logistica-reversa-no-e-commerce","status":"publish","type":"product","link":"https:\/\/www.ecommerceupdate.com.br\/ro\/produto\/inovacao-e-eficiencia-explorando-a-logistica-reversa-no-e-commerce\/","title":{"rendered":"Inova\u021bie \u0219i eficien\u021b\u0103: explorarea logisticii inverse \u00een comer\u021bul electronic"},"content":{"rendered":"<div class=\"woocommerce-product-details\"><\/div>","protected":false},"excerpt":{"rendered":"<p>Aceast\u0103 lucrare prezint\u0103 principalele teme ale zonei de logistic\u0103 invers\u0103, rela\u021bion\u00e2ndu-le cu activitatea de comer\u021b electronic. Aici sunt tratate subiecte precum: tipuri de logistic\u0103 invers\u0103, Legisla\u021bia de mediu aplicat\u0103 logisticii inverse, logistica invers\u0103 \u0219i comer\u021bul electronic \u0219i multe altele.<\/p>","protected":false},"featured_media":93393,"comment_status":"open","ping_status":"closed","template":"","meta":[],"product_cat":[1611,1621,1595],"product_tag":[],"class_list":{"0":"post-93393","1":"product","2":"type-product","3":"status-publish","4":"has-post-thumbnail","6":"product_brand-por-rodrigo-de-cssio-da-silva-autor","7":"product_cat-administracao-negocios-e-economia","8":"product_cat-gestao-e-lideranca","9":"product_cat-livros","11":"first","12":"instock","13":"sale","14":"shipping-taxable","15":"purchasable","16":"product-type-simple"},"aioseo_notices":[],"_links":{"self":[{"href":"https:\/\/www.ecommerceupdate.com.br\/ro\/wp-json\/wp\/v2\/product\/93393","targetHints":{"allow":["GET"]}}],"collection":[{"href":"https:\/\/www.ecommerceupdate.com.br\/ro\/wp-json\/wp\/v2\/product"}],"about":[{"href":"https:\/\/www.ecommerceupdate.com.br\/ro\/wp-json\/wp\/v2\/types\/product"}],"replies":[{"embeddable":true,"href":"https:\/\/www.ecommerceupdate.com.br\/ro\/wp-json\/wp\/v2\/comments?post=93393"}],"wp:featuredmedia":[{"embeddable":true,"href":"https:\/\/www.ecommerceupdate.com.br\/ro\/wp-json\/wp\/v2\/product\/93393"}],"wp:attachment":[{"href":"https:\/\/www.ecommerceupdate.com.br\/ro\/wp-json\/wp\/v2\/media?parent=93393"}],"wp:term":[{"taxonomy":"product_cat","embeddable":true,"href":"https:\/\/www.ecommerceupdate.com.br\/ro\/wp-json\/wp\/v2\/product_cat?post=93393"},{"taxonomy":"product_tag","embeddable":true,"href":"https:\/\/www.ecommerceupdate.com.br\/ro\/wp-json\/wp\/v2\/product_tag?post=93393"}],"curies":[{"name":"wp","href":"https:\/\/api.w.org\/{rel}","templated":true}]}}