{"id":93414,"date":"2026-03-04T08:47:38","date_gmt":"2026-03-04T11:47:38","guid":{"rendered":"https:\/\/www.ecommerceupdate.com.br\/produto\/especializacao-em-canais-de-distribuicao-e-marketplaces-o-manual-tecnico-definitivo-para-profissionais-que-precisam-escalar-operacoes-complexas-em-canais-de-distribuicao-e-marketplaces\/"},"modified":"2026-05-13T10:16:05","modified_gmt":"2026-05-13T13:16:05","slug":"especializacao-em-canais-de-distribuicao-e-marketplaces-o-manual-tecnico-definitivo-para-profissionais-que-precisam-escalar-operacoes-complexas-em-canais-de-distribuicao-e-marketplaces","status":"publish","type":"product","link":"https:\/\/www.ecommerceupdate.com.br\/ro\/produto\/especializacao-em-canais-de-distribuicao-e-marketplaces-o-manual-tecnico-definitivo-para-profissionais-que-precisam-escalar-operacoes-complexas-em-canais-de-distribuicao-e-marketplaces\/","title":{"rendered":"Specializarea \u00een canale de distribu\u021bie \u0219i pie\u021be: Manualul tehnic definitiv pentru profesioni\u0219tii care trebuie s\u0103 extind\u0103 opera\u021biunile complexe \u00een canalele de distribu\u021bie \u0219i pie\u021be."},"content":{"rendered":"<div class=\"woocommerce-product-details\">\n<h3>Detalii produs<\/h3>\n<ul>\n<li>ASIN: B0G3LKPD13<\/li>\n<li>Accesibilitate: Afla\u021bi mai multe<\/li>\n<li>Data public\u0103rii: 23 noiembrie 2025<\/li>\n<li>Limba: portugheza<\/li>\n<li>Dimensiunea fi\u0219ierului: 4.1 MB<\/li>\n<li>Cititor de ecran: Compatibil<\/li>\n<li>Configurarea fontului: Activat<\/li>\n<li>Sfaturi pentru vocabular: Nu este activat<\/li>\n<li>Num\u0103r de pagini: 489 pagini<\/li>\n<li>\u00centoarcerea paginii: Activat<\/li>\n<li>Clasamentul celor mai bine v\u00e2ndu\u021bi: nr. 434.067 \u00een Kindle Store (\u00cent\u00e2lne\u0219te Top 100 \u00een categoria Kindle Store) nr. 16.089 \u00een Business &amp; Economy<\/li>\n<li>16,089 \u00een Afaceri \u0219i Economie<\/li>\n<\/ul><\/div>","protected":false},"excerpt":{"rendered":"<p>Accelera\u021bi scalabilitatea opera\u021biunilor \u00een Canale de distribu\u021bie \u0219i pie\u021be cu un manual tehnic definitiv care transform\u0103 strategiile \u00een rezultate m\u0103surabile. scris de David Mendes de Araujo, ghidul ofer\u0103 abord\u0103ri practice pentru integrarea canalelor, optimizarea list\u0103rilor \u0219i gestionarea fluxurilor de cerere \u00een structuri complexe. Afla\u021bi cum s\u0103 aplica\u021bi ast\u0103zi, cu formatul Kindle eBook disponibil doar pentru R$ 24.90.<\/p>","protected":false},"featured_media":93414,"comment_status":"open","ping_status":"closed","template":"","meta":[],"product_cat":[1611,1608,1607],"product_tag":[2638,2639,2640],"class_list":{"0":"post-93414","1":"product","2":"type-product","3":"status-publish","4":"has-post-thumbnail","5":"product_brand-por-david-mendes-de-araujo-autor-formato-ebook-kindle","6":"product_cat-administracao-negocios-e-economia","7":"product_cat-ebooks-kindle","8":"product_cat-loja-kindle","9":"product_tag-ebook-kindle-canais-de-distribuicao-marketplaces","10":"product_tag-gestao-de-canais-de-distribuicao-para-marketplaces","11":"product_tag-manual-tecnico-para-escalar-operacoes-em-marketplaces","13":"first","14":"instock","15":"shipping-taxable","16":"purchasable","17":"product-type-simple"},"aioseo_notices":[],"_links":{"self":[{"href":"https:\/\/www.ecommerceupdate.com.br\/ro\/wp-json\/wp\/v2\/product\/93414","targetHints":{"allow":["GET"]}}],"collection":[{"href":"https:\/\/www.ecommerceupdate.com.br\/ro\/wp-json\/wp\/v2\/product"}],"about":[{"href":"https:\/\/www.ecommerceupdate.com.br\/ro\/wp-json\/wp\/v2\/types\/product"}],"replies":[{"embeddable":true,"href":"https:\/\/www.ecommerceupdate.com.br\/ro\/wp-json\/wp\/v2\/comments?post=93414"}],"wp:featuredmedia":[{"embeddable":true,"href":"https:\/\/www.ecommerceupdate.com.br\/ro\/wp-json\/wp\/v2\/product\/93414"}],"wp:attachment":[{"href":"https:\/\/www.ecommerceupdate.com.br\/ro\/wp-json\/wp\/v2\/media?parent=93414"}],"wp:term":[{"taxonomy":"product_cat","embeddable":true,"href":"https:\/\/www.ecommerceupdate.com.br\/ro\/wp-json\/wp\/v2\/product_cat?post=93414"},{"taxonomy":"product_tag","embeddable":true,"href":"https:\/\/www.ecommerceupdate.com.br\/ro\/wp-json\/wp\/v2\/product_tag?post=93414"}],"curies":[{"name":"wp","href":"https:\/\/api.w.org\/{rel}","templated":true}]}}