{"id":93562,"date":"2026-03-04T20:18:44","date_gmt":"2026-03-04T23:18:44","guid":{"rendered":"https:\/\/www.ecommerceupdate.com.br\/produto\/claude-code-for-e-commerce-build-automate-and-scale-sales-in-a-week-english-edition\/"},"modified":"2026-03-13T15:36:29","modified_gmt":"2026-03-13T18:36:29","slug":"claude-code-for-e-commerce-build-automate-and-scale-sales-in-a-week-english-edition","status":"publish","type":"product","link":"https:\/\/www.ecommerceupdate.com.br\/ro\/produto\/claude-code-for-e-commerce-build-automate-and-scale-sales-in-a-week-english-edition\/","title":{"rendered":"Claude Code for E-Commerce: Construi\u021bi, automatiza\u021bi \u0219i scala\u021bi v\u00e2nz\u0103rile \u00eentr-o s\u0103pt\u0103m\u00e2n\u0103 (edi\u021bie \u00een limba englez\u0103)"},"content":{"rendered":"<div class=\"woocommerce-product-details\">\n<h3>Detalii produs<\/h3>\n<ul>\n<li>ASIN: B0GQNK4BY6<\/li>\n<li>Accesibilitate: Afla\u021bi mai multe<\/li>\n<li>Data public\u0103rii: 28 februarie 2026<\/li>\n<li>Limba: engleza<\/li>\n<li>Dimensiunea fi\u0219ierului: 434 KB<\/li>\n<li>Cititor de ecran: Compatibil<\/li>\n<li>Configurarea fontului: Activat<\/li>\n<li>Raze X: Nu este activat<\/li>\n<li>Sfaturi pentru vocabular: activat<\/li>\n<li>Num\u0103r de pagini: 318 pagini<\/li>\n<li>\u00centoarcerea paginii: Activat<\/li>\n<li>Clasamentul celor mai v\u00e2nz\u0103tori: nr. 69.415 \u00een Kindle Store (\u00cent\u00e2lne\u0219te Top 100 \u00een categoria Kindle Store) nr. 21 \u00een Imported Web Marketing nr. 43 \u00een Office Skills Reference Books nr. 72 \u00een Imported Sales &amp; Sellers<\/li>\n<li>21 \u00cen Marketing Web Importat<\/li>\n<li>43 \u00cen C\u0103r\u021bi de referin\u021b\u0103 pentru abilit\u0103\u021bi de birou<\/li>\n<li>72 In Importat pe V\u00e2nz\u0103ri \u0219i V\u00e2nz\u0103tori<\/li>\n<\/ul><\/div>","protected":false},"excerpt":{"rendered":"<p>Construi\u021bi-v\u0103 magazinul de comer\u021b electronic \u00eentr-o s\u0103pt\u0103m\u00e2n\u0103 folosind AI Nu este necesar\u0103 experien\u021ba de codificare Majoritatea proprietarilor petrec luni prin\u0219i \u00een iadul dezvolt\u0103rii, ard\u00e2nd mii de dezvoltatori care e\u0219ueaz\u0103 la mijlocul proiectului sau platforme care \u00eei blocheaz\u0103 \u00een taxe lunare. Aceast\u0103 carte, (proprie mod: folosind Claude Code, instrument AI care func\u021bioneaz\u0103 cod gata de produc\u021bie din englez\u0103 \u0219i, \u00een sf\u00e2r\u0219it, rezultatele indic\u0103 faptul c\u0103 a\u021bi ajuns la nivelul programului, folosind Claude Code, un instrument AI care spune cod gata de produc\u021bie de la simplu, prin instruc\u021biuni \u00een limba englez\u0103.<br \/>io Construi\u021bi pagini de produse, co\u0219uri de cump\u0103r\u0103turi \u0219i fluxuri de cas\u0103 folosind Next.js \u0219i Supabase<br \/>^ Integra\u021bi pl\u0103\u021bile Stripe, secven\u021bele automate de e-mail \u0219i fluxurile de lucru de onorare<br \/>Crea\u021bi recomand\u0103ri de produse bazate pe inteligen\u021b\u0103 artificial\u0103 care cresc valoarea medie a comenzii cu 20-30%<br \/>Implementa\u021bi c\u0103utarea Algolia \u0219i optimizarea SEO pentru o descoperire maxim\u0103<br \/>^construi\u021bi tablouri de bord de administrare pentru gestionarea inventarului, comenzilor \u0219i datelor clien\u021bilor<br \/>2. Angajatorii agen\u021bilor AI pentru serviciul clien\u021bi, reordonarea stocurilor \u0219i stabilirea pre\u021burilorThe Modern E-Commerce Tech Stack: \u00cenv\u0103\u021ba\u021bi s\u0103 utiliza\u021bi Next.js, Supabase, Stripe \u0219i Vercel aceea\u0219i miz\u0103 care alimenteaz\u0103 magazinele de milioane de dolari.Claude Code gestioneaz\u0103 complexitatea tehnic\u0103 \u00een timp ce v\u0103 concentra\u021bi asupra deciziilor de afaceri.Automatizare care v\u0103 scaleaz\u0103 afacerea: construi\u021bi AI gestiona\u021bi \u00eentreb\u0103rile folosind comanda live.<\/p>","protected":false},"featured_media":93562,"comment_status":"open","ping_status":"closed","template":"","meta":[],"product_cat":[1608,1628,1607],"product_tag":[],"class_list":{"0":"post-93562","1":"product","2":"type-product","3":"status-publish","4":"has-post-thumbnail","6":"product_brand-edicao-ingls-por-chris-sullivan-autor-formato-ebook-kindle","7":"product_cat-ebooks-kindle","8":"product_cat-ingles-e-outras-linguas","9":"product_cat-loja-kindle","11":"first","12":"instock","13":"shipping-taxable","14":"purchasable","15":"product-type-simple"},"aioseo_notices":[],"_links":{"self":[{"href":"https:\/\/www.ecommerceupdate.com.br\/ro\/wp-json\/wp\/v2\/product\/93562","targetHints":{"allow":["GET"]}}],"collection":[{"href":"https:\/\/www.ecommerceupdate.com.br\/ro\/wp-json\/wp\/v2\/product"}],"about":[{"href":"https:\/\/www.ecommerceupdate.com.br\/ro\/wp-json\/wp\/v2\/types\/product"}],"replies":[{"embeddable":true,"href":"https:\/\/www.ecommerceupdate.com.br\/ro\/wp-json\/wp\/v2\/comments?post=93562"}],"wp:featuredmedia":[{"embeddable":true,"href":"https:\/\/www.ecommerceupdate.com.br\/ro\/wp-json\/wp\/v2\/product\/93562"}],"wp:attachment":[{"href":"https:\/\/www.ecommerceupdate.com.br\/ro\/wp-json\/wp\/v2\/media?parent=93562"}],"wp:term":[{"taxonomy":"product_cat","embeddable":true,"href":"https:\/\/www.ecommerceupdate.com.br\/ro\/wp-json\/wp\/v2\/product_cat?post=93562"},{"taxonomy":"product_tag","embeddable":true,"href":"https:\/\/www.ecommerceupdate.com.br\/ro\/wp-json\/wp\/v2\/product_tag?post=93562"}],"curies":[{"name":"wp","href":"https:\/\/api.w.org\/{rel}","templated":true}]}}