{"id":93567,"date":"2026-03-04T20:20:46","date_gmt":"2026-03-04T23:20:46","guid":{"rendered":"https:\/\/www.ecommerceupdate.com.br\/produto\/transformando-palavras-em-dinheiro\/"},"modified":"2026-03-06T05:53:27","modified_gmt":"2026-03-06T08:53:27","slug":"transformando-palavras-em-dinheiro","status":"publish","type":"product","link":"https:\/\/www.ecommerceupdate.com.br\/ro\/produto\/transformando-palavras-em-dinheiro\/","title":{"rendered":"Transformarea cuvintelor \u00een bani"},"content":{"rendered":"<div class=\"woocommerce-product-details\">\n<div id=\"aplus_feature_div\" class=\"celwidget\" data-feature-name=\"aplus\" data-csa-c-type=\"widget\" data-csa-c-content-id=\"aplus\" data-csa-c-slot-id=\"aplus_feature_div\" data-csa-c-asin=\"\" data-csa-c-is-in-initial-active-row=\"false\">\n<div id=\"aplus\" class=\"a-section a-spacing-large bucket\">\n<h3 class=\"\">De la editor<\/h3>\n<div lang=\"pt_BR\">\n<div class=\"aplus-v2 desktop celwidget\">\n<div class=\"celwidget aplus-module module-12 aplus-standard\">\n<div class=\"aplus-module-wrapper apm-spacing apm-floatnone apm-fixed-width\">\n<div class=\"apm-sidemodule aplus-module-content\">\n<div class=\"apm-hero-image\"> <img decoding=\"async\" alt=\"img 2\" src=\"https:\/\/m.media-amazon.com\/images\/S\/aplus-media-library-service-media\/4658e758-7cbe-4637-a1ff-34cc95cb8892.__CR0,0,970,300_PT0_SX970_V1___.jpg\" \/> <\/div>\n<\/p>\n<\/div>\n<\/div>\n<\/div>\n<div class=\"celwidget aplus-module module-3 aplus-standard\">\n<div class=\"aplus-module-wrapper apm-floatnone apm-fixed-width\">\n<div class=\"apm-sidemodule apm-spacing\">\n<div class=\"apm-sidemodule-imageright\"> <img decoding=\"async\" alt=\"autor\" src=\"https:\/\/m.media-amazon.com\/images\/S\/aplus-media-library-service-media\/99c0523a-cf47-4673-8543-2136262da1ca.__CR0,0,300,300_PT0_SX300_V1___.jpg\" \/> <\/div>\n<div class=\"apm-sidemodule-textleft\">\n<h3 class=\"a-spacing-mini\"> Autorul <\/h3>\n<p> <span class=\"a-text-bold\">Icarus de Carvalho<\/span> este antreprenor, comunicator \u0219i strateg digital. A fost responsabil pentru marketingul digital al unor proiecte precum Brazil Parallel, The Code of Wealth \u0219i Avenue Securities. Este fondatorul O Novo Mercado, \u0219coala de marketing digital, v\u00e2nz\u0103ri cu cea mai rapid\u0103 cre\u0219tere \u0219i re\u021belele sociale din \u021bar\u0103. A fost creatorul termenului \u201cstage antreprenoriat\u201d \u0219i critic\u0103 solu\u021biile u\u0219oare \u0219i rapide pe care le vedem pe internet. Este c\u0103s\u0103torit cu Anna \u0219i tat\u0103 a trei copii. <\/p>\n<\/p>\n<\/div>\n<\/div>\n<\/div>\n<\/div>\n<div class=\"celwidget aplus-module module-12 aplus-standard\">\n<div class=\"aplus-module-wrapper apm-spacing apm-floatnone apm-fixed-width\">\n<div class=\"apm-sidemodule aplus-module-content\">\n<div class=\"apm-hero-image\"> <img decoding=\"async\" alt=\"img 1\" src=\"https:\/\/m.media-amazon.com\/images\/S\/aplus-media-library-service-media\/669fd07b-f2d2-4441-80bf-26e6b3de4a27.__CR0,0,970,300_PT0_SX970_V1___.jpg\" \/> <\/div>\n<\/p>\n<\/div>\n<\/div>\n<\/div>\n<\/div>\n<\/div>\n<\/div>\n<\/div>\n<h3>Detalii produs<\/h3>\n<ul>\n<li>Editura: Buzz Publisher<\/li>\n<li>Data public\u0103rii: 3 februarie 2020<\/li>\n<li>Edi\u021bie: 1a<\/li>\n<li>Limba: portugheza<\/li>\n<li>Num\u0103r de pagini: 176 pagini<\/li>\n<li>ISBN-10:6580435445<\/li>\n<li>ISBN-13:978-6580435449<\/li>\n<li>Greutatea produsului: 800g<\/li>\n<li>V\u00e2rsta de citire: 14 ani \u0219i peste<\/li>\n<li>Dimensiuni: 22,8 x 15,6 x 1,2 cm<\/li>\n<li>Clasamentul celor mai v\u00e2nz\u0103tori: nr. 36.808 \u00een c\u0103r\u021bi (\u00cent\u00e2lne\u0219te Top 100 \u00een categoria c\u0103r\u021bi) nr. 44 \u00een marketing web nr. 154 \u00een marketing nr. 402 \u00een \u0219tiin\u021ba managementului afacerilor<\/li>\n<li>44 \u00cen Web Marketing<\/li>\n<li>154 \u00cen Marketing<\/li>\n<li>402 \u00cen Business Management Science<\/li>\n<li>Evalu\u0103ri clien\u021bi: 4,6 4,6 din 5 stele (3.579)<\/li>\n<\/ul><\/div>","protected":false},"excerpt":{"rendered":"<p>Copywriting-ul poate fi descris ca abilitatea de a transforma cuvintele in bani.produceti dobanda in loc de publicitate. in fiecare zi suntem impactati de mii de reclame.daca ati accesat retelele sociale astazi, este destul de probabil sa fi vazut zeci dintre ele.va puteti aminti de ultima? aproape nimeni nu poate. continutul este singurul tip de publicitate pe care il produceti tot timpul si clientul inca mai cere. aceasta carte reuneste 42 dintre cele mai bune tehnici de persuasiune, marketing si vanzari testate de Icaro de Carvalho.un adevarat cadou.este un manual pe care il veti gasi cea mai liberala comunicare a voastra, inteligenta si eficienta.<\/p>","protected":false},"featured_media":93567,"comment_status":"open","ping_status":"closed","template":"","meta":[],"product_cat":[1611,1621,1595],"product_tag":[],"class_list":{"0":"post-93567","1":"product","2":"type-product","3":"status-publish","4":"has-post-thumbnail","6":"product_brand-edicao-portugus-por-caro-carvalho-autor","7":"product_cat-administracao-negocios-e-economia","8":"product_cat-gestao-e-lideranca","9":"product_cat-livros","11":"first","12":"instock","13":"sale","14":"shipping-taxable","15":"purchasable","16":"product-type-simple"},"aioseo_notices":[],"_links":{"self":[{"href":"https:\/\/www.ecommerceupdate.com.br\/ro\/wp-json\/wp\/v2\/product\/93567","targetHints":{"allow":["GET"]}}],"collection":[{"href":"https:\/\/www.ecommerceupdate.com.br\/ro\/wp-json\/wp\/v2\/product"}],"about":[{"href":"https:\/\/www.ecommerceupdate.com.br\/ro\/wp-json\/wp\/v2\/types\/product"}],"replies":[{"embeddable":true,"href":"https:\/\/www.ecommerceupdate.com.br\/ro\/wp-json\/wp\/v2\/comments?post=93567"}],"wp:featuredmedia":[{"embeddable":true,"href":"https:\/\/www.ecommerceupdate.com.br\/ro\/wp-json\/wp\/v2\/product\/93567"}],"wp:attachment":[{"href":"https:\/\/www.ecommerceupdate.com.br\/ro\/wp-json\/wp\/v2\/media?parent=93567"}],"wp:term":[{"taxonomy":"product_cat","embeddable":true,"href":"https:\/\/www.ecommerceupdate.com.br\/ro\/wp-json\/wp\/v2\/product_cat?post=93567"},{"taxonomy":"product_tag","embeddable":true,"href":"https:\/\/www.ecommerceupdate.com.br\/ro\/wp-json\/wp\/v2\/product_tag?post=93567"}],"curies":[{"name":"wp","href":"https:\/\/api.w.org\/{rel}","templated":true}]}}