{"id":93626,"date":"2026-03-05T10:47:42","date_gmt":"2026-03-05T13:47:42","guid":{"rendered":"https:\/\/www.ecommerceupdate.com.br\/produto\/chat-commerce-escale-seus-resultados-transformando-conversas-em-vendas-2\/"},"modified":"2026-03-13T15:40:31","modified_gmt":"2026-03-13T18:40:31","slug":"chat-commerce-escale-seus-resultados-transformando-conversas-em-vendas-2","status":"publish","type":"product","link":"https:\/\/www.ecommerceupdate.com.br\/ro\/produto\/chat-commerce-escale-seus-resultados-transformando-conversas-em-vendas-2\/","title":{"rendered":"Comer\u021bul prin chat: scala\u021bi-v\u0103 rezultatele transform\u00e2nd conversa\u021biile \u00een v\u00e2nz\u0103ri"},"content":{"rendered":"<div class=\"woocommerce-product-details\">\n<div id=\"aplus_feature_div\" class=\"celwidget\" data-feature-name=\"aplus\" data-csa-c-type=\"widget\" data-csa-c-content-id=\"aplus\" data-csa-c-slot-id=\"aplus_feature_div\" data-csa-c-asin=\"\" data-csa-c-is-in-initial-active-row=\"false\">\n<div id=\"aplus\" class=\"a-section a-spacing-large bucket\">\n<h3 class=\"\">De la editor<\/h3>\n<div lang=\"pt_BR\">\n<div class=\"aplus-v2 desktop celwidget\">\n<div class=\"celwidget aplus-module 3p-module-b aplus-standard\">\n<div class=\"aplus-module-wrapper aplus-3p-fixed-width\"> <img decoding=\"async\" alt=\"Chat comer\u021b\" src=\"https:\/\/m.media-amazon.com\/images\/S\/aplus-media-library-service-media\/d3d278d5-8445-4a61-ac56-2b25195491b3.__CR0,0,970,600_PT0_SX970_V1___.jpg\" \/> <\/div>\n<\/p>\n<\/div>\n<div class=\"celwidget aplus-module module-12 aplus-standard\">\n<div class=\"aplus-module-wrapper apm-spacing apm-floatnone apm-fixed-width\">\n<div class=\"apm-sidemodule aplus-module-content\">\n<div class=\"apm-hero-image\"> <img decoding=\"async\" alt=\"Chat comer\u021b\" src=\"https:\/\/m.media-amazon.com\/images\/S\/aplus-media-library-service-media\/3855f953-7d5d-4dcf-83ca-9d0648be4209.__CR0,0,970,300_PT0_SX970_V1___.jpg\" \/> <\/div>\n<\/p>\n<\/div>\n<\/div>\n<\/div>\n<div class=\"celwidget aplus-module module-12 aplus-standard\">\n<div class=\"aplus-module-wrapper apm-spacing apm-floatnone apm-fixed-width\">\n<div class=\"apm-sidemodule aplus-module-content\">\n<div class=\"apm-hero-image\"> <img decoding=\"async\" alt=\"Chat comer\u021b\" src=\"https:\/\/m.media-amazon.com\/images\/S\/aplus-media-library-service-media\/96e162c3-c073-4e76-ab93-2411af3999ea.__CR0,0,970,300_PT0_SX970_V1___.jpg\" \/> <\/div>\n<\/p>\n<\/div>\n<\/div>\n<\/div>\n<div class=\"celwidget aplus-module module-12 aplus-standard\">\n<div class=\"aplus-module-wrapper apm-spacing apm-floatnone apm-fixed-width\">\n<div class=\"apm-sidemodule aplus-module-content\">\n<div class=\"apm-hero-image\"> <img decoding=\"async\" alt=\"Chat comer\u021b\" src=\"https:\/\/m.media-amazon.com\/images\/S\/aplus-media-library-service-media\/b99f3a1e-92a8-4d02-ab81-406f7ecd06d0.__CR0,0,970,300_PT0_SX970_V1___.jpg\" \/> <\/div>\n<\/p>\n<\/div>\n<\/div>\n<\/div>\n<\/div>\n<\/div>\n<\/div>\n<\/div>\n<h3>Detalii produs<\/h3>\n<ul>\n<li>ASIN: B0FZDDDLBKG<\/li>\n<li>Editura: Alta Books<\/li>\n<li>Accesibilitate: Afla\u021bi mai multe<\/li>\n<li>Data public\u0103rii: 15 decembrie 2025<\/li>\n<li>Edi\u021bie: 1a<\/li>\n<li>Limba: portugheza<\/li>\n<li>Dimensiunea fi\u0219ierului: 3,5 MB<\/li>\n<li>Cititor de ecran: Compatibil<\/li>\n<li>Configurarea fontului: Activat<\/li>\n<li>Sfaturi pentru vocabular: Nu este activat<\/li>\n<li>Num\u0103r de pagini: 232 pagini<\/li>\n<li>ISBN-13:978-8550828862<\/li>\n<li>\u00centoarcerea paginii: Activat<\/li>\n<li>Clasamentul celor mai bine v\u00e2ndu\u021bi: nr. 376.912 \u00een Kindle Store (\u00cent\u00e2lne\u0219te Top 100 \u00een categoria Kindle Store) nr. 38 \u00een Microsoft nr. 221 \u00een Work Center Culture nr. 228 \u00een software \u0219i tehnologie de calculator<\/li>\n<li>38 \u00cen Microsoft<\/li>\n<li>221 \u00cen Cultura Centrului de Munc\u0103<\/li>\n<li>228 \u00cen Software \u00een Informatic\u0103 \u0219i Tehnologie<\/li>\n<\/ul><\/div>","protected":false},"excerpt":{"rendered":"<p>V\u00e2nzarea online intr\u0103 \u00eentr-o nou\u0103 er\u0103, care se na\u0219te \u00een conversa\u021bie. <\/p>\n<p>\u00ce\u0163i aminte\u015fti sclipirea din ochii unui bun v\u00e2nz\u0103tor?Cel care nu \u00eempinge nimic, dar care \u015ftie c\u0103 a vinde, \u00een ad\u00e2ncul sufletului, este un act de \u00eencredere. <br \/>Acel suflet nu a murit niciodat\u0103, doar \u0219i-a schimbat forma \u00een timp. <br \/>Diferen\u021ba este c\u0103 acum tehnologia a redat brandurilor \u0219ansa de a asculta \u0219i de a r\u0103spunde la scar\u0103, cu apropiere, inteligen\u021b\u0103 \u0219i, mai ales, cu viteza pe care \u0219i-o doresc consumatorii. <br \/>\u00cen digital, \u00een special, aceast\u0103 transformare a fost din ce \u00een ce mai rapid\u0103. <br \/>\u00cen Chat Commerce, prima carte brazilian\u0103 pe acest subiect, Tiago Vailati, un antreprenor care respir\u0103 retail de mul\u021bi ani, de la etajul magazinului p\u00e2n\u0103 la \u00eenalt\u0103 tehnologie, dezv\u0103luie secretul st\u0103p\u00e2nirii acestei noi realit\u0103\u021bi. <br \/>Aceast\u0103 carte s-a n\u0103scut pentru a fi un ghid pentru cei care caut\u0103 s\u0103 \u00een\u021beleag\u0103 logica Chat-ului <br \/>Comer\u0163 \u015fi pune-l \u00een practic\u0103 \u00een afacerea ta. afla aici: <\/p>\n<p>De ce noile genera\u021bii, care sunt deja majoritatea consumatorilor, prefer\u0103 dialogul atunci c\u00e2nd cump\u0103r\u0103. <br \/>Cum poate Metoda CHAT s\u0103 transforme serviciul dvs. \u00eentr-un motor de venituri, combin\u00e2nd Contextul, Umanizarea, Activarea \u0219i Tehnologia. <br \/>Ce fac brandurile de succes pentru a se conecta \u0219i a vinde mai mult, l\u0103s\u00e2nd concuren\u021ba \u00een urm\u0103. <br \/>Preg\u0103te\u0219te-te s\u0103 transformi fiecare conversa\u021bie \u00eentr-o adev\u0103rat\u0103 oportunitate de v\u00e2nzare \u0219i fiecare interac\u021biune \u00eentr-un nou mod de a te conecta cu clientul t\u0103u, deoarece, la sf\u00e2r\u0219itul zilei, m\u0103rcile care \u00een\u021beleg mai \u00eent\u00e2i acest lucru nu numai c\u0103 vor vinde mai mult, ci vor schimba jocul.<\/p>","protected":false},"featured_media":0,"comment_status":"open","ping_status":"closed","template":"","meta":[],"product_cat":[1611,1621,1595],"product_tag":[],"class_list":{"0":"post-93626","1":"product","2":"type-product","3":"status-publish","5":"product_brand-por-tiago-vailati-autor-formato-ebook-kindle","6":"product_cat-administracao-negocios-e-economia","7":"product_cat-gestao-e-lideranca","8":"product_cat-livros","10":"first","11":"instock","12":"sale","13":"shipping-taxable","14":"purchasable","15":"product-type-simple"},"aioseo_notices":[],"_links":{"self":[{"href":"https:\/\/www.ecommerceupdate.com.br\/ro\/wp-json\/wp\/v2\/product\/93626","targetHints":{"allow":["GET"]}}],"collection":[{"href":"https:\/\/www.ecommerceupdate.com.br\/ro\/wp-json\/wp\/v2\/product"}],"about":[{"href":"https:\/\/www.ecommerceupdate.com.br\/ro\/wp-json\/wp\/v2\/types\/product"}],"replies":[{"embeddable":true,"href":"https:\/\/www.ecommerceupdate.com.br\/ro\/wp-json\/wp\/v2\/comments?post=93626"}],"wp:attachment":[{"href":"https:\/\/www.ecommerceupdate.com.br\/ro\/wp-json\/wp\/v2\/media?parent=93626"}],"wp:term":[{"taxonomy":"product_cat","embeddable":true,"href":"https:\/\/www.ecommerceupdate.com.br\/ro\/wp-json\/wp\/v2\/product_cat?post=93626"},{"taxonomy":"product_tag","embeddable":true,"href":"https:\/\/www.ecommerceupdate.com.br\/ro\/wp-json\/wp\/v2\/product_tag?post=93626"}],"curies":[{"name":"wp","href":"https:\/\/api.w.org\/{rel}","templated":true}]}}