{"id":93666,"date":"2026-03-05T14:05:38","date_gmt":"2026-03-05T17:05:38","guid":{"rendered":"https:\/\/www.ecommerceupdate.com.br\/produto\/mercado-livre-como-escalar-anuncios-e-administrar-sua-conta\/"},"modified":"2026-05-09T12:11:19","modified_gmt":"2026-05-09T15:11:19","slug":"mercado-livre-como-escalar-anuncios-e-administrar-sua-conta","status":"publish","type":"product","link":"https:\/\/www.ecommerceupdate.com.br\/ro\/produto\/mercado-livre-como-escalar-anuncios-e-administrar-sua-conta\/","title":{"rendered":"Mercado Livre Cum s\u0103 scala\u021bi anun\u021burile \u0219i s\u0103 v\u0103 gestiona\u021bi contul"},"content":{"rendered":"<div class=\"woocommerce-product-details\">\n<h3>Detalii produs<\/h3>\n<ul>\n<li>ASIN: B0DP7BJ88Y<\/li>\n<li>Accesibilitate: Afla\u021bi mai multe<\/li>\n<li>Data public\u0103rii: 27 noiembrie 2024<\/li>\n<li>Limba: portugheza<\/li>\n<li>Dimensiunea fi\u0219ierului: 4,2 MB<\/li>\n<li>Configurarea fontului: Nu este activat\u0103<\/li>\n<li>Sfaturi pentru vocabular: Nu este activat<\/li>\n<li>Num\u0103r de pagini: 53 de pagini<\/li>\n<li>Format: Replica de imprimare<\/li>\n<li>\u00centoarcerea paginii: Nu este activat\u0103<\/li>\n<li>Clasamentul celor mai bine v\u00e2ndu\u021bi: nr. 522.942 \u00een Kindle Store (\u00cent\u00e2lne\u0219te Top 100 \u00een categoria Kindle Store) nr. 18.273 \u00een afaceri \u0219i economie<\/li>\n<li>18,273 \u00een Afaceri \u0219i Economie<\/li>\n<\/ul><\/div>","protected":false},"excerpt":{"rendered":"<p>Sfaturi infailibile pentru a v\u0103 alimenta anun\u021burile pe pia\u021ba liber\u0103 + Instrumente gratuite pentru a crea imagini de \u00eenalt\u0103 calitate + Instrumente care v\u0103 vor ajuta s\u0103 v\u0103 gestiona\u021bi contul foarte eficient.<\/p>\n<p>\u00cenva\u021b\u0103 de la un expert certificat Icom \u0219i descoper\u0103 strategii \u00eencercate \u0219i testate care \u00ee\u021bi pot transforma rezultatul final!<\/p>\n<p>\u00cen aceast\u0103 carte electronic\u0103 exclusiv\u0103, ve\u021bi \u00eenv\u0103\u021ba:<br \/>.\ufe0f 5 Sfaturi dovedite pentru a v\u0103 optimiza reclamele \u0219i a v\u0103 cre\u0219te v\u00e2nz\u0103rile \u00een Mercado Livre.<br \/>Cum s\u0103 utiliza\u021bi 5 instrumente gratuite pentru a crea imagini profesionale care atrag mai mul\u021bi cump\u0103r\u0103tori.<br \/>.\ufe0f Cum s\u0103 folose\u0219ti 2 instrumente care au costul Super Low \u0219i care vor face toat\u0103 diferen\u021ba \u00een compania ta pentru a lucra pe Pia\u021ba Liber\u0103, doar aceste 2 instrumente valoreaz\u0103 deja aur la fel de mult ca \u0219i ele.<br \/>Un simplu pas cu pas pentru a v\u0103 face anun\u021burile mai atractive \u0219i mai competitive.<\/p>\n<p>Toate acestea la un pre\u021b super mic! Nu rata\u021bi aceast\u0103 ocazie de a v\u0103 \u00eembun\u0103t\u0103\u021bi v\u00e2nz\u0103rile cu cei care au deja experien\u021b\u0103 \u00een Mercado Livre<\/p>","protected":false},"featured_media":93666,"comment_status":"open","ping_status":"closed","template":"","meta":[],"product_cat":[1611,1608,1607],"product_tag":[],"class_list":{"0":"post-93666","1":"product","2":"type-product","3":"status-publish","4":"has-post-thumbnail","5":"product_brand-por-adilson-d-ferreira-autor-formato-ebook-kindle","6":"product_cat-administracao-negocios-e-economia","7":"product_cat-ebooks-kindle","8":"product_cat-loja-kindle","10":"first","11":"instock","12":"shipping-taxable","13":"purchasable","14":"product-type-simple"},"aioseo_notices":[],"_links":{"self":[{"href":"https:\/\/www.ecommerceupdate.com.br\/ro\/wp-json\/wp\/v2\/product\/93666","targetHints":{"allow":["GET"]}}],"collection":[{"href":"https:\/\/www.ecommerceupdate.com.br\/ro\/wp-json\/wp\/v2\/product"}],"about":[{"href":"https:\/\/www.ecommerceupdate.com.br\/ro\/wp-json\/wp\/v2\/types\/product"}],"replies":[{"embeddable":true,"href":"https:\/\/www.ecommerceupdate.com.br\/ro\/wp-json\/wp\/v2\/comments?post=93666"}],"wp:featuredmedia":[{"embeddable":true,"href":"https:\/\/www.ecommerceupdate.com.br\/ro\/wp-json\/wp\/v2\/product\/93666"}],"wp:attachment":[{"href":"https:\/\/www.ecommerceupdate.com.br\/ro\/wp-json\/wp\/v2\/media?parent=93666"}],"wp:term":[{"taxonomy":"product_cat","embeddable":true,"href":"https:\/\/www.ecommerceupdate.com.br\/ro\/wp-json\/wp\/v2\/product_cat?post=93666"},{"taxonomy":"product_tag","embeddable":true,"href":"https:\/\/www.ecommerceupdate.com.br\/ro\/wp-json\/wp\/v2\/product_tag?post=93666"}],"curies":[{"name":"wp","href":"https:\/\/api.w.org\/{rel}","templated":true}]}}