{"id":93856,"date":"2026-03-05T21:55:20","date_gmt":"2026-03-06T00:55:20","guid":{"rendered":"https:\/\/www.ecommerceupdate.com.br\/produto\/varejo-digital-5-0-o-mundo-agora-e-outro\/"},"modified":"2026-03-13T15:46:33","modified_gmt":"2026-03-13T18:46:33","slug":"varejo-digital-5-0-o-mundo-agora-e-outro","status":"publish","type":"product","link":"https:\/\/www.ecommerceupdate.com.br\/ro\/produto\/varejo-digital-5-0-o-mundo-agora-e-outro\/","title":{"rendered":"Digital Retail 5.0: lumea este acum diferit\u0103"},"content":{"rendered":"<div class=\"woocommerce-product-details\">\n<h3>Detalii produs<\/h3>\n<ul>\n<li>Editura: InterSaberes<\/li>\n<li>Data public\u0103rii: 28 martie 2022<\/li>\n<li>Edi\u021bie: 1a<\/li>\n<li>Limba: portugheza<\/li>\n<li>Num\u0103r de pagini: 170 pagini<\/li>\n<li>ISBN-10:6555172487<\/li>\n<li>ISBN-13:978-6555172485<\/li>\n<li>Greutatea produsului: 220g<\/li>\n<li>Dimensiuni: 14 x 0,9 x 21 cm<\/li>\n<li>Clasamentul celor mai v\u00e2ndu\u021bi: nr. 332.489 \u00een c\u0103r\u021bi (\u00cent\u00e2lne\u0219te Top 100 la categoria c\u0103r\u021bi) nr. 2.973 \u00een industrii \u0219i profesii<\/li>\n<li>2.973 \u00een Industrii \u0219i Profesii<\/li>\n<li>Evalu\u0103ri clien\u021bi: 5,0 5,0 din 5 stele (2)<\/li>\n<\/ul><\/div>","protected":false},"excerpt":{"rendered":"<p>Segmentul de retail digital este unul dintre cele cu cea mai rapid\u0103 cre\u0219tere din \u021bara noastr\u0103 \u0219i asta \u00een mare parte pentru c\u0103 aici nu exist\u0103 doar o singur\u0103 companie dominant\u0103, ci multe dintre ele, de la mare la mic, care extinde acest univers, oferind multe oportunit\u0103\u021bi. Privind acest moment, aceast\u0103 lucrare discut\u0103 despre retail 5.0, prezent\u00e2nd cititorului toat\u0103 transformarea digital\u0103 care a avut loc \u00een acest sector \u00een ultimii ani, \u00een principal datorit\u0103 dezvolt\u0103rii tehnologice \u0219i noilor modele de afaceri. explora\u021bi \u00eempreun\u0103 cu noi aceast\u0103 nou\u0103 lume digital\u0103, care se reinventeaz\u0103 \u00een fiecare zi.<\/p>","protected":false},"featured_media":93856,"comment_status":"open","ping_status":"closed","template":"","meta":[],"product_cat":[1611,1613,1595],"product_tag":[],"class_list":{"0":"post-93856","1":"product","2":"type-product","3":"status-publish","4":"has-post-thumbnail","6":"product_brand-edicao-portugus-por-elizeu-barroso-alves-autor-shirlei-miranda-de-camargo-autor-vivian-ariane-barausse-de-moura-autor-0-mais","7":"product_cat-administracao-negocios-e-economia","8":"product_cat-industrias-e-profissoes","9":"product_cat-livros","11":"first","12":"instock","13":"sale","14":"shipping-taxable","15":"purchasable","16":"product-type-simple"},"aioseo_notices":[],"_links":{"self":[{"href":"https:\/\/www.ecommerceupdate.com.br\/ro\/wp-json\/wp\/v2\/product\/93856","targetHints":{"allow":["GET"]}}],"collection":[{"href":"https:\/\/www.ecommerceupdate.com.br\/ro\/wp-json\/wp\/v2\/product"}],"about":[{"href":"https:\/\/www.ecommerceupdate.com.br\/ro\/wp-json\/wp\/v2\/types\/product"}],"replies":[{"embeddable":true,"href":"https:\/\/www.ecommerceupdate.com.br\/ro\/wp-json\/wp\/v2\/comments?post=93856"}],"wp:featuredmedia":[{"embeddable":true,"href":"https:\/\/www.ecommerceupdate.com.br\/ro\/wp-json\/wp\/v2\/product\/93856"}],"wp:attachment":[{"href":"https:\/\/www.ecommerceupdate.com.br\/ro\/wp-json\/wp\/v2\/media?parent=93856"}],"wp:term":[{"taxonomy":"product_cat","embeddable":true,"href":"https:\/\/www.ecommerceupdate.com.br\/ro\/wp-json\/wp\/v2\/product_cat?post=93856"},{"taxonomy":"product_tag","embeddable":true,"href":"https:\/\/www.ecommerceupdate.com.br\/ro\/wp-json\/wp\/v2\/product_tag?post=93856"}],"curies":[{"name":"wp","href":"https:\/\/api.w.org\/{rel}","templated":true}]}}